{"id":5641,"date":"2023-02-08T16:54:07","date_gmt":"2023-02-08T16:54:07","guid":{"rendered":"https:\/\/ariamedicalgroup.com\/?page_id=5641"},"modified":"2023-02-09T12:02:28","modified_gmt":"2023-02-09T12:02:28","slug":"cruiga-estetica-espana","status":"publish","type":"page","link":"https:\/\/ariamedicalgroup.com\/es\/cruiga-estetica-espana","title":{"rendered":"Cirug\u00eda Est\u00e9tica Espana"},"content":{"rendered":"<body>\t\t<div data-elementor-type=\"wp-page\" data-elementor-id=\"5641\" class=\"elementor elementor-5641\">\n\t\t\t\t\t\t<section class=\"elementor-section elementor-top-section elementor-element elementor-element-949b687 elementor-section-boxed elementor-section-height-default elementor-section-height-default qodef-elementor-content-no\" data-id=\"949b687\" data-element_type=\"section\" data-e-type=\"section\">\n\t\t\t\t\t\t<div class=\"elementor-container elementor-column-gap-default\">\n\t\t\t\t\t<div class=\"elementor-column elementor-col-100 elementor-top-column elementor-element elementor-element-b6e2a6e\" data-id=\"b6e2a6e\" data-element_type=\"column\" data-e-type=\"column\">\n\t\t\t<div class=\"elementor-widget-wrap elementor-element-populated\">\n\t\t\t\t\t\t<div class=\"elementor-element elementor-element-e183d57 elementor-widget elementor-widget-qi_addons_for_elementor_section_title\" data-id=\"e183d57\" data-element_type=\"widget\" data-e-type=\"widget\" data-widget_type=\"qi_addons_for_elementor_section_title.default\">\n\t\t\t\t<div class=\"elementor-widget-container\">\n\t\t\t\t\t<div class=\"qodef-shortcode qodef-m qodef-qi-section-title qodef-decoration--italic qodef-link--underline-draw qodef-subtitle-icon--left\">\n\t\t\t\t\t\t<h2 class=\"qodef-m-title\">\n\t\tCirug\u00eda Est\u00e9tica\t<\/h2>\n\t\t\t<div class=\"qodef-m-text\">Cirug\u00eda est\u00e9tica ofrece los procedimientos m\u00e9dicos m\u00e1s creativos y art\u00edsticos, permiti\u00e9ndole darse cuenta de su verdadera belleza personal. Una decisi\u00f3n tan importante debe estar respaldada por una experiencia muy personal, una en la que el profesionalismo, la atenci\u00f3n y el apoyo se unifiquen y se centren en usted. Descubrir\u00e1 esto en Aria Medical Group. Entonces, si est\u00e1 considerando una cirug\u00eda est\u00e9tica, cont\u00e1ctenos para descubrir m\u00e1s sobre nuestro enfoque totalmente centrado en el paciente. Juntos estaremos a su lado en todo momento, desde su primera consulta privada hasta su atenci\u00f3n posterior dedicada.<\/div>\n\t<\/div>\n\t\t\t\t<\/div>\n\t\t\t\t<\/div>\n\t\t\t\t\t<\/div>\n\t\t<\/div>\n\t\t\t\t\t<\/div>\n\t\t<\/section>\n\t\t\t\t<section class=\"elementor-section elementor-top-section elementor-element elementor-element-2d46a61 elementor-section-boxed elementor-section-height-default elementor-section-height-default qodef-elementor-content-no\" data-id=\"2d46a61\" data-element_type=\"section\" data-e-type=\"section\">\n\t\t\t\t\t\t\t<div class=\"elementor-background-overlay\"><\/div>\n\t\t\t\t\t\t\t<div class=\"elementor-container elementor-column-gap-default\">\n\t\t\t\t\t<div class=\"elementor-column elementor-col-50 elementor-top-column elementor-element elementor-element-8cc3079\" data-id=\"8cc3079\" data-element_type=\"column\" data-e-type=\"column\">\n\t\t\t<div class=\"elementor-widget-wrap elementor-element-populated\">\n\t\t\t\t\t\t<div class=\"elementor-element elementor-element-364520f elementor-widget elementor-widget-image\" data-id=\"364520f\" data-element_type=\"widget\" data-e-type=\"widget\" data-widget_type=\"image.default\">\n\t\t\t\t<div class=\"elementor-widget-container\">\n\t\t\t\t\t\t\t\t\t\t\t\t\t\t\t<img decoding=\"async\" src=\"http:\/\/dev.solar-internet.com\/wp-content\/uploads\/2022\/12\/breast-augmentation-ok2.jpg\" title=\"\" alt=\"\" loading=\"lazy\">\t\t\t\t\t\t\t\t\t\t\t\t\t\t\t<\/div>\n\t\t\t\t<\/div>\n\t\t\t\t\t<\/div>\n\t\t<\/div>\n\t\t\t\t<div class=\"elementor-column elementor-col-50 elementor-top-column elementor-element elementor-element-81bc985\" data-id=\"81bc985\" data-element_type=\"column\" data-e-type=\"column\">\n\t\t\t<div class=\"elementor-widget-wrap elementor-element-populated\">\n\t\t\t\t\t\t<div class=\"elementor-element elementor-element-10da614 elementor-widget elementor-widget-text-editor\" data-id=\"10da614\" data-element_type=\"widget\" data-e-type=\"widget\" data-widget_type=\"text-editor.default\">\n\t\t\t\t<div class=\"elementor-widget-container\">\n\t\t\t\t\t\t\t\t\t<ul>\n \t<li><a href=\"\/es\/breast-augmentation\">Aumento de pechos<\/a><\/li>\n \t<li><a href=\"\/es\/elevacion-pechos\">Elevaci\u00f3n de pechos<\/a><\/li>\n \t<li><a href=\"\/es\/reduccion-pechos\">Reducci\u00f3n de pechos<\/a><\/li>\n \t<li><a href=\"\/es\/abdominoplastia\">Abdominoplastia<\/a><\/li>\n \t<li><a href=\"\/es\/liposuccion\">Liposucci\u00f3n<\/a><\/li>\n \t<li><a href=\"\/es\/cirugia-de-parpados\">Cirug\u00eda de p\u00e1rpados<\/a><\/li>\n \t<li><a href=\"\/es\/elevacion-de-muslos\">Elevaci\u00f3n de Muslos<\/a><\/li>\n \t<li><a href=\"\/es\/rinoplastia\">Rinoplastia<\/a><\/li>\n \t<li><a href=\"\/es\/lifting-de-cara-y-cuello\">Elevaci\u00f3n de Cara y Cuello<\/a><\/li>\n \t<li><a href=\"\/es\/otoplastia\">Otoplastia<\/a><\/li>\n \t<li><a href=\"\/es\/gynaecomastia\">Ginecomastia<\/a><\/li>\n \t<li><a href=\"\/free-aftercare\/\">Asistenica Post Operatoria Gratuita<\/a><\/li>\n<\/ul>\t\t\t\t\t\t\t\t<\/div>\n\t\t\t\t<\/div>\n\t\t\t\t\t<\/div>\n\t\t<\/div>\n\t\t\t\t\t<\/div>\n\t\t<\/section>\n\t\t\t\t<section class=\"elementor-section elementor-top-section elementor-element elementor-element-3d3d3e9 elementor-section-boxed elementor-section-height-default elementor-section-height-default qodef-elementor-content-no\" data-id=\"3d3d3e9\" data-element_type=\"section\" data-e-type=\"section\">\n\t\t\t\t\t\t<div class=\"elementor-container elementor-column-gap-default\">\n\t\t\t\t\t<div class=\"elementor-column elementor-col-100 elementor-top-column elementor-element elementor-element-aa58f98\" data-id=\"aa58f98\" data-element_type=\"column\" data-e-type=\"column\">\n\t\t\t<div class=\"elementor-widget-wrap elementor-element-populated\">\n\t\t\t\t\t\t<div class=\"elementor-element elementor-element-5ffbaf4 elementor-widget elementor-widget-qi_addons_for_elementor_section_title\" data-id=\"5ffbaf4\" data-element_type=\"widget\" data-e-type=\"widget\" data-widget_type=\"qi_addons_for_elementor_section_title.default\">\n\t\t\t\t<div class=\"elementor-widget-container\">\n\t\t\t\t\t<div class=\"qodef-shortcode qodef-m qodef-qi-section-title qodef-decoration--italic qodef-link--underline-draw qodef-subtitle-icon--left\">\n\t\t\t\t<h5 class=\"qodef-m-subtitle\">\n\t\tLA CONSULTA\t\t\t<\/h5>\n\t\t\t\t\t<div class=\"qodef-m-text\">Durante su consulta, el Dr. Vricella te informar\u00e1 detalladamente sobre el tratamiento en el que est\u00e1s interesada\/o. Revisar\u00e1 tu historial m\u00e9dico y seguidamente te har\u00e1 un completo examen m\u00e9dico. El Doctor resolver\u00e1 tus inquietudes y concretar\u00e1 tus expectativas. Cont\u00e1ctanos ahora y reserva tu consulta privada gratuita.<\/div>\n\t<\/div>\n\t\t\t\t<\/div>\n\t\t\t\t<\/div>\n\t\t\t\t\t<\/div>\n\t\t<\/div>\n\t\t\t\t\t<\/div>\n\t\t<\/section>\n\t\t\t\t<section class=\"elementor-section elementor-top-section elementor-element elementor-element-54888ea elementor-section-boxed elementor-section-height-default elementor-section-height-default qodef-elementor-content-no\" data-id=\"54888ea\" data-element_type=\"section\" data-e-type=\"section\">\n\t\t\t\t\t\t<div class=\"elementor-container elementor-column-gap-default\">\n\t\t\t\t\t<div class=\"elementor-column elementor-col-100 elementor-top-column elementor-element elementor-element-1d47b35\" data-id=\"1d47b35\" data-element_type=\"column\" data-e-type=\"column\">\n\t\t\t<div class=\"elementor-widget-wrap\">\n\t\t\t\t\t\t\t<\/div>\n\t\t<\/div>\n\t\t\t\t\t<\/div>\n\t\t<\/section>\n\t\t\t\t<section class=\"elementor-section elementor-top-section elementor-element elementor-element-75cee44 elementor-section-boxed elementor-section-height-default elementor-section-height-default qodef-elementor-content-no\" data-id=\"75cee44\" data-element_type=\"section\" data-e-type=\"section\">\n\t\t\t\t\t\t\t<div class=\"elementor-background-overlay\"><\/div>\n\t\t\t\t\t\t\t<div class=\"elementor-container elementor-column-gap-default\">\n\t\t\t\t\t<div class=\"elementor-column elementor-col-100 elementor-top-column elementor-element elementor-element-f947e95\" data-id=\"f947e95\" data-element_type=\"column\" data-e-type=\"column\">\n\t\t\t<div class=\"elementor-widget-wrap elementor-element-populated\">\n\t\t\t\t\t\t<div class=\"elementor-element elementor-element-16b5584 elementor-widget elementor-widget-wp-widget-touchup_core_contact_form_7\" data-id=\"16b5584\" data-element_type=\"widget\" data-e-type=\"widget\" data-settings='{\"_animation\":\"none\",\"_animation_delay\":900}' data-widget_type=\"wp-widget-touchup_core_contact_form_7.default\">\n\t\t\t\t<div class=\"elementor-widget-container\">\n\t\t\t\t\t\t\t\t<div class=\"qodef-contact-form-7\">\n\t\t\t\t\n<div class=\"wpcf7 no-js\" id=\"wpcf7-f5618-o1\" lang=\"en-US\" dir=\"ltr\" data-wpcf7-id=\"5618\">\n<div class=\"screen-reader-response\"><p role=\"status\" aria-live=\"polite\" aria-atomic=\"true\"><\/p> <ul><\/ul><\/div>\n<form action=\"\/es\/wp-json\/wp\/v2\/pages\/5641#wpcf7-f5618-o1\" method=\"post\" class=\"wpcf7-form init\" aria-label=\"Contact form\" novalidate=\"novalidate\" data-status=\"init\">\n<fieldset class=\"hidden-fields-container\"><input type=\"hidden\" name=\"_wpcf7\" value=\"5618\"><input type=\"hidden\" name=\"_wpcf7_version\" value=\"6.1.5\"><input type=\"hidden\" name=\"_wpcf7_locale\" value=\"en_US\"><input type=\"hidden\" name=\"_wpcf7_unit_tag\" value=\"wpcf7-f5618-o1\"><input type=\"hidden\" name=\"_wpcf7_container_post\" value=\"0\"><input type=\"hidden\" name=\"_wpcf7_posted_data_hash\" value=\"\">\n<\/fieldset>\n<p class=\"form\">Nombre<span class=\"wpcf7-form-control-wrap\" data-name=\"your-name\"><input size=\"40\" maxlength=\"400\" class=\"wpcf7-form-control wpcf7-text wpcf7-validates-as-required\" aria-required=\"true\" aria-invalid=\"false\" placeholder=\"\" value=\"\" type=\"text\" name=\"your-name\"><\/span> <\/p>\n\n\n<p class=\"form\">Email<span class=\"wpcf7-form-control-wrap\" data-name=\"your-email\"><input size=\"40\" maxlength=\"400\" class=\"wpcf7-form-control wpcf7-email wpcf7-validates-as-required wpcf7-text wpcf7-validates-as-email\" aria-required=\"true\" aria-invalid=\"false\" placeholder=\"\" value=\"\" type=\"email\" name=\"your-email\"><\/span> <\/p>\n\n\n<p class=\"form\">Su N\u00famero de Tel\u00e9fono<span class=\"wpcf7-form-control-wrap\" data-name=\"your-subject\"><input size=\"40\" maxlength=\"400\" class=\"wpcf7-form-control wpcf7-text wpcf7-validates-as-required\" aria-required=\"true\" aria-invalid=\"false\" placeholder=\"\" value=\"\" type=\"text\" name=\"your-subject\"><\/span><\/p>\n\n<p class=\"form\">\u00bfQue Clinica?\n<span class=\"wpcf7-form-control-wrap\" data-name=\"checkbox-357\"><span class=\"wpcf7-form-control wpcf7-checkbox\"><span class=\"wpcf7-list-item first\"><label><input type=\"checkbox\" name=\"checkbox-357[]\" value=\"Madrid\"><span class=\"wpcf7-list-item-label\">Madrid<\/span><\/label><\/span><span class=\"wpcf7-list-item\"><label><input type=\"checkbox\" name=\"checkbox-357[]\" value=\"Marbella\"><span class=\"wpcf7-list-item-label\">Marbella<\/span><\/label><\/span><span class=\"wpcf7-list-item last\"><label><input type=\"checkbox\" name=\"checkbox-357[]\" value=\"Gibraltar\"><span class=\"wpcf7-list-item-label\">Gibraltar<\/span><\/label><\/span><\/span><\/span><\/p>\n\n<p class=\"form\">\u00bfQu\u00e9 tr\u00e1mite te interesa?<span class=\"wpcf7-form-control-wrap\" data-name=\"textarea-876\"><textarea cols=\"40\" rows=\"10\" maxlength=\"2000\" class=\"wpcf7-form-control wpcf7-textarea\" aria-invalid=\"false\" placeholder=\"\" name=\"textarea-876\"><\/textarea><\/span><\/p>\n\n<button class=\"wpcf7-form-control wpcf7-submit qodef-button qodef-size--normal qodef-type--filled qodef-m\" type=\"submit\"><span class=\"qodef-m-text\">Enviar<\/span><\/button><div class=\"wpcf7-response-output\" aria-hidden=\"true\"><\/div>\n<\/form>\n<\/div>\n\t\t\t<\/div>\n\t\t\t\t\t\t\t<\/div>\n\t\t\t\t<\/div>\n\t\t\t\t\t<\/div>\n\t\t<\/div>\n\t\t\t\t\t<\/div>\n\t\t<\/section>\n\t\t\t\t<\/div>\n\t\t<\/body>","protected":false},"excerpt":{"rendered":"<p>Cirug\u00eda Est\u00e9tica Cirug\u00eda est\u00e9tica ofrece los procedimientos m\u00e9dicos m\u00e1s creativos y art\u00edsticos, permiti\u00e9ndole darse cuenta de su verdadera belleza personal. Una decisi\u00f3n tan importante debe estar respaldada por una experiencia muy personal, una en la que el profesionalismo, la atenci\u00f3n y el apoyo se unifiquen y se centren en usted. Descubrir\u00e1 esto en Aria Medical [&hellip;]<\/p>\n","protected":false},"author":1,"featured_media":0,"parent":0,"menu_order":2,"comment_status":"closed","ping_status":"closed","template":"","meta":{"footnotes":""},"class_list":["post-5641","page","type-page","status-publish","hentry"],"yoast_head":"<!-- This site is optimized with the Yoast SEO plugin v27.5 - https:\/\/yoast.com\/product\/yoast-seo-wordpress\/ -->\n<title>Cirug\u00eda Est\u00e9tica Espana - Aria<\/title>\n<meta name=\"robots\" content=\"noindex, follow, max-snippet:-1, max-image-preview:large, max-video-preview:-1\" \/>\n<meta property=\"og:locale\" content=\"es_ES\" \/>\n<meta property=\"og:type\" content=\"article\" \/>\n<meta property=\"og:title\" content=\"Cirug\u00eda Est\u00e9tica Espana - Aria\" \/>\n<meta property=\"og:description\" content=\"Cirug\u00eda Est\u00e9tica Cirug\u00eda est\u00e9tica ofrece los procedimientos m\u00e9dicos m\u00e1s creativos y art\u00edsticos, permiti\u00e9ndole darse cuenta de su verdadera belleza personal. Una decisi\u00f3n tan importante debe estar respaldada por una experiencia muy personal, una en la que el profesionalismo, la atenci\u00f3n y el apoyo se unifiquen y se centren en usted. Descubrir\u00e1 esto en Aria Medical [&hellip;]\" \/>\n<meta property=\"og:url\" content=\"https:\/\/ariamedicalgroup.com\/es\/cruiga-estetica-espana\" \/>\n<meta property=\"og:site_name\" content=\"Aria\" \/>\n<meta property=\"article:modified_time\" content=\"2023-02-09T12:02:28+00:00\" \/>\n<meta property=\"og:image\" content=\"http:\/\/dev.solar-internet.com\/wp-content\/uploads\/2022\/12\/breast-augmentation-ok2.jpg\" \/>\n<meta name=\"twitter:card\" content=\"summary_large_image\" \/>\n<meta name=\"twitter:label1\" content=\"Tiempo de lectura\" \/>\n\t<meta name=\"twitter:data1\" content=\"1 minuto\" \/>\n<script type=\"application\/ld+json\" class=\"yoast-schema-graph\">{\"@context\":\"https:\\\/\\\/schema.org\",\"@graph\":[{\"@type\":\"WebPage\",\"@id\":\"https:\\\/\\\/ariamedicalgroup.com\\\/es\\\/cruiga-estetica-espana\",\"url\":\"https:\\\/\\\/ariamedicalgroup.com\\\/es\\\/cruiga-estetica-espana\",\"name\":\"Cirug\u00eda Est\u00e9tica Espana - Aria\",\"isPartOf\":{\"@id\":\"https:\\\/\\\/ariamedicalgroup.com\\\/es#website\"},\"primaryImageOfPage\":{\"@id\":\"https:\\\/\\\/ariamedicalgroup.com\\\/es\\\/cruiga-estetica-espana#primaryimage\"},\"image\":{\"@id\":\"https:\\\/\\\/ariamedicalgroup.com\\\/es\\\/cruiga-estetica-espana#primaryimage\"},\"thumbnailUrl\":\"http:\\\/\\\/dev.solar-internet.com\\\/wp-content\\\/uploads\\\/2022\\\/12\\\/breast-augmentation-ok2.jpg\",\"datePublished\":\"2023-02-08T16:54:07+00:00\",\"dateModified\":\"2023-02-09T12:02:28+00:00\",\"breadcrumb\":{\"@id\":\"https:\\\/\\\/ariamedicalgroup.com\\\/es\\\/cruiga-estetica-espana#breadcrumb\"},\"inLanguage\":\"es\",\"potentialAction\":[{\"@type\":\"ReadAction\",\"target\":[\"https:\\\/\\\/ariamedicalgroup.com\\\/es\\\/cruiga-estetica-espana\"]}]},{\"@type\":\"ImageObject\",\"inLanguage\":\"es\",\"@id\":\"https:\\\/\\\/ariamedicalgroup.com\\\/es\\\/cruiga-estetica-espana#primaryimage\",\"url\":\"http:\\\/\\\/dev.solar-internet.com\\\/wp-content\\\/uploads\\\/2022\\\/12\\\/breast-augmentation-ok2.jpg\",\"contentUrl\":\"http:\\\/\\\/dev.solar-internet.com\\\/wp-content\\\/uploads\\\/2022\\\/12\\\/breast-augmentation-ok2.jpg\"},{\"@type\":\"BreadcrumbList\",\"@id\":\"https:\\\/\\\/ariamedicalgroup.com\\\/es\\\/cruiga-estetica-espana#breadcrumb\",\"itemListElement\":[{\"@type\":\"ListItem\",\"position\":1,\"name\":\"Home\",\"item\":\"https:\\\/\\\/ariamedicalgroup.com\\\/es\"},{\"@type\":\"ListItem\",\"position\":2,\"name\":\"Cirug\u00eda Est\u00e9tica Espana\"}]},{\"@type\":\"WebSite\",\"@id\":\"https:\\\/\\\/ariamedicalgroup.com\\\/es#website\",\"url\":\"https:\\\/\\\/ariamedicalgroup.com\\\/es\",\"name\":\"Aria\",\"description\":\"My WordPress Blog\",\"potentialAction\":[{\"@type\":\"SearchAction\",\"target\":{\"@type\":\"EntryPoint\",\"urlTemplate\":\"https:\\\/\\\/ariamedicalgroup.com\\\/es?s={search_term_string}\"},\"query-input\":{\"@type\":\"PropertyValueSpecification\",\"valueRequired\":true,\"valueName\":\"search_term_string\"}}],\"inLanguage\":\"es\"}]}<\/script>\n<!-- \/ Yoast SEO plugin. -->","yoast_head_json":{"title":"Cirug\u00eda Est\u00e9tica Espana - Aria","robots":{"index":"noindex","follow":"follow","max-snippet":"max-snippet:-1","max-image-preview":"max-image-preview:large","max-video-preview":"max-video-preview:-1"},"og_locale":"es_ES","og_type":"article","og_title":"Cirug\u00eda Est\u00e9tica Espana - Aria","og_description":"Cirug\u00eda Est\u00e9tica Cirug\u00eda est\u00e9tica ofrece los procedimientos m\u00e9dicos m\u00e1s creativos y art\u00edsticos, permiti\u00e9ndole darse cuenta de su verdadera belleza personal. Una decisi\u00f3n tan importante debe estar respaldada por una experiencia muy personal, una en la que el profesionalismo, la atenci\u00f3n y el apoyo se unifiquen y se centren en usted. Descubrir\u00e1 esto en Aria Medical [&hellip;]","og_url":"https:\/\/ariamedicalgroup.com\/es\/cruiga-estetica-espana","og_site_name":"Aria","article_modified_time":"2023-02-09T12:02:28+00:00","og_image":[{"url":"http:\/\/dev.solar-internet.com\/wp-content\/uploads\/2022\/12\/breast-augmentation-ok2.jpg","type":"","width":"","height":""}],"twitter_card":"summary_large_image","twitter_misc":{"Tiempo de lectura":"1 minuto"},"schema":{"@context":"https:\/\/schema.org","@graph":[{"@type":"WebPage","@id":"https:\/\/ariamedicalgroup.com\/es\/cruiga-estetica-espana","url":"https:\/\/ariamedicalgroup.com\/es\/cruiga-estetica-espana","name":"Cirug\u00eda Est\u00e9tica Espana - Aria","isPartOf":{"@id":"https:\/\/ariamedicalgroup.com\/es#website"},"primaryImageOfPage":{"@id":"https:\/\/ariamedicalgroup.com\/es\/cruiga-estetica-espana#primaryimage"},"image":{"@id":"https:\/\/ariamedicalgroup.com\/es\/cruiga-estetica-espana#primaryimage"},"thumbnailUrl":"http:\/\/dev.solar-internet.com\/wp-content\/uploads\/2022\/12\/breast-augmentation-ok2.jpg","datePublished":"2023-02-08T16:54:07+00:00","dateModified":"2023-02-09T12:02:28+00:00","breadcrumb":{"@id":"https:\/\/ariamedicalgroup.com\/es\/cruiga-estetica-espana#breadcrumb"},"inLanguage":"es","potentialAction":[{"@type":"ReadAction","target":["https:\/\/ariamedicalgroup.com\/es\/cruiga-estetica-espana"]}]},{"@type":"ImageObject","inLanguage":"es","@id":"https:\/\/ariamedicalgroup.com\/es\/cruiga-estetica-espana#primaryimage","url":"http:\/\/dev.solar-internet.com\/wp-content\/uploads\/2022\/12\/breast-augmentation-ok2.jpg","contentUrl":"http:\/\/dev.solar-internet.com\/wp-content\/uploads\/2022\/12\/breast-augmentation-ok2.jpg"},{"@type":"BreadcrumbList","@id":"https:\/\/ariamedicalgroup.com\/es\/cruiga-estetica-espana#breadcrumb","itemListElement":[{"@type":"ListItem","position":1,"name":"Home","item":"https:\/\/ariamedicalgroup.com\/es"},{"@type":"ListItem","position":2,"name":"Cirug\u00eda Est\u00e9tica Espana"}]},{"@type":"WebSite","@id":"https:\/\/ariamedicalgroup.com\/es#website","url":"https:\/\/ariamedicalgroup.com\/es","name":"Aria","description":"My WordPress Blog","potentialAction":[{"@type":"SearchAction","target":{"@type":"EntryPoint","urlTemplate":"https:\/\/ariamedicalgroup.com\/es?s={search_term_string}"},"query-input":{"@type":"PropertyValueSpecification","valueRequired":true,"valueName":"search_term_string"}}],"inLanguage":"es"}]}},"_links":{"self":[{"href":"https:\/\/ariamedicalgroup.com\/es\/wp-json\/wp\/v2\/pages\/5641","targetHints":{"allow":["GET"]}}],"collection":[{"href":"https:\/\/ariamedicalgroup.com\/es\/wp-json\/wp\/v2\/pages"}],"about":[{"href":"https:\/\/ariamedicalgroup.com\/es\/wp-json\/wp\/v2\/types\/page"}],"author":[{"embeddable":true,"href":"https:\/\/ariamedicalgroup.com\/es\/wp-json\/wp\/v2\/users\/1"}],"replies":[{"embeddable":true,"href":"https:\/\/ariamedicalgroup.com\/es\/wp-json\/wp\/v2\/comments?post=5641"}],"version-history":[{"count":13,"href":"https:\/\/ariamedicalgroup.com\/es\/wp-json\/wp\/v2\/pages\/5641\/revisions"}],"predecessor-version":[{"id":5803,"href":"https:\/\/ariamedicalgroup.com\/es\/wp-json\/wp\/v2\/pages\/5641\/revisions\/5803"}],"wp:attachment":[{"href":"https:\/\/ariamedicalgroup.com\/es\/wp-json\/wp\/v2\/media?parent=5641"}],"curies":[{"name":"wp","href":"https:\/\/api.w.org\/{rel}","templated":true}]}}