{"id":5684,"date":"2023-02-08T18:17:06","date_gmt":"2023-02-08T18:17:06","guid":{"rendered":"https:\/\/ariamedicalgroup.com\/?page_id=5684"},"modified":"2025-03-04T07:36:28","modified_gmt":"2025-03-04T07:36:28","slug":"reduccion-pechos","status":"publish","type":"page","link":"https:\/\/ariamedicalgroup.com\/es\/reduccion-pechos","title":{"rendered":"Reducci\u00f3n de pechos"},"content":{"rendered":"<body>\t\t<div data-elementor-type=\"wp-page\" data-elementor-id=\"5684\" class=\"elementor elementor-5684\">\n\t\t\t\t\t\t<section class=\"elementor-section elementor-top-section elementor-element elementor-element-e260dee elementor-section-boxed elementor-section-height-default elementor-section-height-default qodef-elementor-content-no\" data-id=\"e260dee\" data-element_type=\"section\" data-e-type=\"section\">\n\t\t\t\t\t\t<div class=\"elementor-container elementor-column-gap-default\">\n\t\t\t\t\t<div class=\"elementor-column elementor-col-100 elementor-top-column elementor-element elementor-element-db7e372\" data-id=\"db7e372\" data-element_type=\"column\" data-e-type=\"column\">\n\t\t\t<div class=\"elementor-widget-wrap elementor-element-populated\">\n\t\t\t\t\t\t<div class=\"elementor-element elementor-element-8bc2f85 elementor-widget elementor-widget-image\" data-id=\"8bc2f85\" data-element_type=\"widget\" data-e-type=\"widget\" data-widget_type=\"image.default\">\n\t\t\t\t<div class=\"elementor-widget-container\">\n\t\t\t\t\t\t\t\t\t\t\t\t\t\t\t<img decoding=\"async\" src=\"http:\/\/dev.solar-internet.com\/wp-content\/uploads\/2022\/12\/breast-reduction-ok2.jpg\" title=\"\" alt=\"\" loading=\"lazy\">\t\t\t\t\t\t\t\t\t\t\t\t\t\t\t<\/div>\n\t\t\t\t<\/div>\n\t\t\t\t<div class=\"elementor-element elementor-element-a1f9f71 elementor-widget elementor-widget-qi_addons_for_elementor_section_title\" data-id=\"a1f9f71\" data-element_type=\"widget\" data-e-type=\"widget\" data-widget_type=\"qi_addons_for_elementor_section_title.default\">\n\t\t\t\t<div class=\"elementor-widget-container\">\n\t\t\t\t\t<div class=\"qodef-shortcode qodef-m qodef-qi-section-title qodef-decoration--italic qodef-link--underline-draw qodef-subtitle-icon--left\">\n\t\t\t\t\t\t<h2 class=\"qodef-m-title\">\n\t\tReducci\u00f3n de Pechos\t<\/h2>\n\t\t\t<div class=\"qodef-m-text\"><p>La mamoplastia o reducci\u00f3n de pechos, es una cirug\u00eda que permite obtener unos pechos m\u00e1s peque\u00f1os, firmes y proporcionados con la anatom\u00eda de la paciente. Aunque habitualmente se realiza como una mejora est\u00e9tica, tambi\u00e9n permite aliviar problemas f\u00edsicos. Un pecho con excesivo volumen puede interferir en muchas actividades y causar molestias importantes, cargando la columna vertebral y los hombros.<\/p><p>La intervenci\u00f3n se realiza bajo anestesia general y tiene una duraci\u00f3n de entre dos y cuatro horas. El cirujano elimina el exceso de piel, grasa y tejido mamario de la paciente, re colocando la areola y el pez\u00f3n en su nueva posici\u00f3n. Para moldear las mamas, darles una forma armoniosa acorde con la anatom\u00eda de la paciente, se realizan unas incisiones, generalmente en forma de ancla. Trazando una l\u00ednea vertical hacia abajo desde la aureola, que pueden variar seg\u00fan el tama\u00f1o y la forma de las mamas. Todas prev\u00e9n unas cicatrices al rededor de la areola y una vertical hasta el surco mamario. En caso de mamas muy grandes pueden ser en forma de L o de T invertida.<\/p><p>En casos de mamas de tama\u00f1o muy grande y sobretodo muy ca\u00eddas hay una peque\u00f1a posibilidad que se tenga que realizar un trasplante areolar. Si las areolas antes de la cirug\u00eda tienen un tama\u00f1o excesivo siempre se consigue reducir su tama\u00f1o a uno mas apropiado. En la mayor\u00eda de los casos la sensibilidad de los pezones se mantiene, aunque podr\u00eda cambiar la sensibilidad de la areola, que en la mayor parte de los casos despu\u00e9s de un tiempo vuelve a la normalidad. Despu\u00e9s de la primera semana de recuperaci\u00f3n en casa, la paciente puede volver a su rutina habitual, siempre teniendo en cuenta no hacer ejercicio antes de las 3-4 semanas. En general, el nivel de satisfacci\u00f3n de las pacientes operadas es alt\u00edsimo, no solo desde el punto de vista est\u00e9tico sino tambi\u00e9n por la mejora de su calidad de vida.<\/p><\/div>\n\t<\/div>\n\t\t\t\t<\/div>\n\t\t\t\t<\/div>\n\t\t\t\t<div class=\"elementor-element elementor-element-d952fce elementor-widget elementor-widget-qi_addons_for_elementor_section_title\" data-id=\"d952fce\" data-element_type=\"widget\" data-e-type=\"widget\" data-widget_type=\"qi_addons_for_elementor_section_title.default\">\n\t\t\t\t<div class=\"elementor-widget-container\">\n\t\t\t\t\t<div class=\"qodef-shortcode qodef-m qodef-qi-section-title qodef-decoration--italic qodef-link--underline-draw qodef-subtitle-icon--left\">\n\t\t\t\t<h5 class=\"qodef-m-subtitle\">\n\t\tRecomendaci\u00f3n del Doctor\t\t\t<\/h5>\n\t\t\t\t\t<div class=\"qodef-m-text\"><p>Adem\u00e1s de la finalidad est\u00e9tica, la mamoplastia de reducci\u00f3n corrige tambi\u00e9n un problema f\u00edsico, ya que a muchas mujeres el exceso de volumen mamario les causa molestias como dolor de espalda, cervicales, interfiere en sus actividades cotidianas, e incluso problemas psicol\u00f3gicos que llegan a afectar a las relaciones personales. Si se es fumadora, se recomienda dejar de fumar cuatro semanas antes y cuatro semanas despu\u00e9s de la operaci\u00f3n ya que el tabaco incide negativamente en la cicatrizaci\u00f3n. Se recomienda realizar la operaci\u00f3n cuando el pecho se haya desarrollado completamente, aunque excepcionalmente se puede intervenir antes si los problemas f\u00edsicos son muy graves.<\/p><\/div>\n\t<\/div>\n\t\t\t\t<\/div>\n\t\t\t\t<\/div>\n\t\t\t\t<div class=\"elementor-element elementor-element-86abc1b elementor-widget elementor-widget-video\" data-id=\"86abc1b\" data-element_type=\"widget\" data-e-type=\"widget\" data-settings='{\"video_type\":\"vimeo\"}' data-widget_type=\"video.default\">\n\t\t\t\t<div class=\"elementor-widget-container\">\n\t\t\t\t\t\t\t<div class=\"elementor-wrapper elementor-open-inline\">\n\t\t\t<iframe class=\"elementor-video-iframe\" allowfullscreen allow=\"clipboard-write\" title=\"Reproductor de v\u00eddeo youtube\" src=\"https:\/\/www.youtube.com\/embed\/HaxAqXVi468?feature=oembed&amp;color&amp;autopause=0&amp;loop=0&amp;muted=0&amp;title=1&amp;portrait=1&amp;byline=1\"><\/iframe>\t\t<\/div>\n\t\t\t\t\t\t<\/div>\n\t\t\t\t<\/div>\n\t\t\t\t<div class=\"elementor-element elementor-element-3ce9700 elementor-widget elementor-widget-qi_addons_for_elementor_section_title\" data-id=\"3ce9700\" data-element_type=\"widget\" data-e-type=\"widget\" data-widget_type=\"qi_addons_for_elementor_section_title.default\">\n\t\t\t\t<div class=\"elementor-widget-container\">\n\t\t\t\t\t<div class=\"qodef-shortcode qodef-m qodef-qi-section-title qodef-decoration--italic qodef-link--underline-draw qodef-subtitle-icon--left\">\n\t\t\t\t<h5 class=\"qodef-m-subtitle\">\n\t\tResultados\t\t\t<\/h5>\n\t\t\t\t\t<div class=\"qodef-m-text\"><p>La mamoplastia de reducci\u00f3n permite mejorar la est\u00e9tica del pecho y se percibe inmediatamente el alivio por el exceso de peso, dejando de sentir dolor de espalda y cuello al disminuir el volumen excesivo de la mama, descargando el peso de la columna vertebral y los hombros. Los beneficios est\u00e9ticos tambi\u00e9n se observan inmediatamente tras la intervenci\u00f3n.\u2028\u2028La paciente permanece ingresada 24 horas por t\u00e9rmino medio y llevar\u00e1 un vendaje compresivo que ser\u00e1 retirado a la semana, para sustituirlo por un sujetador especial. Los puntos se retiran a partir de la primera semana y las posibles molestias se controlan con la medicaci\u00f3n prescrita por el cirujano. Normalmente, en una o dos semanas se puede llevar una vida normal evitando realizar esfuerzos f\u00edsicos bruscos.<\/p><\/div>\n\t<\/div>\n\t\t\t\t<\/div>\n\t\t\t\t<\/div>\n\t\t\t\t<div class=\"elementor-element elementor-element-a6a5d1e elementor-widget elementor-widget-image\" data-id=\"a6a5d1e\" data-element_type=\"widget\" data-e-type=\"widget\" data-widget_type=\"image.default\">\n\t\t\t\t<div class=\"elementor-widget-container\">\n\t\t\t\t\t\t\t\t\t\t\t\t\t\t\t<img decoding=\"async\" src=\"http:\/\/dev.solar-internet.com\/wp-content\/uploads\/2022\/12\/reduction-hidden.png\" title=\"\" alt=\"\" loading=\"lazy\">\t\t\t\t\t\t\t\t\t\t\t\t\t\t\t<\/div>\n\t\t\t\t<\/div>\n\t\t\t\t<div class=\"elementor-element elementor-element-aa641ae elementor-widget elementor-widget-qi_addons_for_elementor_faq\" data-id=\"aa641ae\" data-element_type=\"widget\" data-e-type=\"widget\" data-widget_type=\"qi_addons_for_elementor_faq.default\">\n\t\t\t\t<div class=\"elementor-widget-container\">\n\t\t\t\t\t<div class=\"qodef-shortcode qodef-m qodef-qi-faq qodef-qi-clear qodef-behavior--none qodef-layout--simple qodef-style--standard\">\n\t<h3 class=\"qodef-e-title-holder\">\n\t<span class=\"qodef-e-title\">\n\t\t\t\t\u00bfCu\u00e1ndo se puede volver a la vida normal?\t<\/span>\n\t<\/h3>\n<div class=\"qodef-e-content\">\n\t<div class=\"qodef-e-content-inner\">\n\t\tSi su trabajo no conlleva un esfuerzo f\u00edsico excesivo generalmente se puede volver al trabajo a la semana. Si por el contrario su trabajo requiere un esfuerzo f\u00edsico importante puede ser necesaria una baja de 2 semanas. Se tiene que llevar puesto un sujetador especial durante 4 semanas y Los pocos puntos de suturas externos se quitan entre 7 y 14 d\u00edas. Se puede volver hacer deporte a partir de las 4 semanas y Durante los primeros 14 d\u00edas es necesario evitar las relaciones sexuales para evitar que se puedan da\u00f1ar las heridas.\t<\/div>\n<\/div>\n<h3 class=\"qodef-e-title-holder\">\n\t<span class=\"qodef-e-title\">\n\t\t\t\t\u00bfC\u00f3mo hay que dormir tras la operaci\u00f3n de mamoplastia de reducci\u00f3n?\t<\/span>\n\t<\/h3>\n<div class=\"qodef-e-content\">\n\t<div class=\"qodef-e-content-inner\">\n\t\t<p>Durante m\u00ednimo 4 semanas no se puede dormir boca abajo y a partir de la tercera semana si no molesta es posible empezar a dormir de ladol. Durante las primeras 4 semanas es indispensable dormir con un sujetador especial<\/p>\t<\/div>\n<\/div>\n<h3 class=\"qodef-e-title-holder\">\n\t<span class=\"qodef-e-title\">\n\t\t\t\t\u00bfExisten riesgos espec\u00edficos a la operaci\u00f3n de reducci\u00f3n de pecho?\t<\/span>\n\t<\/h3>\n<div class=\"qodef-e-content\">\n\t<div class=\"qodef-e-content-inner\">\n\t\t<p>Aunque el \u00edndice de complicaci\u00f3n de esta intervenci\u00f3n es bajo, los riesgos asociados m\u00e1s importantes que pudieran darse son: una mala cicatrizaci\u00f3n, la p\u00e9rdida temporal o definitiva de la sensibilidad en el pez\u00f3n, una peque\u00f1a abertura de la herida que se cierra en poco tiempo, peque\u00f1as asimetr\u00edas de forma y tama\u00f1o y disminuci\u00f3n de la capacidad de lactancia. El proceso de atenuaci\u00f3n de las cicatrices puede durar un a\u00f1o hasta que las cicatrices vayan blanque\u00e1ndose y disimul\u00e1ndose completamente.<\/p>\t<\/div>\n<\/div>\n<\/div>\n\t<script type=\"application\/ld+json\">{\"@context\":\"https:\\\/\\\/schema.org\",\"@type\":\"FAQPage\",\"mainEntity\":[{\"@type\":\"Question\",\"name\":\"\\u00bfCu\\u00e1ndo se puede volver a la vida normal?\",\"acceptedAnswer\":{\"@type\":\"Answer\",\"text\":\"Si su trabajo no conlleva un esfuerzo f\\u00edsico excesivo generalmente se puede volver al trabajo a la semana. Si por el contrario su trabajo requiere un esfuerzo f\\u00edsico importante puede ser necesaria una baja de 2 semanas. Se tiene que llevar puesto un sujetador especial durante 4 semanas y Los pocos puntos de suturas externos se quitan entre 7 y 14 d\\u00edas. Se puede volver hacer deporte a partir de las 4 semanas y Durante los primeros 14 d\\u00edas es necesario evitar las relaciones sexuales para evitar que se puedan da\\u00f1ar las heridas.\"}},{\"@type\":\"Question\",\"name\":\"\\u00bfC\\u00f3mo hay que dormir tras la operaci\\u00f3n de mamoplastia de reducci\\u00f3n?\",\"acceptedAnswer\":{\"@type\":\"Answer\",\"text\":\"<p>Durante m\\u00ednimo 4 semanas no se puede dormir boca abajo y a partir de la tercera semana si no molesta es posible empezar a dormir de ladol. Durante las primeras 4 semanas es indispensable dormir con un sujetador especial<\\\/p>\"}},{\"@type\":\"Question\",\"name\":\"\\u00bfExisten riesgos espec\\u00edficos a la operaci\\u00f3n de reducci\\u00f3n de pecho?\",\"acceptedAnswer\":{\"@type\":\"Answer\",\"text\":\"<p>Aunque el \\u00edndice de complicaci\\u00f3n de esta intervenci\\u00f3n es bajo, los riesgos asociados m\\u00e1s importantes que pudieran darse son: una mala cicatrizaci\\u00f3n, la p\\u00e9rdida temporal o definitiva de la sensibilidad en el pez\\u00f3n, una peque\\u00f1a abertura de la herida que se cierra en poco tiempo, peque\\u00f1as asimetr\\u00edas de forma y tama\\u00f1o y disminuci\\u00f3n de la capacidad de lactancia. El proceso de atenuaci\\u00f3n de las cicatrices puede durar un a\\u00f1o hasta que las cicatrices vayan blanque\\u00e1ndose y disimul\\u00e1ndose completamente.<\\\/p>\"}}]}<\/script>\n\t\t\t\t<\/div>\n\t\t\t\t<\/div>\n\t\t\t\t<div class=\"elementor-element elementor-element-de23374 elementor-widget elementor-widget-qi_addons_for_elementor_section_title\" data-id=\"de23374\" data-element_type=\"widget\" data-e-type=\"widget\" data-widget_type=\"qi_addons_for_elementor_section_title.default\">\n\t\t\t\t<div class=\"elementor-widget-container\">\n\t\t\t\t\t<div class=\"qodef-shortcode qodef-m qodef-qi-section-title qodef-decoration--italic qodef-link--underline-draw qodef-subtitle-icon--left\">\n\t\t\t\t\t\t\t\t<div class=\"qodef-m-text\">If you have any questions please get in touch using the form or call for us: +34 671 639 353 for Marbella &amp; Gibraltar or +34 652 321 683 for Madrid\n\n<\/div>\n\t<\/div>\n\t\t\t\t<\/div>\n\t\t\t\t<\/div>\n\t\t\t\t\t<\/div>\n\t\t<\/div>\n\t\t\t\t\t<\/div>\n\t\t<\/section>\n\t\t\t\t<section class=\"elementor-section elementor-top-section elementor-element elementor-element-5f153d77 elementor-section-boxed elementor-section-height-default elementor-section-height-default qodef-elementor-content-no\" data-id=\"5f153d77\" data-element_type=\"section\" data-e-type=\"section\">\n\t\t\t\t\t\t<div class=\"elementor-container elementor-column-gap-default\">\n\t\t\t\t\t<div class=\"elementor-column elementor-col-100 elementor-top-column elementor-element elementor-element-4d08fabb\" data-id=\"4d08fabb\" data-element_type=\"column\" data-e-type=\"column\">\n\t\t\t<div class=\"elementor-widget-wrap elementor-element-populated\">\n\t\t\t\t\t\t<div class=\"elementor-element elementor-element-534d759 elementor-widget elementor-widget-wp-widget-touchup_core_contact_form_7\" data-id=\"534d759\" data-element_type=\"widget\" data-e-type=\"widget\" data-settings='{\"_animation\":\"none\",\"_animation_delay\":900}' data-widget_type=\"wp-widget-touchup_core_contact_form_7.default\">\n\t\t\t\t<div class=\"elementor-widget-container\">\n\t\t\t\t\t\t\t\t<div class=\"qodef-contact-form-7\">\n\t\t\t\t\n<div class=\"wpcf7 no-js\" id=\"wpcf7-f5618-o1\" lang=\"en-US\" dir=\"ltr\" data-wpcf7-id=\"5618\">\n<div class=\"screen-reader-response\"><p role=\"status\" aria-live=\"polite\" aria-atomic=\"true\"><\/p> <ul><\/ul><\/div>\n<form action=\"\/es\/wp-json\/wp\/v2\/pages\/5684#wpcf7-f5618-o1\" method=\"post\" class=\"wpcf7-form init\" aria-label=\"Contact form\" novalidate=\"novalidate\" data-status=\"init\">\n<fieldset class=\"hidden-fields-container\"><input type=\"hidden\" name=\"_wpcf7\" value=\"5618\"><input type=\"hidden\" name=\"_wpcf7_version\" value=\"6.1.5\"><input type=\"hidden\" name=\"_wpcf7_locale\" value=\"en_US\"><input type=\"hidden\" name=\"_wpcf7_unit_tag\" value=\"wpcf7-f5618-o1\"><input type=\"hidden\" name=\"_wpcf7_container_post\" value=\"0\"><input type=\"hidden\" name=\"_wpcf7_posted_data_hash\" value=\"\">\n<\/fieldset>\n<p class=\"form\">Nombre<span class=\"wpcf7-form-control-wrap\" data-name=\"your-name\"><input size=\"40\" maxlength=\"400\" class=\"wpcf7-form-control wpcf7-text wpcf7-validates-as-required\" aria-required=\"true\" aria-invalid=\"false\" placeholder=\"\" value=\"\" type=\"text\" name=\"your-name\"><\/span> <\/p>\n\n\n<p class=\"form\">Email<span class=\"wpcf7-form-control-wrap\" data-name=\"your-email\"><input size=\"40\" maxlength=\"400\" class=\"wpcf7-form-control wpcf7-email wpcf7-validates-as-required wpcf7-text wpcf7-validates-as-email\" aria-required=\"true\" aria-invalid=\"false\" placeholder=\"\" value=\"\" type=\"email\" name=\"your-email\"><\/span> <\/p>\n\n\n<p class=\"form\">Su N\u00famero de Tel\u00e9fono<span class=\"wpcf7-form-control-wrap\" data-name=\"your-subject\"><input size=\"40\" maxlength=\"400\" class=\"wpcf7-form-control wpcf7-text wpcf7-validates-as-required\" aria-required=\"true\" aria-invalid=\"false\" placeholder=\"\" value=\"\" type=\"text\" name=\"your-subject\"><\/span><\/p>\n\n<p class=\"form\">\u00bfQue Clinica?\n<span class=\"wpcf7-form-control-wrap\" data-name=\"checkbox-357\"><span class=\"wpcf7-form-control wpcf7-checkbox\"><span class=\"wpcf7-list-item first\"><label><input type=\"checkbox\" name=\"checkbox-357[]\" value=\"Madrid\"><span class=\"wpcf7-list-item-label\">Madrid<\/span><\/label><\/span><span class=\"wpcf7-list-item\"><label><input type=\"checkbox\" name=\"checkbox-357[]\" value=\"Marbella\"><span class=\"wpcf7-list-item-label\">Marbella<\/span><\/label><\/span><span class=\"wpcf7-list-item last\"><label><input type=\"checkbox\" name=\"checkbox-357[]\" value=\"Gibraltar\"><span class=\"wpcf7-list-item-label\">Gibraltar<\/span><\/label><\/span><\/span><\/span><\/p>\n\n<p class=\"form\">\u00bfQu\u00e9 tr\u00e1mite te interesa?<span class=\"wpcf7-form-control-wrap\" data-name=\"textarea-876\"><textarea cols=\"40\" rows=\"10\" maxlength=\"2000\" class=\"wpcf7-form-control wpcf7-textarea\" aria-invalid=\"false\" placeholder=\"\" name=\"textarea-876\"><\/textarea><\/span><\/p>\n\n<button class=\"wpcf7-form-control wpcf7-submit qodef-button qodef-size--normal qodef-type--filled qodef-m\" type=\"submit\"><span class=\"qodef-m-text\">Enviar<\/span><\/button><div class=\"wpcf7-response-output\" aria-hidden=\"true\"><\/div>\n<\/form>\n<\/div>\n\t\t\t<\/div>\n\t\t\t\t\t\t\t<\/div>\n\t\t\t\t<\/div>\n\t\t\t\t\t<\/div>\n\t\t<\/div>\n\t\t\t\t\t<\/div>\n\t\t<\/section>\n\t\t\t\t<\/div>\n\t\t<\/body>","protected":false},"excerpt":{"rendered":"<p>Reducci\u00f3n de Pechos La mamoplastia o reducci\u00f3n de pechos, es una cirug\u00eda que permite obtener unos pechos m\u00e1s peque\u00f1os, firmes y proporcionados con la anatom\u00eda de la paciente. Aunque habitualmente se realiza como una mejora est\u00e9tica, tambi\u00e9n permite aliviar problemas f\u00edsicos. Un pecho con excesivo volumen puede interferir en muchas actividades y causar molestias importantes, [&hellip;]<\/p>\n","protected":false},"author":1,"featured_media":0,"parent":0,"menu_order":3,"comment_status":"closed","ping_status":"closed","template":"page-full-width.php","meta":{"footnotes":""},"class_list":["post-5684","page","type-page","status-publish","hentry"],"yoast_head":"<!-- This site is optimized with the Yoast SEO plugin v27.5 - https:\/\/yoast.com\/product\/yoast-seo-wordpress\/ -->\n<title>Reducci\u00f3n de pechos - Aria<\/title>\n<meta name=\"robots\" content=\"noindex, follow, max-snippet:-1, max-image-preview:large, max-video-preview:-1\" \/>\n<meta property=\"og:locale\" content=\"es_ES\" \/>\n<meta property=\"og:type\" content=\"article\" \/>\n<meta property=\"og:title\" content=\"Reducci\u00f3n de pechos - Aria\" \/>\n<meta property=\"og:description\" content=\"Reducci\u00f3n de Pechos La mamoplastia o reducci\u00f3n de pechos, es una cirug\u00eda que permite obtener unos pechos m\u00e1s peque\u00f1os, firmes y proporcionados con la anatom\u00eda de la paciente. Aunque habitualmente se realiza como una mejora est\u00e9tica, tambi\u00e9n permite aliviar problemas f\u00edsicos. Un pecho con excesivo volumen puede interferir en muchas actividades y causar molestias importantes, [&hellip;]\" \/>\n<meta property=\"og:url\" content=\"https:\/\/ariamedicalgroup.com\/es\/reduccion-pechos\" \/>\n<meta property=\"og:site_name\" content=\"Aria\" \/>\n<meta property=\"article:modified_time\" content=\"2025-03-04T07:36:28+00:00\" \/>\n<meta property=\"og:image\" content=\"http:\/\/dev.solar-internet.com\/wp-content\/uploads\/2022\/12\/breast-reduction-ok2.jpg\" \/>\n<meta name=\"twitter:card\" content=\"summary_large_image\" \/>\n<meta name=\"twitter:label1\" content=\"Tiempo de lectura\" \/>\n\t<meta name=\"twitter:data1\" content=\"5 minutos\" \/>\n<script type=\"application\/ld+json\" class=\"yoast-schema-graph\">{\"@context\":\"https:\\\/\\\/schema.org\",\"@graph\":[{\"@type\":\"WebPage\",\"@id\":\"https:\\\/\\\/ariamedicalgroup.com\\\/es\\\/reduccion-pechos\",\"url\":\"https:\\\/\\\/ariamedicalgroup.com\\\/es\\\/reduccion-pechos\",\"name\":\"Reducci\u00f3n de pechos - Aria\",\"isPartOf\":{\"@id\":\"https:\\\/\\\/ariamedicalgroup.com\\\/es#website\"},\"primaryImageOfPage\":{\"@id\":\"https:\\\/\\\/ariamedicalgroup.com\\\/es\\\/reduccion-pechos#primaryimage\"},\"image\":{\"@id\":\"https:\\\/\\\/ariamedicalgroup.com\\\/es\\\/reduccion-pechos#primaryimage\"},\"thumbnailUrl\":\"http:\\\/\\\/dev.solar-internet.com\\\/wp-content\\\/uploads\\\/2022\\\/12\\\/breast-reduction-ok2.jpg\",\"datePublished\":\"2023-02-08T18:17:06+00:00\",\"dateModified\":\"2025-03-04T07:36:28+00:00\",\"breadcrumb\":{\"@id\":\"https:\\\/\\\/ariamedicalgroup.com\\\/es\\\/reduccion-pechos#breadcrumb\"},\"inLanguage\":\"es\",\"potentialAction\":[{\"@type\":\"ReadAction\",\"target\":[\"https:\\\/\\\/ariamedicalgroup.com\\\/es\\\/reduccion-pechos\"]}]},{\"@type\":\"ImageObject\",\"inLanguage\":\"es\",\"@id\":\"https:\\\/\\\/ariamedicalgroup.com\\\/es\\\/reduccion-pechos#primaryimage\",\"url\":\"http:\\\/\\\/dev.solar-internet.com\\\/wp-content\\\/uploads\\\/2022\\\/12\\\/breast-reduction-ok2.jpg\",\"contentUrl\":\"http:\\\/\\\/dev.solar-internet.com\\\/wp-content\\\/uploads\\\/2022\\\/12\\\/breast-reduction-ok2.jpg\"},{\"@type\":\"BreadcrumbList\",\"@id\":\"https:\\\/\\\/ariamedicalgroup.com\\\/es\\\/reduccion-pechos#breadcrumb\",\"itemListElement\":[{\"@type\":\"ListItem\",\"position\":1,\"name\":\"Home\",\"item\":\"https:\\\/\\\/ariamedicalgroup.com\\\/es\"},{\"@type\":\"ListItem\",\"position\":2,\"name\":\"Reducci\u00f3n de pechos\"}]},{\"@type\":\"WebSite\",\"@id\":\"https:\\\/\\\/ariamedicalgroup.com\\\/es#website\",\"url\":\"https:\\\/\\\/ariamedicalgroup.com\\\/es\",\"name\":\"Aria\",\"description\":\"My WordPress Blog\",\"potentialAction\":[{\"@type\":\"SearchAction\",\"target\":{\"@type\":\"EntryPoint\",\"urlTemplate\":\"https:\\\/\\\/ariamedicalgroup.com\\\/es?s={search_term_string}\"},\"query-input\":{\"@type\":\"PropertyValueSpecification\",\"valueRequired\":true,\"valueName\":\"search_term_string\"}}],\"inLanguage\":\"es\"}]}<\/script>\n<!-- \/ Yoast SEO plugin. -->","yoast_head_json":{"title":"Reducci\u00f3n de pechos - Aria","robots":{"index":"noindex","follow":"follow","max-snippet":"max-snippet:-1","max-image-preview":"max-image-preview:large","max-video-preview":"max-video-preview:-1"},"og_locale":"es_ES","og_type":"article","og_title":"Reducci\u00f3n de pechos - Aria","og_description":"Reducci\u00f3n de Pechos La mamoplastia o reducci\u00f3n de pechos, es una cirug\u00eda que permite obtener unos pechos m\u00e1s peque\u00f1os, firmes y proporcionados con la anatom\u00eda de la paciente. Aunque habitualmente se realiza como una mejora est\u00e9tica, tambi\u00e9n permite aliviar problemas f\u00edsicos. Un pecho con excesivo volumen puede interferir en muchas actividades y causar molestias importantes, [&hellip;]","og_url":"https:\/\/ariamedicalgroup.com\/es\/reduccion-pechos","og_site_name":"Aria","article_modified_time":"2025-03-04T07:36:28+00:00","og_image":[{"url":"http:\/\/dev.solar-internet.com\/wp-content\/uploads\/2022\/12\/breast-reduction-ok2.jpg","type":"","width":"","height":""}],"twitter_card":"summary_large_image","twitter_misc":{"Tiempo de lectura":"5 minutos"},"schema":{"@context":"https:\/\/schema.org","@graph":[{"@type":"WebPage","@id":"https:\/\/ariamedicalgroup.com\/es\/reduccion-pechos","url":"https:\/\/ariamedicalgroup.com\/es\/reduccion-pechos","name":"Reducci\u00f3n de pechos - Aria","isPartOf":{"@id":"https:\/\/ariamedicalgroup.com\/es#website"},"primaryImageOfPage":{"@id":"https:\/\/ariamedicalgroup.com\/es\/reduccion-pechos#primaryimage"},"image":{"@id":"https:\/\/ariamedicalgroup.com\/es\/reduccion-pechos#primaryimage"},"thumbnailUrl":"http:\/\/dev.solar-internet.com\/wp-content\/uploads\/2022\/12\/breast-reduction-ok2.jpg","datePublished":"2023-02-08T18:17:06+00:00","dateModified":"2025-03-04T07:36:28+00:00","breadcrumb":{"@id":"https:\/\/ariamedicalgroup.com\/es\/reduccion-pechos#breadcrumb"},"inLanguage":"es","potentialAction":[{"@type":"ReadAction","target":["https:\/\/ariamedicalgroup.com\/es\/reduccion-pechos"]}]},{"@type":"ImageObject","inLanguage":"es","@id":"https:\/\/ariamedicalgroup.com\/es\/reduccion-pechos#primaryimage","url":"http:\/\/dev.solar-internet.com\/wp-content\/uploads\/2022\/12\/breast-reduction-ok2.jpg","contentUrl":"http:\/\/dev.solar-internet.com\/wp-content\/uploads\/2022\/12\/breast-reduction-ok2.jpg"},{"@type":"BreadcrumbList","@id":"https:\/\/ariamedicalgroup.com\/es\/reduccion-pechos#breadcrumb","itemListElement":[{"@type":"ListItem","position":1,"name":"Home","item":"https:\/\/ariamedicalgroup.com\/es"},{"@type":"ListItem","position":2,"name":"Reducci\u00f3n de pechos"}]},{"@type":"WebSite","@id":"https:\/\/ariamedicalgroup.com\/es#website","url":"https:\/\/ariamedicalgroup.com\/es","name":"Aria","description":"My WordPress Blog","potentialAction":[{"@type":"SearchAction","target":{"@type":"EntryPoint","urlTemplate":"https:\/\/ariamedicalgroup.com\/es?s={search_term_string}"},"query-input":{"@type":"PropertyValueSpecification","valueRequired":true,"valueName":"search_term_string"}}],"inLanguage":"es"}]}},"_links":{"self":[{"href":"https:\/\/ariamedicalgroup.com\/es\/wp-json\/wp\/v2\/pages\/5684","targetHints":{"allow":["GET"]}}],"collection":[{"href":"https:\/\/ariamedicalgroup.com\/es\/wp-json\/wp\/v2\/pages"}],"about":[{"href":"https:\/\/ariamedicalgroup.com\/es\/wp-json\/wp\/v2\/types\/page"}],"author":[{"embeddable":true,"href":"https:\/\/ariamedicalgroup.com\/es\/wp-json\/wp\/v2\/users\/1"}],"replies":[{"embeddable":true,"href":"https:\/\/ariamedicalgroup.com\/es\/wp-json\/wp\/v2\/comments?post=5684"}],"version-history":[{"count":5,"href":"https:\/\/ariamedicalgroup.com\/es\/wp-json\/wp\/v2\/pages\/5684\/revisions"}],"predecessor-version":[{"id":6623,"href":"https:\/\/ariamedicalgroup.com\/es\/wp-json\/wp\/v2\/pages\/5684\/revisions\/6623"}],"wp:attachment":[{"href":"https:\/\/ariamedicalgroup.com\/es\/wp-json\/wp\/v2\/media?parent=5684"}],"curies":[{"name":"wp","href":"https:\/\/api.w.org\/{rel}","templated":true}]}}