{"id":5728,"date":"2023-02-09T10:45:31","date_gmt":"2023-02-09T10:45:31","guid":{"rendered":"https:\/\/ariamedicalgroup.com\/?page_id=5728"},"modified":"2023-02-09T10:48:59","modified_gmt":"2023-02-09T10:48:59","slug":"elevacion-de-muslos","status":"publish","type":"page","link":"https:\/\/ariamedicalgroup.com\/es\/elevacion-de-muslos","title":{"rendered":"Elevaci\u00f3n de Muslos"},"content":{"rendered":"<body>\t\t<div data-elementor-type=\"wp-page\" data-elementor-id=\"5728\" class=\"elementor elementor-5728\">\n\t\t\t\t\t\t<section class=\"elementor-section elementor-top-section elementor-element elementor-element-86aea18 elementor-section-boxed elementor-section-height-default elementor-section-height-default qodef-elementor-content-no\" data-id=\"86aea18\" data-element_type=\"section\" data-e-type=\"section\">\n\t\t\t\t\t\t<div class=\"elementor-container elementor-column-gap-default\">\n\t\t\t\t\t<div class=\"elementor-column elementor-col-100 elementor-top-column elementor-element elementor-element-e821b23\" data-id=\"e821b23\" data-element_type=\"column\" data-e-type=\"column\">\n\t\t\t<div class=\"elementor-widget-wrap elementor-element-populated\">\n\t\t\t\t\t\t<div class=\"elementor-element elementor-element-189dd13 elementor-widget elementor-widget-image\" data-id=\"189dd13\" data-element_type=\"widget\" data-e-type=\"widget\" data-widget_type=\"image.default\">\n\t\t\t\t<div class=\"elementor-widget-container\">\n\t\t\t\t\t\t\t\t\t\t\t\t\t\t\t<img decoding=\"async\" src=\"http:\/\/dev.solar-internet.com\/wp-content\/uploads\/2022\/12\/thigh-lift-ok2-1.jpg\" title=\"\" alt=\"\" loading=\"lazy\">\t\t\t\t\t\t\t\t\t\t\t\t\t\t\t<\/div>\n\t\t\t\t<\/div>\n\t\t\t\t<div class=\"elementor-element elementor-element-4a1b946 elementor-widget elementor-widget-qi_addons_for_elementor_section_title\" data-id=\"4a1b946\" data-element_type=\"widget\" data-e-type=\"widget\" data-widget_type=\"qi_addons_for_elementor_section_title.default\">\n\t\t\t\t<div class=\"elementor-widget-container\">\n\t\t\t\t\t<div class=\"qodef-shortcode qodef-m qodef-qi-section-title qodef-decoration--italic qodef-link--underline-draw qodef-subtitle-icon--left\">\n\t\t\t\t\t\t<h2 class=\"qodef-m-title\">\n\t\tElevaci\u00f3n de Muslos\t<\/h2>\n\t\t\t<div class=\"qodef-m-text\"><p>A medida que envejecemos, o como consecuencia de una p\u00e9rdida de peso importante, la piel de la parte interna de los muslos puede perder elasticidad dando lugar a la creaci\u00f3n de pliegues, que est\u00e9ticamente no resultan muy bellos. Con la elevaci\u00f3n del muslo, se elimina este exceso de piel devolviendo la tensi\u00f3n y tersura, dejando una cicatriz oculta dentro de la ingle. A veces, y al mismo tiempo puede hacerse una peque\u00f1a liposucci\u00f3n si fuera necesario. La cirug\u00eda se realiza bajo anestesia general y dura aproximadamente 2 horas.<\/p><p>Es posible que despu\u00e9s de la intervenci\u00f3n se produzca una peque\u00f1a hinchaz\u00f3n e incluso algunos morados, pero esto mejora en gran medida despu\u00e9s de una o dos semanas. El paciente debe tomar las cosas con calma al principio, realizando un reposo relativo, pero desde la semana tercera posterior a la intervenci\u00f3n, generalmente es ya posible reanudar las actividades normales.<\/p><\/div>\n\t<\/div>\n\t\t\t\t<\/div>\n\t\t\t\t<\/div>\n\t\t\t\t<div class=\"elementor-element elementor-element-8dbf4e2 elementor-widget elementor-widget-qi_addons_for_elementor_section_title\" data-id=\"8dbf4e2\" data-element_type=\"widget\" data-e-type=\"widget\" data-widget_type=\"qi_addons_for_elementor_section_title.default\">\n\t\t\t\t<div class=\"elementor-widget-container\">\n\t\t\t\t\t<div class=\"qodef-shortcode qodef-m qodef-qi-section-title qodef-decoration--italic qodef-link--underline-draw qodef-subtitle-icon--left\">\n\t\t\t\t<h5 class=\"qodef-m-subtitle\">\n\t\tRecomendaci\u00f3n del Doctor\t\t\t<\/h5>\n\t\t\t\t\t<div class=\"qodef-m-text\"><p>La dermolipectom\u00eda crural mejora la forma y la tersura de los muslos y es la t\u00e9cnica indicada en aquellas personas que por distintas razones como p\u00e9rdidas de peso importante o por lipodistrofias, presentan un descolgamiento de la zona interna de los muslos.<\/p><\/div>\n\t<\/div>\n\t\t\t\t<\/div>\n\t\t\t\t<\/div>\n\t\t\t\t<div class=\"elementor-element elementor-element-30f303e elementor-widget elementor-widget-qi_addons_for_elementor_section_title\" data-id=\"30f303e\" data-element_type=\"widget\" data-e-type=\"widget\" data-widget_type=\"qi_addons_for_elementor_section_title.default\">\n\t\t\t\t<div class=\"elementor-widget-container\">\n\t\t\t\t\t<div class=\"qodef-shortcode qodef-m qodef-qi-section-title qodef-decoration--italic qodef-link--underline-draw qodef-subtitle-icon--left\">\n\t\t\t\t<h5 class=\"qodef-m-subtitle\">\n\t\tResultados\t\t\t<\/h5>\n\t\t\t\t\t<div class=\"qodef-m-text\"><p>Esta intervenci\u00f3n consigue unos excelentes resultados en la mayor\u00eda de los casos al reducir el exceso de piel y grasa en la zona de los muslos. El resultado es un muslo m\u00e1s delgado con la piel m\u00e1s firme y tensa.<\/p><\/div>\n\t<\/div>\n\t\t\t\t<\/div>\n\t\t\t\t<\/div>\n\t\t\t\t\t<\/div>\n\t\t<\/div>\n\t\t\t\t\t<\/div>\n\t\t<\/section>\n\t\t\t\t<section class=\"elementor-section elementor-top-section elementor-element elementor-element-ef1395b elementor-section-boxed elementor-section-height-default elementor-section-height-default qodef-elementor-content-no\" data-id=\"ef1395b\" data-element_type=\"section\" data-e-type=\"section\">\n\t\t\t\t\t\t<div class=\"elementor-container elementor-column-gap-default\">\n\t\t\t\t\t<div class=\"elementor-column elementor-col-100 elementor-top-column elementor-element elementor-element-480cd163\" data-id=\"480cd163\" data-element_type=\"column\" data-e-type=\"column\">\n\t\t\t<div class=\"elementor-widget-wrap elementor-element-populated\">\n\t\t\t\t\t\t<div class=\"elementor-element elementor-element-9830b22 elementor-widget elementor-widget-qi_addons_for_elementor_faq\" data-id=\"9830b22\" data-element_type=\"widget\" data-e-type=\"widget\" data-widget_type=\"qi_addons_for_elementor_faq.default\">\n\t\t\t\t<div class=\"elementor-widget-container\">\n\t\t\t\t\t<div class=\"qodef-shortcode qodef-m qodef-qi-faq qodef-qi-clear qodef-behavior--none qodef-layout--simple qodef-style--standard\">\n\t<h3 class=\"qodef-e-title-holder\">\n\t<span class=\"qodef-e-title\">\n\t\t\t\t\u00bfC\u00f3mo transcurre el post-operatorio?\t<\/span>\n\t<\/h3>\n<div class=\"qodef-e-content\">\n\t<div class=\"qodef-e-content-inner\">\n\t\t<p>l tratarse de una intervenci\u00f3n quir\u00fargica, el paciente deber\u00e1 permanecer ingresado en el centro hospitalario donde se ha realizado la intervenci\u00f3n de una a dos noches.<\/p>\t<\/div>\n<\/div>\n<h3 class=\"qodef-e-title-holder\">\n\t<span class=\"qodef-e-title\">\n\t\t\t\t\u00bfAfectar\u00e1 la cirug\u00eda la zona de la rodilla?\t<\/span>\n\t<\/h3>\n<div class=\"qodef-e-content\">\n\t<div class=\"qodef-e-content-inner\">\n\t\t<p>Durante los primeros d\u00edas tras la dermolipectom\u00eda, tendr\u00e1 la sensaci\u00f3n de hinchaz\u00f3n y tensi\u00f3n en las zonas intervenidas y se pueden notar algunas molestias que se podr\u00e1n mitigar mediante medicaci\u00f3n. Si se han utilizado drenages para reducir la acumulaci\u00f3n de fluidos post operatorios, estos peque\u00f1os tubos flexibles se retiran antes de la salida de la cl\u00ednica, Tendr\u00e1 que llevar una faja de compresi\u00f3n durante 3-4 semanas y empezar a andar en seguida. Los puntos de suturas se retiran en las siguientes 2 semanas y a partir de la tercera semana se puede volver a una vida pr\u00e1cticamente normal.<\/p>\t<\/div>\n<\/div>\n<\/div>\n\t<script type=\"application\/ld+json\">{\"@context\":\"https:\\\/\\\/schema.org\",\"@type\":\"FAQPage\",\"mainEntity\":[{\"@type\":\"Question\",\"name\":\"\\u00bfC\\u00f3mo transcurre el post-operatorio?\",\"acceptedAnswer\":{\"@type\":\"Answer\",\"text\":\"<p>l tratarse de una intervenci\\u00f3n quir\\u00fargica, el paciente deber\\u00e1 permanecer ingresado en el centro hospitalario donde se ha realizado la intervenci\\u00f3n de una a dos noches.<\\\/p>\"}},{\"@type\":\"Question\",\"name\":\"\\u00bfAfectar\\u00e1 la cirug\\u00eda la zona de la rodilla?\",\"acceptedAnswer\":{\"@type\":\"Answer\",\"text\":\"<p>Durante los primeros d\\u00edas tras la dermolipectom\\u00eda, tendr\\u00e1 la sensaci\\u00f3n de hinchaz\\u00f3n y tensi\\u00f3n en las zonas intervenidas y se pueden notar algunas molestias que se podr\\u00e1n mitigar mediante medicaci\\u00f3n. Si se han utilizado drenages para reducir la acumulaci\\u00f3n de fluidos post operatorios, estos peque\\u00f1os tubos flexibles se retiran antes de la salida de la cl\\u00ednica, Tendr\\u00e1 que llevar una faja de compresi\\u00f3n durante 3-4 semanas y empezar a andar en seguida. Los puntos de suturas se retiran en las siguientes 2 semanas y a partir de la tercera semana se puede volver a una vida pr\\u00e1cticamente normal.<\\\/p>\"}}]}<\/script>\n\t\t\t\t<\/div>\n\t\t\t\t<\/div>\n\t\t\t\t<div class=\"elementor-element elementor-element-747fb60 elementor-widget elementor-widget-wp-widget-touchup_core_contact_form_7\" data-id=\"747fb60\" data-element_type=\"widget\" data-e-type=\"widget\" data-settings='{\"_animation\":\"none\",\"_animation_delay\":900}' data-widget_type=\"wp-widget-touchup_core_contact_form_7.default\">\n\t\t\t\t<div class=\"elementor-widget-container\">\n\t\t\t\t\t\t\t\t<div class=\"qodef-contact-form-7\">\n\t\t\t\t\n<div class=\"wpcf7 no-js\" id=\"wpcf7-f5618-o1\" lang=\"en-US\" dir=\"ltr\" data-wpcf7-id=\"5618\">\n<div class=\"screen-reader-response\"><p role=\"status\" aria-live=\"polite\" aria-atomic=\"true\"><\/p> <ul><\/ul><\/div>\n<form action=\"\/es\/wp-json\/wp\/v2\/pages\/5728#wpcf7-f5618-o1\" method=\"post\" class=\"wpcf7-form init\" aria-label=\"Contact form\" novalidate=\"novalidate\" data-status=\"init\">\n<fieldset class=\"hidden-fields-container\"><input type=\"hidden\" name=\"_wpcf7\" value=\"5618\"><input type=\"hidden\" name=\"_wpcf7_version\" value=\"6.1.5\"><input type=\"hidden\" name=\"_wpcf7_locale\" value=\"en_US\"><input type=\"hidden\" name=\"_wpcf7_unit_tag\" value=\"wpcf7-f5618-o1\"><input type=\"hidden\" name=\"_wpcf7_container_post\" value=\"0\"><input type=\"hidden\" name=\"_wpcf7_posted_data_hash\" value=\"\">\n<\/fieldset>\n<p class=\"form\">Nombre<span class=\"wpcf7-form-control-wrap\" data-name=\"your-name\"><input size=\"40\" maxlength=\"400\" class=\"wpcf7-form-control wpcf7-text wpcf7-validates-as-required\" aria-required=\"true\" aria-invalid=\"false\" placeholder=\"\" value=\"\" type=\"text\" name=\"your-name\"><\/span> <\/p>\n\n\n<p class=\"form\">Email<span class=\"wpcf7-form-control-wrap\" data-name=\"your-email\"><input size=\"40\" maxlength=\"400\" class=\"wpcf7-form-control wpcf7-email wpcf7-validates-as-required wpcf7-text wpcf7-validates-as-email\" aria-required=\"true\" aria-invalid=\"false\" placeholder=\"\" value=\"\" type=\"email\" name=\"your-email\"><\/span> <\/p>\n\n\n<p class=\"form\">Su N\u00famero de Tel\u00e9fono<span class=\"wpcf7-form-control-wrap\" data-name=\"your-subject\"><input size=\"40\" maxlength=\"400\" class=\"wpcf7-form-control wpcf7-text wpcf7-validates-as-required\" aria-required=\"true\" aria-invalid=\"false\" placeholder=\"\" value=\"\" type=\"text\" name=\"your-subject\"><\/span><\/p>\n\n<p class=\"form\">\u00bfQue Clinica?\n<span class=\"wpcf7-form-control-wrap\" data-name=\"checkbox-357\"><span class=\"wpcf7-form-control wpcf7-checkbox\"><span class=\"wpcf7-list-item first\"><label><input type=\"checkbox\" name=\"checkbox-357[]\" value=\"Madrid\"><span class=\"wpcf7-list-item-label\">Madrid<\/span><\/label><\/span><span class=\"wpcf7-list-item\"><label><input type=\"checkbox\" name=\"checkbox-357[]\" value=\"Marbella\"><span class=\"wpcf7-list-item-label\">Marbella<\/span><\/label><\/span><span class=\"wpcf7-list-item last\"><label><input type=\"checkbox\" name=\"checkbox-357[]\" value=\"Gibraltar\"><span class=\"wpcf7-list-item-label\">Gibraltar<\/span><\/label><\/span><\/span><\/span><\/p>\n\n<p class=\"form\">\u00bfQu\u00e9 tr\u00e1mite te interesa?<span class=\"wpcf7-form-control-wrap\" data-name=\"textarea-876\"><textarea cols=\"40\" rows=\"10\" maxlength=\"2000\" class=\"wpcf7-form-control wpcf7-textarea\" aria-invalid=\"false\" placeholder=\"\" name=\"textarea-876\"><\/textarea><\/span><\/p>\n\n<button class=\"wpcf7-form-control wpcf7-submit qodef-button qodef-size--normal qodef-type--filled qodef-m\" type=\"submit\"><span class=\"qodef-m-text\">Enviar<\/span><\/button><div class=\"wpcf7-response-output\" aria-hidden=\"true\"><\/div>\n<\/form>\n<\/div>\n\t\t\t<\/div>\n\t\t\t\t\t\t\t<\/div>\n\t\t\t\t<\/div>\n\t\t\t\t\t<\/div>\n\t\t<\/div>\n\t\t\t\t\t<\/div>\n\t\t<\/section>\n\t\t\t\t<\/div>\n\t\t<\/body>","protected":false},"excerpt":{"rendered":"<p>Elevaci\u00f3n de Muslos A medida que envejecemos, o como consecuencia de una p\u00e9rdida de peso importante, la piel de la parte interna de los muslos puede perder elasticidad dando lugar a la creaci\u00f3n de pliegues, que est\u00e9ticamente no resultan muy bellos. Con la elevaci\u00f3n del muslo, se elimina este exceso de piel devolviendo la tensi\u00f3n [&hellip;]<\/p>\n","protected":false},"author":1,"featured_media":0,"parent":0,"menu_order":6,"comment_status":"closed","ping_status":"closed","template":"page-full-width.php","meta":{"footnotes":""},"class_list":["post-5728","page","type-page","status-publish","hentry"],"yoast_head":"<!-- This site is optimized with the Yoast SEO plugin v27.5 - https:\/\/yoast.com\/product\/yoast-seo-wordpress\/ -->\n<title>Elevaci\u00f3n de Muslos - Aria<\/title>\n<meta name=\"robots\" content=\"noindex, follow, max-snippet:-1, max-image-preview:large, max-video-preview:-1\" \/>\n<meta property=\"og:locale\" content=\"es_ES\" \/>\n<meta property=\"og:type\" content=\"article\" \/>\n<meta property=\"og:title\" content=\"Elevaci\u00f3n de Muslos - Aria\" \/>\n<meta property=\"og:description\" content=\"Elevaci\u00f3n de Muslos A medida que envejecemos, o como consecuencia de una p\u00e9rdida de peso importante, la piel de la parte interna de los muslos puede perder elasticidad dando lugar a la creaci\u00f3n de pliegues, que est\u00e9ticamente no resultan muy bellos. Con la elevaci\u00f3n del muslo, se elimina este exceso de piel devolviendo la tensi\u00f3n [&hellip;]\" \/>\n<meta property=\"og:url\" content=\"https:\/\/ariamedicalgroup.com\/es\/elevacion-de-muslos\" \/>\n<meta property=\"og:site_name\" content=\"Aria\" \/>\n<meta property=\"article:modified_time\" content=\"2023-02-09T10:48:59+00:00\" \/>\n<meta property=\"og:image\" content=\"http:\/\/dev.solar-internet.com\/wp-content\/uploads\/2022\/12\/thigh-lift-ok2-1.jpg\" \/>\n<meta name=\"twitter:card\" content=\"summary_large_image\" \/>\n<meta name=\"twitter:label1\" content=\"Tiempo de lectura\" \/>\n\t<meta name=\"twitter:data1\" content=\"2 minutos\" \/>\n<script type=\"application\/ld+json\" class=\"yoast-schema-graph\">{\"@context\":\"https:\\\/\\\/schema.org\",\"@graph\":[{\"@type\":\"WebPage\",\"@id\":\"https:\\\/\\\/ariamedicalgroup.com\\\/es\\\/elevacion-de-muslos\",\"url\":\"https:\\\/\\\/ariamedicalgroup.com\\\/es\\\/elevacion-de-muslos\",\"name\":\"Elevaci\u00f3n de Muslos - Aria\",\"isPartOf\":{\"@id\":\"https:\\\/\\\/ariamedicalgroup.com\\\/es#website\"},\"primaryImageOfPage\":{\"@id\":\"https:\\\/\\\/ariamedicalgroup.com\\\/es\\\/elevacion-de-muslos#primaryimage\"},\"image\":{\"@id\":\"https:\\\/\\\/ariamedicalgroup.com\\\/es\\\/elevacion-de-muslos#primaryimage\"},\"thumbnailUrl\":\"http:\\\/\\\/dev.solar-internet.com\\\/wp-content\\\/uploads\\\/2022\\\/12\\\/thigh-lift-ok2-1.jpg\",\"datePublished\":\"2023-02-09T10:45:31+00:00\",\"dateModified\":\"2023-02-09T10:48:59+00:00\",\"breadcrumb\":{\"@id\":\"https:\\\/\\\/ariamedicalgroup.com\\\/es\\\/elevacion-de-muslos#breadcrumb\"},\"inLanguage\":\"es\",\"potentialAction\":[{\"@type\":\"ReadAction\",\"target\":[\"https:\\\/\\\/ariamedicalgroup.com\\\/es\\\/elevacion-de-muslos\"]}]},{\"@type\":\"ImageObject\",\"inLanguage\":\"es\",\"@id\":\"https:\\\/\\\/ariamedicalgroup.com\\\/es\\\/elevacion-de-muslos#primaryimage\",\"url\":\"http:\\\/\\\/dev.solar-internet.com\\\/wp-content\\\/uploads\\\/2022\\\/12\\\/thigh-lift-ok2-1.jpg\",\"contentUrl\":\"http:\\\/\\\/dev.solar-internet.com\\\/wp-content\\\/uploads\\\/2022\\\/12\\\/thigh-lift-ok2-1.jpg\"},{\"@type\":\"BreadcrumbList\",\"@id\":\"https:\\\/\\\/ariamedicalgroup.com\\\/es\\\/elevacion-de-muslos#breadcrumb\",\"itemListElement\":[{\"@type\":\"ListItem\",\"position\":1,\"name\":\"Home\",\"item\":\"https:\\\/\\\/ariamedicalgroup.com\\\/es\"},{\"@type\":\"ListItem\",\"position\":2,\"name\":\"Elevaci\u00f3n de Muslos\"}]},{\"@type\":\"WebSite\",\"@id\":\"https:\\\/\\\/ariamedicalgroup.com\\\/es#website\",\"url\":\"https:\\\/\\\/ariamedicalgroup.com\\\/es\",\"name\":\"Aria\",\"description\":\"My WordPress Blog\",\"potentialAction\":[{\"@type\":\"SearchAction\",\"target\":{\"@type\":\"EntryPoint\",\"urlTemplate\":\"https:\\\/\\\/ariamedicalgroup.com\\\/es?s={search_term_string}\"},\"query-input\":{\"@type\":\"PropertyValueSpecification\",\"valueRequired\":true,\"valueName\":\"search_term_string\"}}],\"inLanguage\":\"es\"}]}<\/script>\n<!-- \/ Yoast SEO plugin. -->","yoast_head_json":{"title":"Elevaci\u00f3n de Muslos - Aria","robots":{"index":"noindex","follow":"follow","max-snippet":"max-snippet:-1","max-image-preview":"max-image-preview:large","max-video-preview":"max-video-preview:-1"},"og_locale":"es_ES","og_type":"article","og_title":"Elevaci\u00f3n de Muslos - Aria","og_description":"Elevaci\u00f3n de Muslos A medida que envejecemos, o como consecuencia de una p\u00e9rdida de peso importante, la piel de la parte interna de los muslos puede perder elasticidad dando lugar a la creaci\u00f3n de pliegues, que est\u00e9ticamente no resultan muy bellos. Con la elevaci\u00f3n del muslo, se elimina este exceso de piel devolviendo la tensi\u00f3n [&hellip;]","og_url":"https:\/\/ariamedicalgroup.com\/es\/elevacion-de-muslos","og_site_name":"Aria","article_modified_time":"2023-02-09T10:48:59+00:00","og_image":[{"url":"http:\/\/dev.solar-internet.com\/wp-content\/uploads\/2022\/12\/thigh-lift-ok2-1.jpg","type":"","width":"","height":""}],"twitter_card":"summary_large_image","twitter_misc":{"Tiempo de lectura":"2 minutos"},"schema":{"@context":"https:\/\/schema.org","@graph":[{"@type":"WebPage","@id":"https:\/\/ariamedicalgroup.com\/es\/elevacion-de-muslos","url":"https:\/\/ariamedicalgroup.com\/es\/elevacion-de-muslos","name":"Elevaci\u00f3n de Muslos - Aria","isPartOf":{"@id":"https:\/\/ariamedicalgroup.com\/es#website"},"primaryImageOfPage":{"@id":"https:\/\/ariamedicalgroup.com\/es\/elevacion-de-muslos#primaryimage"},"image":{"@id":"https:\/\/ariamedicalgroup.com\/es\/elevacion-de-muslos#primaryimage"},"thumbnailUrl":"http:\/\/dev.solar-internet.com\/wp-content\/uploads\/2022\/12\/thigh-lift-ok2-1.jpg","datePublished":"2023-02-09T10:45:31+00:00","dateModified":"2023-02-09T10:48:59+00:00","breadcrumb":{"@id":"https:\/\/ariamedicalgroup.com\/es\/elevacion-de-muslos#breadcrumb"},"inLanguage":"es","potentialAction":[{"@type":"ReadAction","target":["https:\/\/ariamedicalgroup.com\/es\/elevacion-de-muslos"]}]},{"@type":"ImageObject","inLanguage":"es","@id":"https:\/\/ariamedicalgroup.com\/es\/elevacion-de-muslos#primaryimage","url":"http:\/\/dev.solar-internet.com\/wp-content\/uploads\/2022\/12\/thigh-lift-ok2-1.jpg","contentUrl":"http:\/\/dev.solar-internet.com\/wp-content\/uploads\/2022\/12\/thigh-lift-ok2-1.jpg"},{"@type":"BreadcrumbList","@id":"https:\/\/ariamedicalgroup.com\/es\/elevacion-de-muslos#breadcrumb","itemListElement":[{"@type":"ListItem","position":1,"name":"Home","item":"https:\/\/ariamedicalgroup.com\/es"},{"@type":"ListItem","position":2,"name":"Elevaci\u00f3n de Muslos"}]},{"@type":"WebSite","@id":"https:\/\/ariamedicalgroup.com\/es#website","url":"https:\/\/ariamedicalgroup.com\/es","name":"Aria","description":"My WordPress Blog","potentialAction":[{"@type":"SearchAction","target":{"@type":"EntryPoint","urlTemplate":"https:\/\/ariamedicalgroup.com\/es?s={search_term_string}"},"query-input":{"@type":"PropertyValueSpecification","valueRequired":true,"valueName":"search_term_string"}}],"inLanguage":"es"}]}},"_links":{"self":[{"href":"https:\/\/ariamedicalgroup.com\/es\/wp-json\/wp\/v2\/pages\/5728","targetHints":{"allow":["GET"]}}],"collection":[{"href":"https:\/\/ariamedicalgroup.com\/es\/wp-json\/wp\/v2\/pages"}],"about":[{"href":"https:\/\/ariamedicalgroup.com\/es\/wp-json\/wp\/v2\/types\/page"}],"author":[{"embeddable":true,"href":"https:\/\/ariamedicalgroup.com\/es\/wp-json\/wp\/v2\/users\/1"}],"replies":[{"embeddable":true,"href":"https:\/\/ariamedicalgroup.com\/es\/wp-json\/wp\/v2\/comments?post=5728"}],"version-history":[{"count":5,"href":"https:\/\/ariamedicalgroup.com\/es\/wp-json\/wp\/v2\/pages\/5728\/revisions"}],"predecessor-version":[{"id":5733,"href":"https:\/\/ariamedicalgroup.com\/es\/wp-json\/wp\/v2\/pages\/5728\/revisions\/5733"}],"wp:attachment":[{"href":"https:\/\/ariamedicalgroup.com\/es\/wp-json\/wp\/v2\/media?parent=5728"}],"curies":[{"name":"wp","href":"https:\/\/api.w.org\/{rel}","templated":true}]}}