{"id":5744,"date":"2023-02-09T11:02:05","date_gmt":"2023-02-09T11:02:05","guid":{"rendered":"https:\/\/ariamedicalgroup.com\/?page_id=5744"},"modified":"2023-02-09T11:05:32","modified_gmt":"2023-02-09T11:05:32","slug":"lifting-de-cara-y-cuello","status":"publish","type":"page","link":"https:\/\/ariamedicalgroup.com\/es\/lifting-de-cara-y-cuello","title":{"rendered":"Lifting de cara y cuello"},"content":{"rendered":"<body>\t\t<div data-elementor-type=\"wp-page\" data-elementor-id=\"5744\" class=\"elementor elementor-5744\">\n\t\t\t\t\t\t<section class=\"elementor-section elementor-top-section elementor-element elementor-element-d680c4c elementor-section-boxed elementor-section-height-default elementor-section-height-default qodef-elementor-content-no\" data-id=\"d680c4c\" data-element_type=\"section\" data-e-type=\"section\">\n\t\t\t\t\t\t<div class=\"elementor-container elementor-column-gap-default\">\n\t\t\t\t\t<div class=\"elementor-column elementor-col-100 elementor-top-column elementor-element elementor-element-7700d8d\" data-id=\"7700d8d\" data-element_type=\"column\" data-e-type=\"column\">\n\t\t\t<div class=\"elementor-widget-wrap elementor-element-populated\">\n\t\t\t\t\t\t<div class=\"elementor-element elementor-element-d0eee97 elementor-widget elementor-widget-image\" data-id=\"d0eee97\" data-element_type=\"widget\" data-e-type=\"widget\" data-widget_type=\"image.default\">\n\t\t\t\t<div class=\"elementor-widget-container\">\n\t\t\t\t\t\t\t\t\t\t\t\t\t\t\t<img decoding=\"async\" src=\"http:\/\/dev.solar-internet.com\/wp-content\/uploads\/2022\/12\/face-and-neck-lifting-ok2.jpg\" title=\"\" alt=\"\" loading=\"lazy\">\t\t\t\t\t\t\t\t\t\t\t\t\t\t\t<\/div>\n\t\t\t\t<\/div>\n\t\t\t\t<div class=\"elementor-element elementor-element-0a92521 elementor-widget elementor-widget-qi_addons_for_elementor_section_title\" data-id=\"0a92521\" data-element_type=\"widget\" data-e-type=\"widget\" data-widget_type=\"qi_addons_for_elementor_section_title.default\">\n\t\t\t\t<div class=\"elementor-widget-container\">\n\t\t\t\t\t<div class=\"qodef-shortcode qodef-m qodef-qi-section-title qodef-decoration--italic qodef-link--underline-draw qodef-subtitle-icon--left\">\n\t\t\t\t\t\t<h2 class=\"qodef-m-title\">\n\t\tLifting de cara y cuello\t<\/h2>\n\t\t\t<div class=\"qodef-m-text\"><p>Inevitablemente el paso del tiempo deja su huella en nuestro rostro. La gen\u00e9tica, la prolongada exposici\u00f3n al sol, el estr\u00e9s y la contaminaci\u00f3n entre otras causas tienen efectos no deseados sobre nuestra cara. El lifting facial, tambi\u00e9n conocido como ritidectom\u00eda, es un procedimiento de cirug\u00eda est\u00e9tica facial que permite elevar la piel, tensarla y corregir. Actuando sobre la piel del cuello, barbilla, mejillas, contorno de ojos y sobre el tejido muscular, para obtener un resultado m\u00e1s duradero. Se consigue con ello potenciar el rejuvenecimiento, que el paciente muestre un aspecto mucho m\u00e1s joven y un rostro terso y libre de arrugas. La operaci\u00f3n suele durar varias horas, bajo anestesia general.<\/p><p>Las incisiones necesarias para llevar a cabo el lifting facial se realizan por dentro de la l\u00ednea del pelo, rodean el l\u00f3bulo de la oreja y ascienden por detr\u00e1s de \u00e9sta hacia el cuero cabelludo. De este modo, las posibles cicatrices ser\u00e1n imperceptibles ya que quedar\u00e1n \u201cescondidas\u201d en el cabello y en los pliegues de las orejas. En casos seleccionados se emplean t\u00e9cnicas de incisi\u00f3n corta s\u00f3lo delante de la oreja, sin seguir por la parte posterior.<\/p><p>El lifting facial puede combinarse con otras cirug\u00edas como la blefaroplastia, eliminaci\u00f3n de bolsas en los ojos, o rinoplastia, correcci\u00f3n de nariz, dependiendo de las caracter\u00edsticas propias del paciente y el problema a solucionar. A su vez, puede hacerse en la totalidad de la cara, el llamado lifting facial completo, o s\u00f3lo en determinadas zonas del rostro, tratando frente o cuello, aunque su efecto es m\u00e1s limitado. Despu\u00e9s de la operaci\u00f3n es posible que aparezca alg\u00fan hematoma e hinchaz\u00f3n, pero generalmente desaparecer\u00e1n en las siguientes dos semanas a la intervenci\u00f3n. Despu\u00e9s de la operaci\u00f3n, el paciente tendr\u00e1 que usar un vendaje que normalmente se retira despu\u00e9s de las 24 horas y por norma general es posible hacer vida normal en una o dos semanas, dependiendo del tipo de lifting que se realice.<\/p><\/div>\n\t<\/div>\n\t\t\t\t<\/div>\n\t\t\t\t<\/div>\n\t\t\t\t<div class=\"elementor-element elementor-element-9a4960f elementor-widget elementor-widget-qi_addons_for_elementor_section_title\" data-id=\"9a4960f\" data-element_type=\"widget\" data-e-type=\"widget\" data-widget_type=\"qi_addons_for_elementor_section_title.default\">\n\t\t\t\t<div class=\"elementor-widget-container\">\n\t\t\t\t\t<div class=\"qodef-shortcode qodef-m qodef-qi-section-title qodef-decoration--italic qodef-link--underline-draw qodef-subtitle-icon--left\">\n\t\t\t\t<h5 class=\"qodef-m-subtitle\">\n\t\tRecomendaci\u00f3n del Doctor\t\t\t<\/h5>\n\t\t\t\t\t<div class=\"qodef-m-text\"><p>El rostro es una de las partes del cuerpo en las que los signos del envejecimiento son m\u00e1s visibles. Esto es debido a que el cutis es un tegumento muy fino y delicado, que est\u00e1 expuesta a las agresiones medioambientales. Adem\u00e1s, la gesticulaci\u00f3n, la gravedad y la edad van marcando las l\u00edneas de expresi\u00f3n y el descolgamiento de los tejidos hasta convertirlas en pronunciadas surcos entre la nariz y la boca. Aparece grasa y arrugas alrededor del cuello o las mejillas caen. Un lifting facial puede mejorar esta situaci\u00f3n, revertiendo los signos m\u00e1s visibles del envejecimiento. Las arrugas m\u00e1s finas, generalmente producidas por la exposici\u00f3n al sol, no desaparecen con el lifting facial y deber\u00e1n ser tratadas con otras t\u00e9cnicas como el l\u00e1ser, el peeling,los fillers\u2026, Tambi\u00e9n puede ser muy aconsejable despu\u00e9s de un mes someterse a un tratamiento con botox para mejorar sensiblemente el aspecto de las arrugas frontales.<\/p><\/div>\n\t<\/div>\n\t\t\t\t<\/div>\n\t\t\t\t<\/div>\n\t\t\t\t<div class=\"elementor-element elementor-element-50dd4fe elementor-widget elementor-widget-video\" data-id=\"50dd4fe\" data-element_type=\"widget\" data-e-type=\"widget\" data-settings='{\"video_type\":\"vimeo\"}' data-widget_type=\"video.default\">\n\t\t\t\t<div class=\"elementor-widget-container\">\n\t\t\t\t\t\t\t<div class=\"elementor-wrapper elementor-open-inline\">\n\t\t\t<iframe class=\"elementor-video-iframe\" allowfullscreen allow=\"clipboard-write\" title=\"Reproductor de v\u00eddeo vimeo\" src=\"https:\/\/player.vimeo.com\/video\/110394950?color&amp;autopause=0&amp;loop=0&amp;muted=0&amp;title=1&amp;portrait=1&amp;byline=1#t=\"><\/iframe>\t\t<\/div>\n\t\t\t\t\t\t<\/div>\n\t\t\t\t<\/div>\n\t\t\t\t<div class=\"elementor-element elementor-element-ce63342 elementor-widget elementor-widget-qi_addons_for_elementor_section_title\" data-id=\"ce63342\" data-element_type=\"widget\" data-e-type=\"widget\" data-widget_type=\"qi_addons_for_elementor_section_title.default\">\n\t\t\t\t<div class=\"elementor-widget-container\">\n\t\t\t\t\t<div class=\"qodef-shortcode qodef-m qodef-qi-section-title qodef-decoration--italic qodef-link--underline-draw qodef-subtitle-icon--left\">\n\t\t\t\t<h5 class=\"qodef-m-subtitle\">\n\t\tResultados\t\t\t<\/h5>\n\t\t\t\t\t<div class=\"qodef-m-text\"><p>Los resultados del lifting son muy satisfactorios, aunque no son visibles de inmediato. Tras la intervenci\u00f3n se recupera el ovalo facial, se tensan los surcos y el rostro consigue un aspecto rejuvenecido, m\u00e1s joven y agradable. En el postoperatorio del lifting el paciente puede sufrir ciertas molestias provocadas sobre todo por la sensaci\u00f3n de hinchaz\u00f3n y la falta de movilidad facial. No obstante el posible dolor es habitualmente moderado y desaparece progresivamente. En pocos d\u00edas se retiran los vendajes y en dos semanas el paciente puede reincorporarse a su actividad diaria con normalidad, evitando la exposici\u00f3n prolongada al sol durante varios meses.<\/p><\/div>\n\t<\/div>\n\t\t\t\t<\/div>\n\t\t\t\t<\/div>\n\t\t\t\t<div class=\"elementor-element elementor-element-6bf79be elementor-widget elementor-widget-image\" data-id=\"6bf79be\" data-element_type=\"widget\" data-e-type=\"widget\" data-widget_type=\"image.default\">\n\t\t\t\t<div class=\"elementor-widget-container\">\n\t\t\t\t\t\t\t\t\t\t\t\t\t\t\t<img decoding=\"async\" src=\"http:\/\/dev.solar-internet.com\/wp-content\/uploads\/2022\/12\/face-neck-before-after.png\" title=\"\" alt=\"\" loading=\"lazy\">\t\t\t\t\t\t\t\t\t\t\t\t\t\t\t<\/div>\n\t\t\t\t<\/div>\n\t\t\t\t\t<\/div>\n\t\t<\/div>\n\t\t\t\t\t<\/div>\n\t\t<\/section>\n\t\t\t\t<section class=\"elementor-section elementor-top-section elementor-element elementor-element-52a01a78 elementor-section-boxed elementor-section-height-default elementor-section-height-default qodef-elementor-content-no\" data-id=\"52a01a78\" data-element_type=\"section\" data-e-type=\"section\">\n\t\t\t\t\t\t<div class=\"elementor-container elementor-column-gap-default\">\n\t\t\t\t\t<div class=\"elementor-column elementor-col-100 elementor-top-column elementor-element elementor-element-31c0ef88\" data-id=\"31c0ef88\" data-element_type=\"column\" data-e-type=\"column\">\n\t\t\t<div class=\"elementor-widget-wrap elementor-element-populated\">\n\t\t\t\t\t\t<div class=\"elementor-element elementor-element-494abc7 elementor-widget elementor-widget-qi_addons_for_elementor_faq\" data-id=\"494abc7\" data-element_type=\"widget\" data-e-type=\"widget\" data-widget_type=\"qi_addons_for_elementor_faq.default\">\n\t\t\t\t<div class=\"elementor-widget-container\">\n\t\t\t\t\t<div class=\"qodef-shortcode qodef-m qodef-qi-faq qodef-qi-clear qodef-behavior--none qodef-layout--simple qodef-style--standard\">\n\t<h3 class=\"qodef-e-title-holder\">\n\t<span class=\"qodef-e-title\">\n\t\t\t\t\u00bfSe ver\u00e1n las cicatrices tras el lifting?\t<\/span>\n\t<\/h3>\n<div class=\"qodef-e-content\">\n\t<div class=\"qodef-e-content-inner\">\n\t\t<p>Las incisiones necesarias para llevar a cabo esta intervenci\u00f3n se realizan por dentro de la l\u00ednea del pelo, rodean el l\u00f3bulo de la oreja y ascienden por detr\u00e1s de \u00e9sta hacia el cuero cabelludo. De este modo, las posibles cicatrices ser\u00e1n imperceptibles ya que quedar\u00e1n \u201cescondidas\u201d en el cabello y en los pliegues de las orejas.<\/p>\t<\/div>\n<\/div>\n<h3 class=\"qodef-e-title-holder\">\n\t<span class=\"qodef-e-title\">\n\t\t\t\t\u00bfC\u00f3mo transcurre el postoperatorio de un lifting?\t<\/span>\n\t<\/h3>\n<div class=\"qodef-e-content\">\n\t<div class=\"qodef-e-content-inner\">\n\t\t<p>Despu\u00e9s de una cirug\u00eda facial, el vendaje se retira a las 24 horas de la intervenci\u00f3n, las suturas de los p\u00e1rpados a los 7 d\u00edas y las de la cara y cabeza a los 7-14 d\u00edas. Las peque\u00f1as molestias postoperatorias se pueden f\u00e1cilmente tratar con las habituales medicaciones y en ocasiones es normal que ciertas zonas de la piel est\u00e9n adormecidas, efecto que desaparecer\u00e1\u2019 con el tiempo. En ocasiones es normal que ciertas zonas de la piel est\u00e9n como adormecidas, este efecto desaparecer\u00e1 con el tiempo. Durante los primeros d\u00edas es aconsejable permanecer con la cabeza elevada para disminuir la inflamaci\u00f3n y presentar\u00e1 un aspecto hinchado y amoratado pero en pocas semanas se volver\u00e1 a tener un aspecto normal.<\/p><p>A los 10 a 15 d\u00edas despu\u00e9s de la intervenci\u00f3n de lifting facial ya podr\u00e1 hacer una vida casi normal, tendr\u00e1 que tener precauci\u00f3n con no hacer ninguna actividad de riesgo durante al menos 15 d\u00edas, cuidando de no recibir ning\u00fan golpe en la zona tratada y limitar la exposici\u00f3n solar durante unos meses. La hinchaz\u00f3n y los moratones pueden disimularse con maquillaje.<\/p>\t<\/div>\n<\/div>\n<\/div>\n\t<script type=\"application\/ld+json\">{\"@context\":\"https:\\\/\\\/schema.org\",\"@type\":\"FAQPage\",\"mainEntity\":[{\"@type\":\"Question\",\"name\":\"\\u00bfSe ver\\u00e1n las cicatrices tras el lifting?\",\"acceptedAnswer\":{\"@type\":\"Answer\",\"text\":\"<p>Las incisiones necesarias para llevar a cabo esta intervenci\\u00f3n se realizan por dentro de la l\\u00ednea del pelo, rodean el l\\u00f3bulo de la oreja y ascienden por detr\\u00e1s de \\u00e9sta hacia el cuero cabelludo. De este modo, las posibles cicatrices ser\\u00e1n imperceptibles ya que quedar\\u00e1n \\u201cescondidas\\u201d en el cabello y en los pliegues de las orejas.<\\\/p>\"}},{\"@type\":\"Question\",\"name\":\"\\u00bfC\\u00f3mo transcurre el postoperatorio de un lifting?\",\"acceptedAnswer\":{\"@type\":\"Answer\",\"text\":\"<p>Despu\\u00e9s de una cirug\\u00eda facial, el vendaje se retira a las 24 horas de la intervenci\\u00f3n, las suturas de los p\\u00e1rpados a los 7 d\\u00edas y las de la cara y cabeza a los 7-14 d\\u00edas. Las peque\\u00f1as molestias postoperatorias se pueden f\\u00e1cilmente tratar con las habituales medicaciones y en ocasiones es normal que ciertas zonas de la piel est\\u00e9n adormecidas, efecto que desaparecer\\u00e1\\u2019 con el tiempo. En ocasiones es normal que ciertas zonas de la piel est\\u00e9n como adormecidas, este efecto desaparecer\\u00e1 con el tiempo. Durante los primeros d\\u00edas es aconsejable permanecer con la cabeza elevada para disminuir la inflamaci\\u00f3n y presentar\\u00e1 un aspecto hinchado y amoratado pero en pocas semanas se volver\\u00e1 a tener un aspecto normal.<\\\/p><p>A los 10 a 15 d\\u00edas despu\\u00e9s de la intervenci\\u00f3n de lifting facial ya podr\\u00e1 hacer una vida casi normal, tendr\\u00e1 que tener precauci\\u00f3n con no hacer ninguna actividad de riesgo durante al menos 15 d\\u00edas, cuidando de no recibir ning\\u00fan golpe en la zona tratada y limitar la exposici\\u00f3n solar durante unos meses. La hinchaz\\u00f3n y los moratones pueden disimularse con maquillaje.<\\\/p>\"}}]}<\/script>\n\t\t\t\t<\/div>\n\t\t\t\t<\/div>\n\t\t\t\t<div class=\"elementor-element elementor-element-d5051d9 elementor-widget elementor-widget-wp-widget-touchup_core_contact_form_7\" data-id=\"d5051d9\" data-element_type=\"widget\" data-e-type=\"widget\" data-settings='{\"_animation\":\"none\",\"_animation_delay\":900}' data-widget_type=\"wp-widget-touchup_core_contact_form_7.default\">\n\t\t\t\t<div class=\"elementor-widget-container\">\n\t\t\t\t\t\t\t\t<div class=\"qodef-contact-form-7\">\n\t\t\t\t\n<div class=\"wpcf7 no-js\" id=\"wpcf7-f5618-o1\" lang=\"en-US\" dir=\"ltr\" data-wpcf7-id=\"5618\">\n<div class=\"screen-reader-response\"><p role=\"status\" aria-live=\"polite\" aria-atomic=\"true\"><\/p> <ul><\/ul><\/div>\n<form action=\"\/es\/wp-json\/wp\/v2\/pages\/5744#wpcf7-f5618-o1\" method=\"post\" class=\"wpcf7-form init\" aria-label=\"Contact form\" novalidate=\"novalidate\" data-status=\"init\">\n<fieldset class=\"hidden-fields-container\"><input type=\"hidden\" name=\"_wpcf7\" value=\"5618\"><input type=\"hidden\" name=\"_wpcf7_version\" value=\"6.1.5\"><input type=\"hidden\" name=\"_wpcf7_locale\" value=\"en_US\"><input type=\"hidden\" name=\"_wpcf7_unit_tag\" value=\"wpcf7-f5618-o1\"><input type=\"hidden\" name=\"_wpcf7_container_post\" value=\"0\"><input type=\"hidden\" name=\"_wpcf7_posted_data_hash\" value=\"\">\n<\/fieldset>\n<p class=\"form\">Nombre<span class=\"wpcf7-form-control-wrap\" data-name=\"your-name\"><input size=\"40\" maxlength=\"400\" class=\"wpcf7-form-control wpcf7-text wpcf7-validates-as-required\" aria-required=\"true\" aria-invalid=\"false\" placeholder=\"\" value=\"\" type=\"text\" name=\"your-name\"><\/span> <\/p>\n\n\n<p class=\"form\">Email<span class=\"wpcf7-form-control-wrap\" data-name=\"your-email\"><input size=\"40\" maxlength=\"400\" class=\"wpcf7-form-control wpcf7-email wpcf7-validates-as-required wpcf7-text wpcf7-validates-as-email\" aria-required=\"true\" aria-invalid=\"false\" placeholder=\"\" value=\"\" type=\"email\" name=\"your-email\"><\/span> <\/p>\n\n\n<p class=\"form\">Su N\u00famero de Tel\u00e9fono<span class=\"wpcf7-form-control-wrap\" data-name=\"your-subject\"><input size=\"40\" maxlength=\"400\" class=\"wpcf7-form-control wpcf7-text wpcf7-validates-as-required\" aria-required=\"true\" aria-invalid=\"false\" placeholder=\"\" value=\"\" type=\"text\" name=\"your-subject\"><\/span><\/p>\n\n<p class=\"form\">\u00bfQue Clinica?\n<span class=\"wpcf7-form-control-wrap\" data-name=\"checkbox-357\"><span class=\"wpcf7-form-control wpcf7-checkbox\"><span class=\"wpcf7-list-item first\"><label><input type=\"checkbox\" name=\"checkbox-357[]\" value=\"Madrid\"><span class=\"wpcf7-list-item-label\">Madrid<\/span><\/label><\/span><span class=\"wpcf7-list-item\"><label><input type=\"checkbox\" name=\"checkbox-357[]\" value=\"Marbella\"><span class=\"wpcf7-list-item-label\">Marbella<\/span><\/label><\/span><span class=\"wpcf7-list-item last\"><label><input type=\"checkbox\" name=\"checkbox-357[]\" value=\"Gibraltar\"><span class=\"wpcf7-list-item-label\">Gibraltar<\/span><\/label><\/span><\/span><\/span><\/p>\n\n<p class=\"form\">\u00bfQu\u00e9 tr\u00e1mite te interesa?<span class=\"wpcf7-form-control-wrap\" data-name=\"textarea-876\"><textarea cols=\"40\" rows=\"10\" maxlength=\"2000\" class=\"wpcf7-form-control wpcf7-textarea\" aria-invalid=\"false\" placeholder=\"\" name=\"textarea-876\"><\/textarea><\/span><\/p>\n\n<button class=\"wpcf7-form-control wpcf7-submit qodef-button qodef-size--normal qodef-type--filled qodef-m\" type=\"submit\"><span class=\"qodef-m-text\">Enviar<\/span><\/button><div class=\"wpcf7-response-output\" aria-hidden=\"true\"><\/div>\n<\/form>\n<\/div>\n\t\t\t<\/div>\n\t\t\t\t\t\t\t<\/div>\n\t\t\t\t<\/div>\n\t\t\t\t\t<\/div>\n\t\t<\/div>\n\t\t\t\t\t<\/div>\n\t\t<\/section>\n\t\t\t\t<\/div>\n\t\t<\/body>","protected":false},"excerpt":{"rendered":"<p>Lifting de cara y cuello Inevitablemente el paso del tiempo deja su huella en nuestro rostro. La gen\u00e9tica, la prolongada exposici\u00f3n al sol, el estr\u00e9s y la contaminaci\u00f3n entre otras causas tienen efectos no deseados sobre nuestra cara. El lifting facial, tambi\u00e9n conocido como ritidectom\u00eda, es un procedimiento de cirug\u00eda est\u00e9tica facial que permite elevar [&hellip;]<\/p>\n","protected":false},"author":1,"featured_media":0,"parent":0,"menu_order":8,"comment_status":"closed","ping_status":"open","template":"page-full-width.php","meta":{"footnotes":""},"class_list":["post-5744","page","type-page","status-publish","hentry"],"yoast_head":"<!-- This site is optimized with the Yoast SEO plugin v27.5 - https:\/\/yoast.com\/product\/yoast-seo-wordpress\/ -->\n<title>Lifting de cara y cuello - Aria<\/title>\n<meta name=\"robots\" content=\"noindex, follow, max-snippet:-1, max-image-preview:large, max-video-preview:-1\" \/>\n<meta property=\"og:locale\" content=\"es_ES\" \/>\n<meta property=\"og:type\" content=\"article\" \/>\n<meta property=\"og:title\" content=\"Lifting de cara y cuello - Aria\" \/>\n<meta property=\"og:description\" content=\"Lifting de cara y cuello Inevitablemente el paso del tiempo deja su huella en nuestro rostro. La gen\u00e9tica, la prolongada exposici\u00f3n al sol, el estr\u00e9s y la contaminaci\u00f3n entre otras causas tienen efectos no deseados sobre nuestra cara. El lifting facial, tambi\u00e9n conocido como ritidectom\u00eda, es un procedimiento de cirug\u00eda est\u00e9tica facial que permite elevar [&hellip;]\" \/>\n<meta property=\"og:url\" content=\"https:\/\/ariamedicalgroup.com\/es\/lifting-de-cara-y-cuello\" \/>\n<meta property=\"og:site_name\" content=\"Aria\" \/>\n<meta property=\"article:modified_time\" content=\"2023-02-09T11:05:32+00:00\" \/>\n<meta property=\"og:image\" content=\"http:\/\/dev.solar-internet.com\/wp-content\/uploads\/2022\/12\/face-and-neck-lifting-ok2.jpg\" \/>\n<meta name=\"twitter:card\" content=\"summary_large_image\" \/>\n<meta name=\"twitter:label1\" content=\"Tiempo de lectura\" \/>\n\t<meta name=\"twitter:data1\" content=\"5 minutos\" \/>\n<script type=\"application\/ld+json\" class=\"yoast-schema-graph\">{\"@context\":\"https:\\\/\\\/schema.org\",\"@graph\":[{\"@type\":\"WebPage\",\"@id\":\"https:\\\/\\\/ariamedicalgroup.com\\\/es\\\/lifting-de-cara-y-cuello\",\"url\":\"https:\\\/\\\/ariamedicalgroup.com\\\/es\\\/lifting-de-cara-y-cuello\",\"name\":\"Lifting de cara y cuello - Aria\",\"isPartOf\":{\"@id\":\"https:\\\/\\\/ariamedicalgroup.com\\\/es#website\"},\"primaryImageOfPage\":{\"@id\":\"https:\\\/\\\/ariamedicalgroup.com\\\/es\\\/lifting-de-cara-y-cuello#primaryimage\"},\"image\":{\"@id\":\"https:\\\/\\\/ariamedicalgroup.com\\\/es\\\/lifting-de-cara-y-cuello#primaryimage\"},\"thumbnailUrl\":\"http:\\\/\\\/dev.solar-internet.com\\\/wp-content\\\/uploads\\\/2022\\\/12\\\/face-and-neck-lifting-ok2.jpg\",\"datePublished\":\"2023-02-09T11:02:05+00:00\",\"dateModified\":\"2023-02-09T11:05:32+00:00\",\"breadcrumb\":{\"@id\":\"https:\\\/\\\/ariamedicalgroup.com\\\/es\\\/lifting-de-cara-y-cuello#breadcrumb\"},\"inLanguage\":\"es\",\"potentialAction\":[{\"@type\":\"ReadAction\",\"target\":[\"https:\\\/\\\/ariamedicalgroup.com\\\/es\\\/lifting-de-cara-y-cuello\"]}]},{\"@type\":\"ImageObject\",\"inLanguage\":\"es\",\"@id\":\"https:\\\/\\\/ariamedicalgroup.com\\\/es\\\/lifting-de-cara-y-cuello#primaryimage\",\"url\":\"http:\\\/\\\/dev.solar-internet.com\\\/wp-content\\\/uploads\\\/2022\\\/12\\\/face-and-neck-lifting-ok2.jpg\",\"contentUrl\":\"http:\\\/\\\/dev.solar-internet.com\\\/wp-content\\\/uploads\\\/2022\\\/12\\\/face-and-neck-lifting-ok2.jpg\"},{\"@type\":\"BreadcrumbList\",\"@id\":\"https:\\\/\\\/ariamedicalgroup.com\\\/es\\\/lifting-de-cara-y-cuello#breadcrumb\",\"itemListElement\":[{\"@type\":\"ListItem\",\"position\":1,\"name\":\"Home\",\"item\":\"https:\\\/\\\/ariamedicalgroup.com\\\/es\"},{\"@type\":\"ListItem\",\"position\":2,\"name\":\"Lifting de cara y cuello\"}]},{\"@type\":\"WebSite\",\"@id\":\"https:\\\/\\\/ariamedicalgroup.com\\\/es#website\",\"url\":\"https:\\\/\\\/ariamedicalgroup.com\\\/es\",\"name\":\"Aria\",\"description\":\"My WordPress Blog\",\"potentialAction\":[{\"@type\":\"SearchAction\",\"target\":{\"@type\":\"EntryPoint\",\"urlTemplate\":\"https:\\\/\\\/ariamedicalgroup.com\\\/es?s={search_term_string}\"},\"query-input\":{\"@type\":\"PropertyValueSpecification\",\"valueRequired\":true,\"valueName\":\"search_term_string\"}}],\"inLanguage\":\"es\"}]}<\/script>\n<!-- \/ Yoast SEO plugin. -->","yoast_head_json":{"title":"Lifting de cara y cuello - Aria","robots":{"index":"noindex","follow":"follow","max-snippet":"max-snippet:-1","max-image-preview":"max-image-preview:large","max-video-preview":"max-video-preview:-1"},"og_locale":"es_ES","og_type":"article","og_title":"Lifting de cara y cuello - Aria","og_description":"Lifting de cara y cuello Inevitablemente el paso del tiempo deja su huella en nuestro rostro. La gen\u00e9tica, la prolongada exposici\u00f3n al sol, el estr\u00e9s y la contaminaci\u00f3n entre otras causas tienen efectos no deseados sobre nuestra cara. El lifting facial, tambi\u00e9n conocido como ritidectom\u00eda, es un procedimiento de cirug\u00eda est\u00e9tica facial que permite elevar [&hellip;]","og_url":"https:\/\/ariamedicalgroup.com\/es\/lifting-de-cara-y-cuello","og_site_name":"Aria","article_modified_time":"2023-02-09T11:05:32+00:00","og_image":[{"url":"http:\/\/dev.solar-internet.com\/wp-content\/uploads\/2022\/12\/face-and-neck-lifting-ok2.jpg","type":"","width":"","height":""}],"twitter_card":"summary_large_image","twitter_misc":{"Tiempo de lectura":"5 minutos"},"schema":{"@context":"https:\/\/schema.org","@graph":[{"@type":"WebPage","@id":"https:\/\/ariamedicalgroup.com\/es\/lifting-de-cara-y-cuello","url":"https:\/\/ariamedicalgroup.com\/es\/lifting-de-cara-y-cuello","name":"Lifting de cara y cuello - Aria","isPartOf":{"@id":"https:\/\/ariamedicalgroup.com\/es#website"},"primaryImageOfPage":{"@id":"https:\/\/ariamedicalgroup.com\/es\/lifting-de-cara-y-cuello#primaryimage"},"image":{"@id":"https:\/\/ariamedicalgroup.com\/es\/lifting-de-cara-y-cuello#primaryimage"},"thumbnailUrl":"http:\/\/dev.solar-internet.com\/wp-content\/uploads\/2022\/12\/face-and-neck-lifting-ok2.jpg","datePublished":"2023-02-09T11:02:05+00:00","dateModified":"2023-02-09T11:05:32+00:00","breadcrumb":{"@id":"https:\/\/ariamedicalgroup.com\/es\/lifting-de-cara-y-cuello#breadcrumb"},"inLanguage":"es","potentialAction":[{"@type":"ReadAction","target":["https:\/\/ariamedicalgroup.com\/es\/lifting-de-cara-y-cuello"]}]},{"@type":"ImageObject","inLanguage":"es","@id":"https:\/\/ariamedicalgroup.com\/es\/lifting-de-cara-y-cuello#primaryimage","url":"http:\/\/dev.solar-internet.com\/wp-content\/uploads\/2022\/12\/face-and-neck-lifting-ok2.jpg","contentUrl":"http:\/\/dev.solar-internet.com\/wp-content\/uploads\/2022\/12\/face-and-neck-lifting-ok2.jpg"},{"@type":"BreadcrumbList","@id":"https:\/\/ariamedicalgroup.com\/es\/lifting-de-cara-y-cuello#breadcrumb","itemListElement":[{"@type":"ListItem","position":1,"name":"Home","item":"https:\/\/ariamedicalgroup.com\/es"},{"@type":"ListItem","position":2,"name":"Lifting de cara y cuello"}]},{"@type":"WebSite","@id":"https:\/\/ariamedicalgroup.com\/es#website","url":"https:\/\/ariamedicalgroup.com\/es","name":"Aria","description":"My WordPress Blog","potentialAction":[{"@type":"SearchAction","target":{"@type":"EntryPoint","urlTemplate":"https:\/\/ariamedicalgroup.com\/es?s={search_term_string}"},"query-input":{"@type":"PropertyValueSpecification","valueRequired":true,"valueName":"search_term_string"}}],"inLanguage":"es"}]}},"_links":{"self":[{"href":"https:\/\/ariamedicalgroup.com\/es\/wp-json\/wp\/v2\/pages\/5744","targetHints":{"allow":["GET"]}}],"collection":[{"href":"https:\/\/ariamedicalgroup.com\/es\/wp-json\/wp\/v2\/pages"}],"about":[{"href":"https:\/\/ariamedicalgroup.com\/es\/wp-json\/wp\/v2\/types\/page"}],"author":[{"embeddable":true,"href":"https:\/\/ariamedicalgroup.com\/es\/wp-json\/wp\/v2\/users\/1"}],"replies":[{"embeddable":true,"href":"https:\/\/ariamedicalgroup.com\/es\/wp-json\/wp\/v2\/comments?post=5744"}],"version-history":[{"count":6,"href":"https:\/\/ariamedicalgroup.com\/es\/wp-json\/wp\/v2\/pages\/5744\/revisions"}],"predecessor-version":[{"id":5750,"href":"https:\/\/ariamedicalgroup.com\/es\/wp-json\/wp\/v2\/pages\/5744\/revisions\/5750"}],"wp:attachment":[{"href":"https:\/\/ariamedicalgroup.com\/es\/wp-json\/wp\/v2\/media?parent=5744"}],"curies":[{"name":"wp","href":"https:\/\/api.w.org\/{rel}","templated":true}]}}