{"id":5939,"date":"2023-02-21T14:29:27","date_gmt":"2023-02-21T14:29:27","guid":{"rendered":"https:\/\/ariamedicalgroup.com\/?page_id=5939"},"modified":"2023-02-21T14:36:23","modified_gmt":"2023-02-21T14:36:23","slug":"botox","status":"publish","type":"page","link":"https:\/\/ariamedicalgroup.com\/es\/botox","title":{"rendered":"Botox"},"content":{"rendered":"<body>\t\t<div data-elementor-type=\"wp-page\" data-elementor-id=\"5939\" class=\"elementor elementor-5939\">\n\t\t\t\t\t\t<section class=\"elementor-section elementor-top-section elementor-element elementor-element-93ab650 elementor-section-boxed elementor-section-height-default elementor-section-height-default qodef-elementor-content-no\" data-id=\"93ab650\" data-element_type=\"section\" data-e-type=\"section\">\n\t\t\t\t\t\t<div class=\"elementor-container elementor-column-gap-default\">\n\t\t\t\t\t<div class=\"elementor-column elementor-col-100 elementor-top-column elementor-element elementor-element-b4b7ad4\" data-id=\"b4b7ad4\" data-element_type=\"column\" data-e-type=\"column\">\n\t\t\t<div class=\"elementor-widget-wrap elementor-element-populated\">\n\t\t\t\t\t\t<div class=\"elementor-element elementor-element-d64228a elementor-widget elementor-widget-image\" data-id=\"d64228a\" data-element_type=\"widget\" data-e-type=\"widget\" data-widget_type=\"image.default\">\n\t\t\t\t<div class=\"elementor-widget-container\">\n\t\t\t\t\t\t\t\t\t\t\t\t\t\t\t<img decoding=\"async\" src=\"http:\/\/dev.solar-internet.com\/wp-content\/uploads\/2022\/12\/botox-ok2.jpg\" title=\"\" alt=\"\" loading=\"lazy\">\t\t\t\t\t\t\t\t\t\t\t\t\t\t\t<\/div>\n\t\t\t\t<\/div>\n\t\t\t\t<div class=\"elementor-element elementor-element-3745eb3 elementor-widget elementor-widget-qi_addons_for_elementor_section_title\" data-id=\"3745eb3\" data-element_type=\"widget\" data-e-type=\"widget\" data-widget_type=\"qi_addons_for_elementor_section_title.default\">\n\t\t\t\t<div class=\"elementor-widget-container\">\n\t\t\t\t\t<div class=\"qodef-shortcode qodef-m qodef-qi-section-title qodef-decoration--italic qodef-link--underline-draw qodef-subtitle-icon--left\">\n\t\t\t\t\t\t<h2 class=\"qodef-m-title\">\n\t\tB\u00f3tox\t<\/h2>\n\t\t\t<div class=\"qodef-m-text\"><p>El tratamiento con B\u00f3tox consigue la relajaci\u00f3n temporal de los m\u00fasculos faciales tratados, al aplicarlo estos m\u00fasculos no se contraen y la piel permanece lisa y tersa, eliminando o reduciendo considerablemente las l\u00edneas de expresi\u00f3n.<\/p><p>Adem\u00e1s la toxina botul\u00ednica nos puede permitir tratar con mucho \u00e9xito la excesiva sudoraci\u00f3n axilar o de las manos que afecta a muchas personas. La t\u00e9cnica del B\u00f3tox es altamente segura ya que se basa en la utilizaci\u00f3n de la toxina botul\u00ednica purificada que se aplica en dosis m\u00ednimas e inocuas. Se trata de una prote\u00edna que lo que hace es inhibir la producci\u00f3n del neurotransmisor acetilcolina, responsable de la transmisi\u00f3n del impulso nervioso que provoca la contracci\u00f3n muscular. El procedimiento consiste en la infiltraci\u00f3n del producto en puntos concretos de los m\u00fasculos del tercio superior de la cara a trav\u00e9s de una fin\u00edsima inyecci\u00f3n.<\/p><p>La aplicaci\u00f3n de B\u00f3tox es casi indolora y con ella se consigue bloquear la transmisi\u00f3n nerviosa que contrae los m\u00fasculos cuando se gesticula. En general, y dado que en cada aplicaci\u00f3n se inoculan muy peque\u00f1as dosis del producto, este tratamiento no suele tener efectos secundarios. No obstante, a veces puede producirse un peque\u00f1o moraton en el punto de inyecci\u00f3n que se corrige con maquillaje y que suele durar unos pocos d\u00edas.<\/p><\/div>\n\t<\/div>\n\t\t\t\t<\/div>\n\t\t\t\t<\/div>\n\t\t\t\t<div class=\"elementor-element elementor-element-7fbf00c elementor-widget elementor-widget-qi_addons_for_elementor_section_title\" data-id=\"7fbf00c\" data-element_type=\"widget\" data-e-type=\"widget\" data-widget_type=\"qi_addons_for_elementor_section_title.default\">\n\t\t\t\t<div class=\"elementor-widget-container\">\n\t\t\t\t\t<div class=\"qodef-shortcode qodef-m qodef-qi-section-title qodef-decoration--italic qodef-link--underline-draw qodef-subtitle-icon--left\">\n\t\t\t\t<h5 class=\"qodef-m-subtitle\">\n\t\tRecomendaci\u00f3n del Doctor\t\t\t<\/h5>\n\t\t\t\t\t<div class=\"qodef-m-text\"><p>El tratamiento con B\u00f3tox est\u00e1 especialmente indicado para pacientes de entre 30 a 65 a\u00f1os por sus excelentes resultados, ya que adem\u00e1s de corregir los surcos cut\u00e1neos existentes, tiene un car\u00e1cter preventivo al evitar la formaci\u00f3n de futuros pliegues faciales.<\/p><\/div>\n\t<\/div>\n\t\t\t\t<\/div>\n\t\t\t\t<\/div>\n\t\t\t\t<div class=\"elementor-element elementor-element-6687c98 elementor-widget elementor-widget-qi_addons_for_elementor_section_title\" data-id=\"6687c98\" data-element_type=\"widget\" data-e-type=\"widget\" data-widget_type=\"qi_addons_for_elementor_section_title.default\">\n\t\t\t\t<div class=\"elementor-widget-container\">\n\t\t\t\t\t<div class=\"qodef-shortcode qodef-m qodef-qi-section-title qodef-decoration--italic qodef-link--underline-draw qodef-subtitle-icon--left\">\n\t\t\t\t<h5 class=\"qodef-m-subtitle\">\n\t\tResultados\t\t\t<\/h5>\n\t\t\t\t\t<div class=\"qodef-m-text\"><p>El tratamiento de B\u00f3tox es muy r\u00e1pido y c\u00f3modo para el paciente ya que no tiene que realizar ninguna preparaci\u00f3n especial previa al mismo y no tiene que interrumpir su actividad diaria. No obstante, tras la sesi\u00f3n el paciente deber\u00e1 seguir una serie de recomendaciones como no tomar el sol, ni masajear la zona o realizar movimientos bruscos. Los efectos de este tratamiento son reversibles y su duraci\u00f3n aproximada es de unos cinco a seis meses, cuando los m\u00fasculos tratados volver\u00e1n a recuperar paulatinamente su capacidad de movimiento. No obstante, despu\u00e9s de varias sesiones su efecto es m\u00e1s duradero manteniendo m\u00e1s atenuadas las arrugas debido a que la relajaci\u00f3n muscular de los sucesivos tratamientos va reduciendo progresivamente la profundidad de las mismas.<\/p><\/div>\n\t<\/div>\n\t\t\t\t<\/div>\n\t\t\t\t<\/div>\n\t\t\t\t\t<\/div>\n\t\t<\/div>\n\t\t\t\t\t<\/div>\n\t\t<\/section>\n\t\t\t\t<section class=\"elementor-section elementor-top-section elementor-element elementor-element-3ca507af elementor-section-boxed elementor-section-height-default elementor-section-height-default qodef-elementor-content-no\" data-id=\"3ca507af\" data-element_type=\"section\" data-e-type=\"section\">\n\t\t\t\t\t\t<div class=\"elementor-container elementor-column-gap-default\">\n\t\t\t\t\t<div class=\"elementor-column elementor-col-100 elementor-top-column elementor-element elementor-element-7f0d56c\" data-id=\"7f0d56c\" data-element_type=\"column\" data-e-type=\"column\">\n\t\t\t<div class=\"elementor-widget-wrap elementor-element-populated\">\n\t\t\t\t\t\t<div class=\"elementor-element elementor-element-ba6e63f elementor-widget elementor-widget-qi_addons_for_elementor_faq\" data-id=\"ba6e63f\" data-element_type=\"widget\" data-e-type=\"widget\" data-widget_type=\"qi_addons_for_elementor_faq.default\">\n\t\t\t\t<div class=\"elementor-widget-container\">\n\t\t\t\t\t<div class=\"qodef-shortcode qodef-m qodef-qi-faq qodef-qi-clear qodef-behavior--none qodef-layout--simple qodef-style--standard\">\n\t<h3 class=\"qodef-e-title-holder\">\n\t<span class=\"qodef-e-title\">\n\t\t\t\t\u00bfEs inmediato el resultado con el B\u00f3tox?\t<\/span>\n\t<\/h3>\n<div class=\"qodef-e-content\">\n\t<div class=\"qodef-e-content-inner\">\n\t\t<p>La relajaci\u00f3n muscular o la disminuci\u00f3n de la sudoraci\u00f3n tras el tratamiento de B\u00f3tox empieza a ser evidente en las primeras 48 a 72 horas complet\u00e1ndose al cabo de 10 a 14 d\u00edas<\/p>\t<\/div>\n<\/div>\n<h3 class=\"qodef-e-title-holder\">\n\t<span class=\"qodef-e-title\">\n\t\t\t\t\u00bfTiene efectos secundarios el B\u00f3tox?\t<\/span>\n\t<\/h3>\n<div class=\"qodef-e-content\">\n\t<div class=\"qodef-e-content-inner\">\n\t\t<p>El B\u00f3tox es un tratamiento absolutamente seguro y con un alto grado de satisfacci\u00f3n. En general, y dado que en cada aplicaci\u00f3n se inoculan muy peque\u00f1as dosis del producto, el tratamiento con la toxina botul\u00ednica no suele tener efectos secundarios importantes. No obstante, a veces puede producirse un peque\u00f1o morat\u00f3n en el punto de aplicaci\u00f3n que se corrige con maquillaje y que suele durar unos pocos d\u00edas.<\/p>\t<\/div>\n<\/div>\n<h3 class=\"qodef-e-title-holder\">\n\t<span class=\"qodef-e-title\">\n\t\t\t\t\u00bfEs definitivo?\t<\/span>\n\t<\/h3>\n<div class=\"qodef-e-content\">\n\t<div class=\"qodef-e-content-inner\">\n\t\t<p>No es definitivo, si se deja de aplicar los m\u00fasculos vuelven a contraerse, recuperando su movilidad natural.<\/p>\t<\/div>\n<\/div>\n<h3 class=\"qodef-e-title-holder\">\n\t<span class=\"qodef-e-title\">\n\t\t\t\t\u00bfCu\u00e1nto suelen durar los efectos del B\u00f3tox?\t<\/span>\n\t<\/h3>\n<div class=\"qodef-e-content\">\n\t<div class=\"qodef-e-content-inner\">\n\t\t<p>Tienen una duraci\u00f3n media de 3 a 4 meses que es cuando los m\u00fasculos tratados volver\u00e1n a recuperar paulatinamente su capacidad de movimiento.A partir de este momento, gradualmente las arrugas volver\u00e1n a formarse y volver\u00e1 a empezar la producci\u00f3n de sudor.<\/p>\t<\/div>\n<\/div>\n<\/div>\n\t<script type=\"application\/ld+json\">{\"@context\":\"https:\\\/\\\/schema.org\",\"@type\":\"FAQPage\",\"mainEntity\":[{\"@type\":\"Question\",\"name\":\"\\u00bfEs inmediato el resultado con el B\\u00f3tox?\",\"acceptedAnswer\":{\"@type\":\"Answer\",\"text\":\"<p>La relajaci\\u00f3n muscular o la disminuci\\u00f3n de la sudoraci\\u00f3n tras el tratamiento de B\\u00f3tox empieza a ser evidente en las primeras 48 a 72 horas complet\\u00e1ndose al cabo de 10 a 14 d\\u00edas<\\\/p>\"}},{\"@type\":\"Question\",\"name\":\"\\u00bfTiene efectos secundarios el B\\u00f3tox?\",\"acceptedAnswer\":{\"@type\":\"Answer\",\"text\":\"<p>El B\\u00f3tox es un tratamiento absolutamente seguro y con un alto grado de satisfacci\\u00f3n. En general, y dado que en cada aplicaci\\u00f3n se inoculan muy peque\\u00f1as dosis del producto, el tratamiento con la toxina botul\\u00ednica no suele tener efectos secundarios importantes. No obstante, a veces puede producirse un peque\\u00f1o morat\\u00f3n en el punto de aplicaci\\u00f3n que se corrige con maquillaje y que suele durar unos pocos d\\u00edas.<\\\/p>\"}},{\"@type\":\"Question\",\"name\":\"\\u00bfEs definitivo?\",\"acceptedAnswer\":{\"@type\":\"Answer\",\"text\":\"<p>No es definitivo, si se deja de aplicar los m\\u00fasculos vuelven a contraerse, recuperando su movilidad natural.<\\\/p>\"}},{\"@type\":\"Question\",\"name\":\"\\u00bfCu\\u00e1nto suelen durar los efectos del B\\u00f3tox?\",\"acceptedAnswer\":{\"@type\":\"Answer\",\"text\":\"<p>Tienen una duraci\\u00f3n media de 3 a 4 meses que es cuando los m\\u00fasculos tratados volver\\u00e1n a recuperar paulatinamente su capacidad de movimiento.A partir de este momento, gradualmente las arrugas volver\\u00e1n a formarse y volver\\u00e1 a empezar la producci\\u00f3n de sudor.<\\\/p>\"}}]}<\/script>\n\t\t\t\t<\/div>\n\t\t\t\t<\/div>\n\t\t\t\t\t<\/div>\n\t\t<\/div>\n\t\t\t\t\t<\/div>\n\t\t<\/section>\n\t\t\t\t<section class=\"elementor-section elementor-top-section elementor-element elementor-element-58b4f00 elementor-section-boxed elementor-section-height-default elementor-section-height-default qodef-elementor-content-no\" data-id=\"58b4f00\" data-element_type=\"section\" data-e-type=\"section\">\n\t\t\t\t\t\t\t<div class=\"elementor-background-overlay\"><\/div>\n\t\t\t\t\t\t\t<div class=\"elementor-container elementor-column-gap-default\">\n\t\t\t\t\t<div class=\"elementor-column elementor-col-100 elementor-top-column elementor-element elementor-element-a4e709a\" data-id=\"a4e709a\" data-element_type=\"column\" data-e-type=\"column\">\n\t\t\t<div class=\"elementor-widget-wrap elementor-element-populated\">\n\t\t\t\t\t\t<div class=\"elementor-element elementor-element-5ec1854 elementor-widget elementor-widget-wp-widget-touchup_core_contact_form_7\" data-id=\"5ec1854\" data-element_type=\"widget\" data-e-type=\"widget\" data-settings='{\"_animation\":\"none\",\"_animation_delay\":900}' data-widget_type=\"wp-widget-touchup_core_contact_form_7.default\">\n\t\t\t\t<div class=\"elementor-widget-container\">\n\t\t\t\t\t\t\t\t<div class=\"qodef-contact-form-7\">\n\t\t\t\t\n<div class=\"wpcf7 no-js\" id=\"wpcf7-f5618-o1\" lang=\"en-US\" dir=\"ltr\" data-wpcf7-id=\"5618\">\n<div class=\"screen-reader-response\"><p role=\"status\" aria-live=\"polite\" aria-atomic=\"true\"><\/p> <ul><\/ul><\/div>\n<form action=\"\/es\/wp-json\/wp\/v2\/pages\/5939#wpcf7-f5618-o1\" method=\"post\" class=\"wpcf7-form init\" aria-label=\"Contact form\" novalidate=\"novalidate\" data-status=\"init\">\n<fieldset class=\"hidden-fields-container\"><input type=\"hidden\" name=\"_wpcf7\" value=\"5618\"><input type=\"hidden\" name=\"_wpcf7_version\" value=\"6.1.5\"><input type=\"hidden\" name=\"_wpcf7_locale\" value=\"en_US\"><input type=\"hidden\" name=\"_wpcf7_unit_tag\" value=\"wpcf7-f5618-o1\"><input type=\"hidden\" name=\"_wpcf7_container_post\" value=\"0\"><input type=\"hidden\" name=\"_wpcf7_posted_data_hash\" value=\"\">\n<\/fieldset>\n<p class=\"form\">Nombre<span class=\"wpcf7-form-control-wrap\" data-name=\"your-name\"><input size=\"40\" maxlength=\"400\" class=\"wpcf7-form-control wpcf7-text wpcf7-validates-as-required\" aria-required=\"true\" aria-invalid=\"false\" placeholder=\"\" value=\"\" type=\"text\" name=\"your-name\"><\/span> <\/p>\n\n\n<p class=\"form\">Email<span class=\"wpcf7-form-control-wrap\" data-name=\"your-email\"><input size=\"40\" maxlength=\"400\" class=\"wpcf7-form-control wpcf7-email wpcf7-validates-as-required wpcf7-text wpcf7-validates-as-email\" aria-required=\"true\" aria-invalid=\"false\" placeholder=\"\" value=\"\" type=\"email\" name=\"your-email\"><\/span> <\/p>\n\n\n<p class=\"form\">Su N\u00famero de Tel\u00e9fono<span class=\"wpcf7-form-control-wrap\" data-name=\"your-subject\"><input size=\"40\" maxlength=\"400\" class=\"wpcf7-form-control wpcf7-text wpcf7-validates-as-required\" aria-required=\"true\" aria-invalid=\"false\" placeholder=\"\" value=\"\" type=\"text\" name=\"your-subject\"><\/span><\/p>\n\n<p class=\"form\">\u00bfQue Clinica?\n<span class=\"wpcf7-form-control-wrap\" data-name=\"checkbox-357\"><span class=\"wpcf7-form-control wpcf7-checkbox\"><span class=\"wpcf7-list-item first\"><label><input type=\"checkbox\" name=\"checkbox-357[]\" value=\"Madrid\"><span class=\"wpcf7-list-item-label\">Madrid<\/span><\/label><\/span><span class=\"wpcf7-list-item\"><label><input type=\"checkbox\" name=\"checkbox-357[]\" value=\"Marbella\"><span class=\"wpcf7-list-item-label\">Marbella<\/span><\/label><\/span><span class=\"wpcf7-list-item last\"><label><input type=\"checkbox\" name=\"checkbox-357[]\" value=\"Gibraltar\"><span class=\"wpcf7-list-item-label\">Gibraltar<\/span><\/label><\/span><\/span><\/span><\/p>\n\n<p class=\"form\">\u00bfQu\u00e9 tr\u00e1mite te interesa?<span class=\"wpcf7-form-control-wrap\" data-name=\"textarea-876\"><textarea cols=\"40\" rows=\"10\" maxlength=\"2000\" class=\"wpcf7-form-control wpcf7-textarea\" aria-invalid=\"false\" placeholder=\"\" name=\"textarea-876\"><\/textarea><\/span><\/p>\n\n<button class=\"wpcf7-form-control wpcf7-submit qodef-button qodef-size--normal qodef-type--filled qodef-m\" type=\"submit\"><span class=\"qodef-m-text\">Enviar<\/span><\/button><div class=\"wpcf7-response-output\" aria-hidden=\"true\"><\/div>\n<\/form>\n<\/div>\n\t\t\t<\/div>\n\t\t\t\t\t\t\t<\/div>\n\t\t\t\t<\/div>\n\t\t\t\t\t<\/div>\n\t\t<\/div>\n\t\t\t\t\t<\/div>\n\t\t<\/section>\n\t\t\t\t<\/div>\n\t\t<\/body>","protected":false},"excerpt":{"rendered":"<p>B\u00f3tox El tratamiento con B\u00f3tox consigue la relajaci\u00f3n temporal de los m\u00fasculos faciales tratados, al aplicarlo estos m\u00fasculos no se contraen y la piel permanece lisa y tersa, eliminando o reduciendo considerablemente las l\u00edneas de expresi\u00f3n. Adem\u00e1s la toxina botul\u00ednica nos puede permitir tratar con mucho \u00e9xito la excesiva sudoraci\u00f3n axilar o de las manos [&hellip;]<\/p>\n","protected":false},"author":1,"featured_media":0,"parent":0,"menu_order":1,"comment_status":"closed","ping_status":"closed","template":"","meta":{"footnotes":""},"class_list":["post-5939","page","type-page","status-publish","hentry"],"yoast_head":"<!-- This site is optimized with the Yoast SEO plugin v27.5 - https:\/\/yoast.com\/product\/yoast-seo-wordpress\/ -->\n<title>Botox - Aria<\/title>\n<meta name=\"robots\" content=\"noindex, follow, max-snippet:-1, max-image-preview:large, max-video-preview:-1\" \/>\n<meta property=\"og:locale\" content=\"es_ES\" \/>\n<meta property=\"og:type\" content=\"article\" \/>\n<meta property=\"og:title\" content=\"Botox - Aria\" \/>\n<meta property=\"og:description\" content=\"B\u00f3tox El tratamiento con B\u00f3tox consigue la relajaci\u00f3n temporal de los m\u00fasculos faciales tratados, al aplicarlo estos m\u00fasculos no se contraen y la piel permanece lisa y tersa, eliminando o reduciendo considerablemente las l\u00edneas de expresi\u00f3n. Adem\u00e1s la toxina botul\u00ednica nos puede permitir tratar con mucho \u00e9xito la excesiva sudoraci\u00f3n axilar o de las manos [&hellip;]\" \/>\n<meta property=\"og:url\" content=\"https:\/\/ariamedicalgroup.com\/es\/botox\" \/>\n<meta property=\"og:site_name\" content=\"Aria\" \/>\n<meta property=\"article:modified_time\" content=\"2023-02-21T14:36:23+00:00\" \/>\n<meta property=\"og:image\" content=\"http:\/\/dev.solar-internet.com\/wp-content\/uploads\/2022\/12\/botox-ok2.jpg\" \/>\n<meta name=\"twitter:card\" content=\"summary_large_image\" \/>\n<meta name=\"twitter:label1\" content=\"Tiempo de lectura\" \/>\n\t<meta name=\"twitter:data1\" content=\"3 minutos\" \/>\n<script type=\"application\/ld+json\" class=\"yoast-schema-graph\">{\"@context\":\"https:\\\/\\\/schema.org\",\"@graph\":[{\"@type\":\"WebPage\",\"@id\":\"https:\\\/\\\/ariamedicalgroup.com\\\/es\\\/botox\",\"url\":\"https:\\\/\\\/ariamedicalgroup.com\\\/es\\\/botox\",\"name\":\"Botox - Aria\",\"isPartOf\":{\"@id\":\"https:\\\/\\\/ariamedicalgroup.com\\\/es#website\"},\"primaryImageOfPage\":{\"@id\":\"https:\\\/\\\/ariamedicalgroup.com\\\/es\\\/botox#primaryimage\"},\"image\":{\"@id\":\"https:\\\/\\\/ariamedicalgroup.com\\\/es\\\/botox#primaryimage\"},\"thumbnailUrl\":\"http:\\\/\\\/dev.solar-internet.com\\\/wp-content\\\/uploads\\\/2022\\\/12\\\/botox-ok2.jpg\",\"datePublished\":\"2023-02-21T14:29:27+00:00\",\"dateModified\":\"2023-02-21T14:36:23+00:00\",\"breadcrumb\":{\"@id\":\"https:\\\/\\\/ariamedicalgroup.com\\\/es\\\/botox#breadcrumb\"},\"inLanguage\":\"es\",\"potentialAction\":[{\"@type\":\"ReadAction\",\"target\":[\"https:\\\/\\\/ariamedicalgroup.com\\\/es\\\/botox\"]}]},{\"@type\":\"ImageObject\",\"inLanguage\":\"es\",\"@id\":\"https:\\\/\\\/ariamedicalgroup.com\\\/es\\\/botox#primaryimage\",\"url\":\"http:\\\/\\\/dev.solar-internet.com\\\/wp-content\\\/uploads\\\/2022\\\/12\\\/botox-ok2.jpg\",\"contentUrl\":\"http:\\\/\\\/dev.solar-internet.com\\\/wp-content\\\/uploads\\\/2022\\\/12\\\/botox-ok2.jpg\"},{\"@type\":\"BreadcrumbList\",\"@id\":\"https:\\\/\\\/ariamedicalgroup.com\\\/es\\\/botox#breadcrumb\",\"itemListElement\":[{\"@type\":\"ListItem\",\"position\":1,\"name\":\"Home\",\"item\":\"https:\\\/\\\/ariamedicalgroup.com\\\/es\"},{\"@type\":\"ListItem\",\"position\":2,\"name\":\"Botox\"}]},{\"@type\":\"WebSite\",\"@id\":\"https:\\\/\\\/ariamedicalgroup.com\\\/es#website\",\"url\":\"https:\\\/\\\/ariamedicalgroup.com\\\/es\",\"name\":\"Aria\",\"description\":\"My WordPress Blog\",\"potentialAction\":[{\"@type\":\"SearchAction\",\"target\":{\"@type\":\"EntryPoint\",\"urlTemplate\":\"https:\\\/\\\/ariamedicalgroup.com\\\/es?s={search_term_string}\"},\"query-input\":{\"@type\":\"PropertyValueSpecification\",\"valueRequired\":true,\"valueName\":\"search_term_string\"}}],\"inLanguage\":\"es\"}]}<\/script>\n<!-- \/ Yoast SEO plugin. -->","yoast_head_json":{"title":"Botox - Aria","robots":{"index":"noindex","follow":"follow","max-snippet":"max-snippet:-1","max-image-preview":"max-image-preview:large","max-video-preview":"max-video-preview:-1"},"og_locale":"es_ES","og_type":"article","og_title":"Botox - Aria","og_description":"B\u00f3tox El tratamiento con B\u00f3tox consigue la relajaci\u00f3n temporal de los m\u00fasculos faciales tratados, al aplicarlo estos m\u00fasculos no se contraen y la piel permanece lisa y tersa, eliminando o reduciendo considerablemente las l\u00edneas de expresi\u00f3n. Adem\u00e1s la toxina botul\u00ednica nos puede permitir tratar con mucho \u00e9xito la excesiva sudoraci\u00f3n axilar o de las manos [&hellip;]","og_url":"https:\/\/ariamedicalgroup.com\/es\/botox","og_site_name":"Aria","article_modified_time":"2023-02-21T14:36:23+00:00","og_image":[{"url":"http:\/\/dev.solar-internet.com\/wp-content\/uploads\/2022\/12\/botox-ok2.jpg","type":"","width":"","height":""}],"twitter_card":"summary_large_image","twitter_misc":{"Tiempo de lectura":"3 minutos"},"schema":{"@context":"https:\/\/schema.org","@graph":[{"@type":"WebPage","@id":"https:\/\/ariamedicalgroup.com\/es\/botox","url":"https:\/\/ariamedicalgroup.com\/es\/botox","name":"Botox - Aria","isPartOf":{"@id":"https:\/\/ariamedicalgroup.com\/es#website"},"primaryImageOfPage":{"@id":"https:\/\/ariamedicalgroup.com\/es\/botox#primaryimage"},"image":{"@id":"https:\/\/ariamedicalgroup.com\/es\/botox#primaryimage"},"thumbnailUrl":"http:\/\/dev.solar-internet.com\/wp-content\/uploads\/2022\/12\/botox-ok2.jpg","datePublished":"2023-02-21T14:29:27+00:00","dateModified":"2023-02-21T14:36:23+00:00","breadcrumb":{"@id":"https:\/\/ariamedicalgroup.com\/es\/botox#breadcrumb"},"inLanguage":"es","potentialAction":[{"@type":"ReadAction","target":["https:\/\/ariamedicalgroup.com\/es\/botox"]}]},{"@type":"ImageObject","inLanguage":"es","@id":"https:\/\/ariamedicalgroup.com\/es\/botox#primaryimage","url":"http:\/\/dev.solar-internet.com\/wp-content\/uploads\/2022\/12\/botox-ok2.jpg","contentUrl":"http:\/\/dev.solar-internet.com\/wp-content\/uploads\/2022\/12\/botox-ok2.jpg"},{"@type":"BreadcrumbList","@id":"https:\/\/ariamedicalgroup.com\/es\/botox#breadcrumb","itemListElement":[{"@type":"ListItem","position":1,"name":"Home","item":"https:\/\/ariamedicalgroup.com\/es"},{"@type":"ListItem","position":2,"name":"Botox"}]},{"@type":"WebSite","@id":"https:\/\/ariamedicalgroup.com\/es#website","url":"https:\/\/ariamedicalgroup.com\/es","name":"Aria","description":"My WordPress Blog","potentialAction":[{"@type":"SearchAction","target":{"@type":"EntryPoint","urlTemplate":"https:\/\/ariamedicalgroup.com\/es?s={search_term_string}"},"query-input":{"@type":"PropertyValueSpecification","valueRequired":true,"valueName":"search_term_string"}}],"inLanguage":"es"}]}},"_links":{"self":[{"href":"https:\/\/ariamedicalgroup.com\/es\/wp-json\/wp\/v2\/pages\/5939","targetHints":{"allow":["GET"]}}],"collection":[{"href":"https:\/\/ariamedicalgroup.com\/es\/wp-json\/wp\/v2\/pages"}],"about":[{"href":"https:\/\/ariamedicalgroup.com\/es\/wp-json\/wp\/v2\/types\/page"}],"author":[{"embeddable":true,"href":"https:\/\/ariamedicalgroup.com\/es\/wp-json\/wp\/v2\/users\/1"}],"replies":[{"embeddable":true,"href":"https:\/\/ariamedicalgroup.com\/es\/wp-json\/wp\/v2\/comments?post=5939"}],"version-history":[{"count":5,"href":"https:\/\/ariamedicalgroup.com\/es\/wp-json\/wp\/v2\/pages\/5939\/revisions"}],"predecessor-version":[{"id":5948,"href":"https:\/\/ariamedicalgroup.com\/es\/wp-json\/wp\/v2\/pages\/5939\/revisions\/5948"}],"wp:attachment":[{"href":"https:\/\/ariamedicalgroup.com\/es\/wp-json\/wp\/v2\/media?parent=5939"}],"curies":[{"name":"wp","href":"https:\/\/api.w.org\/{rel}","templated":true}]}}