{"id":6051,"date":"2023-03-01T10:56:31","date_gmt":"2023-03-01T10:56:31","guid":{"rendered":"https:\/\/ariamedicalgroup.com\/?page_id=6051"},"modified":"2023-03-08T08:39:29","modified_gmt":"2023-03-08T08:39:29","slug":"tanya","status":"publish","type":"page","link":"https:\/\/ariamedicalgroup.com\/es\/tanya","title":{"rendered":"Tanya"},"content":{"rendered":"<body>\t\t<div data-elementor-type=\"wp-page\" data-elementor-id=\"6051\" class=\"elementor elementor-6051\">\n\t\t\t\t\t\t<section class=\"elementor-section elementor-top-section elementor-element elementor-element-568e94a elementor-section-boxed elementor-section-height-default elementor-section-height-default qodef-elementor-content-no\" data-id=\"568e94a\" data-element_type=\"section\" data-e-type=\"section\">\n\t\t\t\t\t\t<div class=\"elementor-container elementor-column-gap-default\">\n\t\t\t\t\t<div class=\"elementor-column elementor-col-50 elementor-top-column elementor-element elementor-element-b41374c\" data-id=\"b41374c\" data-element_type=\"column\" data-e-type=\"column\">\n\t\t\t<div class=\"elementor-widget-wrap elementor-element-populated\">\n\t\t\t\t\t\t<div class=\"elementor-element elementor-element-1bf8370 elementor-widget elementor-widget-image\" data-id=\"1bf8370\" data-element_type=\"widget\" data-e-type=\"widget\" data-widget_type=\"image.default\">\n\t\t\t\t<div class=\"elementor-widget-container\">\n\t\t\t\t\t\t\t\t\t\t\t\t\t\t\t<img loading=\"lazy\" decoding=\"async\" width=\"238\" height=\"300\" src=\"https:\/\/ariamedicalgroup.com\/wp-content\/uploads\/2023\/03\/tanya-238x300.jpg\" class=\"attachment-medium size-medium wp-image-6045\" alt=\"\" srcset=\"https:\/\/ariamedicalgroup.com\/wp-content\/uploads\/2023\/03\/tanya-238x300.jpg 238w, https:\/\/ariamedicalgroup.com\/wp-content\/uploads\/2023\/03\/tanya.jpg 486w\" sizes=\"auto, (max-width: 238px) 100vw, 238px\" loading=\"lazy\">\t\t\t\t\t\t\t\t\t\t\t\t\t\t\t<\/div>\n\t\t\t\t<\/div>\n\t\t\t\t\t<\/div>\n\t\t<\/div>\n\t\t\t\t<div class=\"elementor-column elementor-col-50 elementor-top-column elementor-element elementor-element-34977bb\" data-id=\"34977bb\" data-element_type=\"column\" data-e-type=\"column\">\n\t\t\t<div class=\"elementor-widget-wrap elementor-element-populated\">\n\t\t\t\t\t\t<div class=\"elementor-element elementor-element-f8c45db elementor-widget elementor-widget-qi_addons_for_elementor_section_title\" data-id=\"f8c45db\" data-element_type=\"widget\" data-e-type=\"widget\" data-widget_type=\"qi_addons_for_elementor_section_title.default\">\n\t\t\t\t<div class=\"elementor-widget-container\">\n\t\t\t\t\t<div class=\"qodef-shortcode qodef-m qodef-qi-section-title qodef-decoration--italic qodef-link--underline-draw qodef-subtitle-icon--left\">\n\t\t\t<h2 class=\"qodef-m-title\">\n\t\tTanya Keble\t<\/h2>\n\t\t\t\t<h5 class=\"qodef-m-subtitle\">\n\t\tServicios Cl\u00ednicos\t\t\t<\/h5>\n\t\t\t<div class=\"qodef-m-text\"><p>Tanya es nuestra enfermera especialista en Cirug\u00eda Est\u00e9tica. Como miembro importante de nuestro personal cl\u00ednico con una trayectoria m\u00e9dica reconocida. Tanya acompa\u00f1a a todos nuestros clientes tanto en las pruebas pre como postoperatorias, siempre mano a mano con el Dr. Marco Vricella.<\/p><p>Tanya, con una personalidad servicial atiende con simpat\u00eda y dedicaci\u00f3n a todos nuestros clientes.<\/p><p>Para contactar con Tanya: (+34) 652 321 683<\/p><\/div>\n\t<\/div>\n\t\t\t\t<\/div>\n\t\t\t\t<\/div>\n\t\t\t\t\t<\/div>\n\t\t<\/div>\n\t\t\t\t\t<\/div>\n\t\t<\/section>\n\t\t\t\t<\/div>\n\t\t<\/body>","protected":false},"excerpt":{"rendered":"<p>Tanya Keble Servicios Cl\u00ednicos Tanya es nuestra enfermera especialista en Cirug\u00eda Est\u00e9tica. Como miembro importante de nuestro personal cl\u00ednico con una trayectoria m\u00e9dica reconocida. Tanya acompa\u00f1a a todos nuestros clientes tanto en las pruebas pre como postoperatorias, siempre mano a mano con el Dr. Marco Vricella. Tanya, con una personalidad servicial atiende con simpat\u00eda y [&hellip;]<\/p>\n","protected":false},"author":1,"featured_media":0,"parent":0,"menu_order":0,"comment_status":"closed","ping_status":"closed","template":"","meta":{"footnotes":""},"class_list":["post-6051","page","type-page","status-publish","hentry"],"yoast_head":"<!-- This site is optimized with the Yoast SEO plugin v27.3 - https:\/\/yoast.com\/product\/yoast-seo-wordpress\/ -->\n<title>Tanya - Aria<\/title>\n<meta name=\"robots\" content=\"noindex, follow, max-snippet:-1, max-image-preview:large, max-video-preview:-1\" \/>\n<meta property=\"og:locale\" content=\"es_ES\" \/>\n<meta property=\"og:type\" content=\"article\" \/>\n<meta property=\"og:title\" content=\"Tanya - Aria\" \/>\n<meta property=\"og:description\" content=\"Tanya Keble Servicios Cl\u00ednicos Tanya es nuestra enfermera especialista en Cirug\u00eda Est\u00e9tica. Como miembro importante de nuestro personal cl\u00ednico con una trayectoria m\u00e9dica reconocida. Tanya acompa\u00f1a a todos nuestros clientes tanto en las pruebas pre como postoperatorias, siempre mano a mano con el Dr. Marco Vricella. Tanya, con una personalidad servicial atiende con simpat\u00eda y [&hellip;]\" \/>\n<meta property=\"og:url\" content=\"https:\/\/ariamedicalgroup.com\/es\/tanya\" \/>\n<meta property=\"og:site_name\" content=\"Aria\" \/>\n<meta property=\"article:modified_time\" content=\"2023-03-08T08:39:29+00:00\" \/>\n<meta property=\"og:image\" content=\"https:\/\/ariamedicalgroup.com\/wp-content\/uploads\/2023\/03\/tanya-238x300.jpg\" \/>\n<meta name=\"twitter:card\" content=\"summary_large_image\" \/>\n<script type=\"application\/ld+json\" class=\"yoast-schema-graph\">{\"@context\":\"https:\\\/\\\/schema.org\",\"@graph\":[{\"@type\":\"WebPage\",\"@id\":\"https:\\\/\\\/ariamedicalgroup.com\\\/es\\\/tanya\",\"url\":\"https:\\\/\\\/ariamedicalgroup.com\\\/es\\\/tanya\",\"name\":\"Tanya - Aria\",\"isPartOf\":{\"@id\":\"https:\\\/\\\/ariamedicalgroup.com\\\/es#website\"},\"primaryImageOfPage\":{\"@id\":\"https:\\\/\\\/ariamedicalgroup.com\\\/es\\\/tanya#primaryimage\"},\"image\":{\"@id\":\"https:\\\/\\\/ariamedicalgroup.com\\\/es\\\/tanya#primaryimage\"},\"thumbnailUrl\":\"https:\\\/\\\/ariamedicalgroup.com\\\/wp-content\\\/uploads\\\/2023\\\/03\\\/tanya-238x300.jpg\",\"datePublished\":\"2023-03-01T10:56:31+00:00\",\"dateModified\":\"2023-03-08T08:39:29+00:00\",\"breadcrumb\":{\"@id\":\"https:\\\/\\\/ariamedicalgroup.com\\\/es\\\/tanya#breadcrumb\"},\"inLanguage\":\"es\",\"potentialAction\":[{\"@type\":\"ReadAction\",\"target\":[\"https:\\\/\\\/ariamedicalgroup.com\\\/es\\\/tanya\"]}]},{\"@type\":\"ImageObject\",\"inLanguage\":\"es\",\"@id\":\"https:\\\/\\\/ariamedicalgroup.com\\\/es\\\/tanya#primaryimage\",\"url\":\"https:\\\/\\\/ariamedicalgroup.com\\\/wp-content\\\/uploads\\\/2023\\\/03\\\/tanya-238x300.jpg\",\"contentUrl\":\"https:\\\/\\\/ariamedicalgroup.com\\\/wp-content\\\/uploads\\\/2023\\\/03\\\/tanya-238x300.jpg\"},{\"@type\":\"BreadcrumbList\",\"@id\":\"https:\\\/\\\/ariamedicalgroup.com\\\/es\\\/tanya#breadcrumb\",\"itemListElement\":[{\"@type\":\"ListItem\",\"position\":1,\"name\":\"Home\",\"item\":\"https:\\\/\\\/ariamedicalgroup.com\\\/es\"},{\"@type\":\"ListItem\",\"position\":2,\"name\":\"Tanya\"}]},{\"@type\":\"WebSite\",\"@id\":\"https:\\\/\\\/ariamedicalgroup.com\\\/es#website\",\"url\":\"https:\\\/\\\/ariamedicalgroup.com\\\/es\",\"name\":\"Aria\",\"description\":\"My WordPress Blog\",\"potentialAction\":[{\"@type\":\"SearchAction\",\"target\":{\"@type\":\"EntryPoint\",\"urlTemplate\":\"https:\\\/\\\/ariamedicalgroup.com\\\/es?s={search_term_string}\"},\"query-input\":{\"@type\":\"PropertyValueSpecification\",\"valueRequired\":true,\"valueName\":\"search_term_string\"}}],\"inLanguage\":\"es\"}]}<\/script>\n<!-- \/ Yoast SEO plugin. -->","yoast_head_json":{"title":"Tanya - Aria","robots":{"index":"noindex","follow":"follow","max-snippet":"max-snippet:-1","max-image-preview":"max-image-preview:large","max-video-preview":"max-video-preview:-1"},"og_locale":"es_ES","og_type":"article","og_title":"Tanya - Aria","og_description":"Tanya Keble Servicios Cl\u00ednicos Tanya es nuestra enfermera especialista en Cirug\u00eda Est\u00e9tica. Como miembro importante de nuestro personal cl\u00ednico con una trayectoria m\u00e9dica reconocida. Tanya acompa\u00f1a a todos nuestros clientes tanto en las pruebas pre como postoperatorias, siempre mano a mano con el Dr. Marco Vricella. Tanya, con una personalidad servicial atiende con simpat\u00eda y [&hellip;]","og_url":"https:\/\/ariamedicalgroup.com\/es\/tanya","og_site_name":"Aria","article_modified_time":"2023-03-08T08:39:29+00:00","og_image":[{"url":"https:\/\/ariamedicalgroup.com\/wp-content\/uploads\/2023\/03\/tanya-238x300.jpg","type":"","width":"","height":""}],"twitter_card":"summary_large_image","schema":{"@context":"https:\/\/schema.org","@graph":[{"@type":"WebPage","@id":"https:\/\/ariamedicalgroup.com\/es\/tanya","url":"https:\/\/ariamedicalgroup.com\/es\/tanya","name":"Tanya - Aria","isPartOf":{"@id":"https:\/\/ariamedicalgroup.com\/es#website"},"primaryImageOfPage":{"@id":"https:\/\/ariamedicalgroup.com\/es\/tanya#primaryimage"},"image":{"@id":"https:\/\/ariamedicalgroup.com\/es\/tanya#primaryimage"},"thumbnailUrl":"https:\/\/ariamedicalgroup.com\/wp-content\/uploads\/2023\/03\/tanya-238x300.jpg","datePublished":"2023-03-01T10:56:31+00:00","dateModified":"2023-03-08T08:39:29+00:00","breadcrumb":{"@id":"https:\/\/ariamedicalgroup.com\/es\/tanya#breadcrumb"},"inLanguage":"es","potentialAction":[{"@type":"ReadAction","target":["https:\/\/ariamedicalgroup.com\/es\/tanya"]}]},{"@type":"ImageObject","inLanguage":"es","@id":"https:\/\/ariamedicalgroup.com\/es\/tanya#primaryimage","url":"https:\/\/ariamedicalgroup.com\/wp-content\/uploads\/2023\/03\/tanya-238x300.jpg","contentUrl":"https:\/\/ariamedicalgroup.com\/wp-content\/uploads\/2023\/03\/tanya-238x300.jpg"},{"@type":"BreadcrumbList","@id":"https:\/\/ariamedicalgroup.com\/es\/tanya#breadcrumb","itemListElement":[{"@type":"ListItem","position":1,"name":"Home","item":"https:\/\/ariamedicalgroup.com\/es"},{"@type":"ListItem","position":2,"name":"Tanya"}]},{"@type":"WebSite","@id":"https:\/\/ariamedicalgroup.com\/es#website","url":"https:\/\/ariamedicalgroup.com\/es","name":"Aria","description":"My WordPress Blog","potentialAction":[{"@type":"SearchAction","target":{"@type":"EntryPoint","urlTemplate":"https:\/\/ariamedicalgroup.com\/es?s={search_term_string}"},"query-input":{"@type":"PropertyValueSpecification","valueRequired":true,"valueName":"search_term_string"}}],"inLanguage":"es"}]}},"_links":{"self":[{"href":"https:\/\/ariamedicalgroup.com\/es\/wp-json\/wp\/v2\/pages\/6051","targetHints":{"allow":["GET"]}}],"collection":[{"href":"https:\/\/ariamedicalgroup.com\/es\/wp-json\/wp\/v2\/pages"}],"about":[{"href":"https:\/\/ariamedicalgroup.com\/es\/wp-json\/wp\/v2\/types\/page"}],"author":[{"embeddable":true,"href":"https:\/\/ariamedicalgroup.com\/es\/wp-json\/wp\/v2\/users\/1"}],"replies":[{"embeddable":true,"href":"https:\/\/ariamedicalgroup.com\/es\/wp-json\/wp\/v2\/comments?post=6051"}],"version-history":[{"count":9,"href":"https:\/\/ariamedicalgroup.com\/es\/wp-json\/wp\/v2\/pages\/6051\/revisions"}],"predecessor-version":[{"id":6160,"href":"https:\/\/ariamedicalgroup.com\/es\/wp-json\/wp\/v2\/pages\/6051\/revisions\/6160"}],"wp:attachment":[{"href":"https:\/\/ariamedicalgroup.com\/es\/wp-json\/wp\/v2\/media?parent=6051"}],"curies":[{"name":"wp","href":"https:\/\/api.w.org\/{rel}","templated":true}]}}