{"id":6057,"date":"2023-03-01T10:58:45","date_gmt":"2023-03-01T10:58:45","guid":{"rendered":"https:\/\/ariamedicalgroup.com\/?page_id=6057"},"modified":"2023-03-08T08:37:19","modified_gmt":"2023-03-08T08:37:19","slug":"louise","status":"publish","type":"page","link":"https:\/\/ariamedicalgroup.com\/es\/louise","title":{"rendered":"Louise"},"content":{"rendered":"<body>\t\t<div data-elementor-type=\"wp-page\" data-elementor-id=\"6057\" class=\"elementor elementor-6057\">\n\t\t\t\t\t\t<section class=\"elementor-section elementor-top-section elementor-element elementor-element-19c41b4 elementor-section-boxed elementor-section-height-default elementor-section-height-default qodef-elementor-content-no\" data-id=\"19c41b4\" data-element_type=\"section\" data-e-type=\"section\">\n\t\t\t\t\t\t<div class=\"elementor-container elementor-column-gap-default\">\n\t\t\t\t\t<div class=\"elementor-column elementor-col-50 elementor-top-column elementor-element elementor-element-bc140f9\" data-id=\"bc140f9\" data-element_type=\"column\" data-e-type=\"column\">\n\t\t\t<div class=\"elementor-widget-wrap elementor-element-populated\">\n\t\t\t\t\t\t<div class=\"elementor-element elementor-element-ddea0cf elementor-widget elementor-widget-image\" data-id=\"ddea0cf\" data-element_type=\"widget\" data-e-type=\"widget\" data-widget_type=\"image.default\">\n\t\t\t\t<div class=\"elementor-widget-container\">\n\t\t\t\t\t\t\t\t\t\t\t\t\t\t\t<img loading=\"lazy\" decoding=\"async\" width=\"485\" height=\"613\" src=\"https:\/\/ariamedicalgroup.com\/wp-content\/uploads\/2023\/03\/louise-new.jpg\" class=\"attachment-medium_large size-medium_large wp-image-6058\" alt=\"\" srcset=\"https:\/\/ariamedicalgroup.com\/wp-content\/uploads\/2023\/03\/louise-new.jpg 485w, https:\/\/ariamedicalgroup.com\/wp-content\/uploads\/2023\/03\/louise-new-237x300.jpg 237w\" sizes=\"auto, (max-width: 485px) 100vw, 485px\" loading=\"lazy\">\t\t\t\t\t\t\t\t\t\t\t\t\t\t\t<\/div>\n\t\t\t\t<\/div>\n\t\t\t\t\t<\/div>\n\t\t<\/div>\n\t\t\t\t<div class=\"elementor-column elementor-col-50 elementor-top-column elementor-element elementor-element-49a5465\" data-id=\"49a5465\" data-element_type=\"column\" data-e-type=\"column\">\n\t\t\t<div class=\"elementor-widget-wrap elementor-element-populated\">\n\t\t\t\t\t\t<div class=\"elementor-element elementor-element-97f2b20 elementor-widget elementor-widget-qi_addons_for_elementor_section_title\" data-id=\"97f2b20\" data-element_type=\"widget\" data-e-type=\"widget\" data-widget_type=\"qi_addons_for_elementor_section_title.default\">\n\t\t\t\t<div class=\"elementor-widget-container\">\n\t\t\t\t\t<div class=\"qodef-shortcode qodef-m qodef-qi-section-title qodef-decoration--italic qodef-link--underline-draw qodef-subtitle-icon--left\">\n\t\t\t<h2 class=\"qodef-m-title\">\n\t\tLouise Truelove\t<\/h2>\n\t\t\t\t<h5 class=\"qodef-m-subtitle\">\n\t\tCoordinadora Jefe de Pacientes\t\t\t<\/h5>\n\t\t\t<div class=\"qodef-m-text\"><p>Louise suele ser la primera persona con la que hablan los clientes de Aria Medical Group.<\/p><p>Ella se encarga no solo de la buena gesti\u00f3n de las consultas, las operaciones, y los postoperatorios de nuestros clientes, sino tambi\u00e9n est\u00e1 siempre disponible en nuestras consultas privadas gratuitas.<\/p><p>Louise tiene una larga y reconocida experiencia como Asistente Personal. Trabaj\u00f3 durante 5 a\u00f1os como asistente del Presidente, Director General y Director M\u00e9dico del Hospital Princess Margaret, Swindon en UK. Desde que se traslad\u00f3 a Espa\u00f1a en 2005 ha trabajado en el sector de la cirug\u00eda est\u00e9tica donde es muy conocida y respetada en la Costa.<\/p><p>Para contactar con Louise:<\/p><p>Email: info@ariamedicalgroup.com<\/p><p>Tel: (+34) 671 639 353<\/p><\/div>\n\t<\/div>\n\t\t\t\t<\/div>\n\t\t\t\t<\/div>\n\t\t\t\t\t<\/div>\n\t\t<\/div>\n\t\t\t\t\t<\/div>\n\t\t<\/section>\n\t\t\t\t<\/div>\n\t\t<\/body>","protected":false},"excerpt":{"rendered":"<p>Louise Truelove Coordinadora Jefe de Pacientes Louise suele ser la primera persona con la que hablan los clientes de Aria Medical Group. Ella se encarga no solo de la buena gesti\u00f3n de las consultas, las operaciones, y los postoperatorios de nuestros clientes, sino tambi\u00e9n est\u00e1 siempre disponible en nuestras consultas privadas gratuitas. Louise tiene una [&hellip;]<\/p>\n","protected":false},"author":1,"featured_media":0,"parent":0,"menu_order":0,"comment_status":"closed","ping_status":"closed","template":"","meta":{"footnotes":""},"class_list":["post-6057","page","type-page","status-publish","hentry"],"yoast_head":"<!-- This site is optimized with the Yoast SEO plugin v27.4 - https:\/\/yoast.com\/product\/yoast-seo-wordpress\/ -->\n<title>Louise - Aria<\/title>\n<meta name=\"robots\" content=\"noindex, follow, max-snippet:-1, max-image-preview:large, max-video-preview:-1\" \/>\n<meta property=\"og:locale\" content=\"es_ES\" \/>\n<meta property=\"og:type\" content=\"article\" \/>\n<meta property=\"og:title\" content=\"Louise - Aria\" \/>\n<meta property=\"og:description\" content=\"Louise Truelove Coordinadora Jefe de Pacientes Louise suele ser la primera persona con la que hablan los clientes de Aria Medical Group. Ella se encarga no solo de la buena gesti\u00f3n de las consultas, las operaciones, y los postoperatorios de nuestros clientes, sino tambi\u00e9n est\u00e1 siempre disponible en nuestras consultas privadas gratuitas. Louise tiene una [&hellip;]\" \/>\n<meta property=\"og:url\" content=\"https:\/\/ariamedicalgroup.com\/es\/louise\" \/>\n<meta property=\"og:site_name\" content=\"Aria\" \/>\n<meta property=\"article:modified_time\" content=\"2023-03-08T08:37:19+00:00\" \/>\n<meta property=\"og:image\" content=\"https:\/\/ariamedicalgroup.com\/wp-content\/uploads\/2023\/03\/louise-new.jpg\" \/>\n<meta name=\"twitter:card\" content=\"summary_large_image\" \/>\n<meta name=\"twitter:label1\" content=\"Tiempo de lectura\" \/>\n\t<meta name=\"twitter:data1\" content=\"1 minuto\" \/>\n<script type=\"application\/ld+json\" class=\"yoast-schema-graph\">{\"@context\":\"https:\\\/\\\/schema.org\",\"@graph\":[{\"@type\":\"WebPage\",\"@id\":\"https:\\\/\\\/ariamedicalgroup.com\\\/es\\\/louise\",\"url\":\"https:\\\/\\\/ariamedicalgroup.com\\\/es\\\/louise\",\"name\":\"Louise - Aria\",\"isPartOf\":{\"@id\":\"https:\\\/\\\/ariamedicalgroup.com\\\/es#website\"},\"primaryImageOfPage\":{\"@id\":\"https:\\\/\\\/ariamedicalgroup.com\\\/es\\\/louise#primaryimage\"},\"image\":{\"@id\":\"https:\\\/\\\/ariamedicalgroup.com\\\/es\\\/louise#primaryimage\"},\"thumbnailUrl\":\"https:\\\/\\\/ariamedicalgroup.com\\\/wp-content\\\/uploads\\\/2023\\\/03\\\/louise-new.jpg\",\"datePublished\":\"2023-03-01T10:58:45+00:00\",\"dateModified\":\"2023-03-08T08:37:19+00:00\",\"breadcrumb\":{\"@id\":\"https:\\\/\\\/ariamedicalgroup.com\\\/es\\\/louise#breadcrumb\"},\"inLanguage\":\"es\",\"potentialAction\":[{\"@type\":\"ReadAction\",\"target\":[\"https:\\\/\\\/ariamedicalgroup.com\\\/es\\\/louise\"]}]},{\"@type\":\"ImageObject\",\"inLanguage\":\"es\",\"@id\":\"https:\\\/\\\/ariamedicalgroup.com\\\/es\\\/louise#primaryimage\",\"url\":\"https:\\\/\\\/ariamedicalgroup.com\\\/wp-content\\\/uploads\\\/2023\\\/03\\\/louise-new.jpg\",\"contentUrl\":\"https:\\\/\\\/ariamedicalgroup.com\\\/wp-content\\\/uploads\\\/2023\\\/03\\\/louise-new.jpg\"},{\"@type\":\"BreadcrumbList\",\"@id\":\"https:\\\/\\\/ariamedicalgroup.com\\\/es\\\/louise#breadcrumb\",\"itemListElement\":[{\"@type\":\"ListItem\",\"position\":1,\"name\":\"Home\",\"item\":\"https:\\\/\\\/ariamedicalgroup.com\\\/es\"},{\"@type\":\"ListItem\",\"position\":2,\"name\":\"Louise\"}]},{\"@type\":\"WebSite\",\"@id\":\"https:\\\/\\\/ariamedicalgroup.com\\\/es#website\",\"url\":\"https:\\\/\\\/ariamedicalgroup.com\\\/es\",\"name\":\"Aria\",\"description\":\"My WordPress Blog\",\"potentialAction\":[{\"@type\":\"SearchAction\",\"target\":{\"@type\":\"EntryPoint\",\"urlTemplate\":\"https:\\\/\\\/ariamedicalgroup.com\\\/es?s={search_term_string}\"},\"query-input\":{\"@type\":\"PropertyValueSpecification\",\"valueRequired\":true,\"valueName\":\"search_term_string\"}}],\"inLanguage\":\"es\"}]}<\/script>\n<!-- \/ Yoast SEO plugin. -->","yoast_head_json":{"title":"Louise - Aria","robots":{"index":"noindex","follow":"follow","max-snippet":"max-snippet:-1","max-image-preview":"max-image-preview:large","max-video-preview":"max-video-preview:-1"},"og_locale":"es_ES","og_type":"article","og_title":"Louise - Aria","og_description":"Louise Truelove Coordinadora Jefe de Pacientes Louise suele ser la primera persona con la que hablan los clientes de Aria Medical Group. Ella se encarga no solo de la buena gesti\u00f3n de las consultas, las operaciones, y los postoperatorios de nuestros clientes, sino tambi\u00e9n est\u00e1 siempre disponible en nuestras consultas privadas gratuitas. Louise tiene una [&hellip;]","og_url":"https:\/\/ariamedicalgroup.com\/es\/louise","og_site_name":"Aria","article_modified_time":"2023-03-08T08:37:19+00:00","og_image":[{"url":"https:\/\/ariamedicalgroup.com\/wp-content\/uploads\/2023\/03\/louise-new.jpg","type":"","width":"","height":""}],"twitter_card":"summary_large_image","twitter_misc":{"Tiempo de lectura":"1 minuto"},"schema":{"@context":"https:\/\/schema.org","@graph":[{"@type":"WebPage","@id":"https:\/\/ariamedicalgroup.com\/es\/louise","url":"https:\/\/ariamedicalgroup.com\/es\/louise","name":"Louise - Aria","isPartOf":{"@id":"https:\/\/ariamedicalgroup.com\/es#website"},"primaryImageOfPage":{"@id":"https:\/\/ariamedicalgroup.com\/es\/louise#primaryimage"},"image":{"@id":"https:\/\/ariamedicalgroup.com\/es\/louise#primaryimage"},"thumbnailUrl":"https:\/\/ariamedicalgroup.com\/wp-content\/uploads\/2023\/03\/louise-new.jpg","datePublished":"2023-03-01T10:58:45+00:00","dateModified":"2023-03-08T08:37:19+00:00","breadcrumb":{"@id":"https:\/\/ariamedicalgroup.com\/es\/louise#breadcrumb"},"inLanguage":"es","potentialAction":[{"@type":"ReadAction","target":["https:\/\/ariamedicalgroup.com\/es\/louise"]}]},{"@type":"ImageObject","inLanguage":"es","@id":"https:\/\/ariamedicalgroup.com\/es\/louise#primaryimage","url":"https:\/\/ariamedicalgroup.com\/wp-content\/uploads\/2023\/03\/louise-new.jpg","contentUrl":"https:\/\/ariamedicalgroup.com\/wp-content\/uploads\/2023\/03\/louise-new.jpg"},{"@type":"BreadcrumbList","@id":"https:\/\/ariamedicalgroup.com\/es\/louise#breadcrumb","itemListElement":[{"@type":"ListItem","position":1,"name":"Home","item":"https:\/\/ariamedicalgroup.com\/es"},{"@type":"ListItem","position":2,"name":"Louise"}]},{"@type":"WebSite","@id":"https:\/\/ariamedicalgroup.com\/es#website","url":"https:\/\/ariamedicalgroup.com\/es","name":"Aria","description":"My WordPress Blog","potentialAction":[{"@type":"SearchAction","target":{"@type":"EntryPoint","urlTemplate":"https:\/\/ariamedicalgroup.com\/es?s={search_term_string}"},"query-input":{"@type":"PropertyValueSpecification","valueRequired":true,"valueName":"search_term_string"}}],"inLanguage":"es"}]}},"_links":{"self":[{"href":"https:\/\/ariamedicalgroup.com\/es\/wp-json\/wp\/v2\/pages\/6057","targetHints":{"allow":["GET"]}}],"collection":[{"href":"https:\/\/ariamedicalgroup.com\/es\/wp-json\/wp\/v2\/pages"}],"about":[{"href":"https:\/\/ariamedicalgroup.com\/es\/wp-json\/wp\/v2\/types\/page"}],"author":[{"embeddable":true,"href":"https:\/\/ariamedicalgroup.com\/es\/wp-json\/wp\/v2\/users\/1"}],"replies":[{"embeddable":true,"href":"https:\/\/ariamedicalgroup.com\/es\/wp-json\/wp\/v2\/comments?post=6057"}],"version-history":[{"count":10,"href":"https:\/\/ariamedicalgroup.com\/es\/wp-json\/wp\/v2\/pages\/6057\/revisions"}],"predecessor-version":[{"id":6156,"href":"https:\/\/ariamedicalgroup.com\/es\/wp-json\/wp\/v2\/pages\/6057\/revisions\/6156"}],"wp:attachment":[{"href":"https:\/\/ariamedicalgroup.com\/es\/wp-json\/wp\/v2\/media?parent=6057"}],"curies":[{"name":"wp","href":"https:\/\/api.w.org\/{rel}","templated":true}]}}