{"id":6161,"date":"2023-03-08T08:40:43","date_gmt":"2023-03-08T08:40:43","guid":{"rendered":"https:\/\/ariamedicalgroup.com\/?page_id=6161"},"modified":"2023-03-08T08:44:02","modified_gmt":"2023-03-08T08:44:02","slug":"cuidados-postoperatorios","status":"publish","type":"page","link":"https:\/\/ariamedicalgroup.com\/es\/cuidados-postoperatorios","title":{"rendered":"Cuidados Postoperatorios"},"content":{"rendered":"<body>\t\t<div data-elementor-type=\"wp-page\" data-elementor-id=\"6161\" class=\"elementor elementor-6161\">\n\t\t\t\t\t\t<section class=\"elementor-section elementor-top-section elementor-element elementor-element-1c3c9c1 elementor-section-boxed elementor-section-height-default elementor-section-height-default qodef-elementor-content-no\" data-id=\"1c3c9c1\" data-element_type=\"section\" data-e-type=\"section\">\n\t\t\t\t\t\t<div class=\"elementor-container elementor-column-gap-default\">\n\t\t\t\t\t<div class=\"elementor-column elementor-col-50 elementor-top-column elementor-element elementor-element-77d3a36\" data-id=\"77d3a36\" data-element_type=\"column\" data-e-type=\"column\">\n\t\t\t<div class=\"elementor-widget-wrap elementor-element-populated\">\n\t\t\t\t\t\t<div class=\"elementor-element elementor-element-d871176 elementor-widget elementor-widget-image\" data-id=\"d871176\" data-element_type=\"widget\" data-e-type=\"widget\" data-widget_type=\"image.default\">\n\t\t\t\t<div class=\"elementor-widget-container\">\n\t\t\t\t\t\t\t\t\t\t\t\t\t\t\t<img loading=\"lazy\" decoding=\"async\" width=\"486\" height=\"613\" src=\"https:\/\/ariamedicalgroup.com\/wp-content\/uploads\/2023\/03\/tanya-2.jpg\" class=\"attachment-medium_large size-medium_large wp-image-6077\" alt=\"\" srcset=\"https:\/\/ariamedicalgroup.com\/wp-content\/uploads\/2023\/03\/tanya-2.jpg 486w, https:\/\/ariamedicalgroup.com\/wp-content\/uploads\/2023\/03\/tanya-2-238x300.jpg 238w\" sizes=\"auto, (max-width: 486px) 100vw, 486px\" loading=\"lazy\">\t\t\t\t\t\t\t\t\t\t\t\t\t\t\t<\/div>\n\t\t\t\t<\/div>\n\t\t\t\t\t<\/div>\n\t\t<\/div>\n\t\t\t\t<div class=\"elementor-column elementor-col-50 elementor-top-column elementor-element elementor-element-4c4127c\" data-id=\"4c4127c\" data-element_type=\"column\" data-e-type=\"column\">\n\t\t\t<div class=\"elementor-widget-wrap elementor-element-populated\">\n\t\t\t\t\t\t<div class=\"elementor-element elementor-element-2fad6d7 elementor-widget elementor-widget-qi_addons_for_elementor_section_title\" data-id=\"2fad6d7\" data-element_type=\"widget\" data-e-type=\"widget\" data-widget_type=\"qi_addons_for_elementor_section_title.default\">\n\t\t\t\t<div class=\"elementor-widget-container\">\n\t\t\t\t\t<div class=\"qodef-shortcode qodef-m qodef-qi-section-title qodef-decoration--italic qodef-link--underline-draw qodef-subtitle-icon--left\">\n\t\t\t<h2 class=\"qodef-m-title\">\n\t\tCuidados Postoperatorio\t<\/h2>\n\t\t\t\t\t\t<div class=\"qodef-m-text\"><p>Aria Medical Group se destaca por su personalizada atenci\u00f3n al cliente.<\/p><p>Nuestro servicio gratuito postoperatorio es una parte integral de nuestra cirug\u00eda est\u00e9tica.<\/p><p>Aria Medical Group cuenta con un programa personalizado de cuidados postoperatorios totalmente incluido en el precio de cada tratamiento de cirug\u00eda est\u00e9tica:<\/p><p>- Revisiones cl\u00ednicas postoperatorias en Madrid, Marbella y Gibraltar<\/p><p>- Consultas postoperatorias programadas a las 2 semanas, 4 semanas, 3 meses, 6 meses y 1 a\u00f1o.<\/p><p>- Consultas postoperatorias adicionales gratuitas en caso necesario<\/p><p>- Cirug\u00eda de revisi\u00f3n gratuita si es necesaria durante el primer a\u00f1o<\/p><p>- Tel\u00e9fono de asistencia 24 horas<\/p><p>La asistencia postoperatoria personalizada de Aria Medical Group es atendida por nuestro cualificado personal m\u00e9dico junto con nuestros amables y profesionales coordinadores de pacientes.<\/p><p>Rellene el formulario de contacto para obtener m\u00e1s informaci\u00f3n sobre los cuidados postoperatorios de Aria Medical Group o lea los testimonios de algunos de nuestros clientes.<\/p><\/div>\n\t<\/div>\n\t\t\t\t<\/div>\n\t\t\t\t<\/div>\n\t\t\t\t\t<\/div>\n\t\t<\/div>\n\t\t\t\t\t<\/div>\n\t\t<\/section>\n\t\t\t\t<section class=\"elementor-section elementor-top-section elementor-element elementor-element-6f69e55 elementor-section-boxed elementor-section-height-default elementor-section-height-default qodef-elementor-content-no\" data-id=\"6f69e55\" data-element_type=\"section\" data-e-type=\"section\">\n\t\t\t\t\t\t<div class=\"elementor-container elementor-column-gap-default\">\n\t\t\t\t\t<div class=\"elementor-column elementor-col-100 elementor-top-column elementor-element elementor-element-e6cae35\" data-id=\"e6cae35\" data-element_type=\"column\" data-e-type=\"column\">\n\t\t\t<div class=\"elementor-widget-wrap elementor-element-populated\">\n\t\t\t\t\t\t<div class=\"elementor-element elementor-element-42c3f2b elementor-widget elementor-widget-wp-widget-touchup_core_contact_form_7\" data-id=\"42c3f2b\" data-element_type=\"widget\" data-e-type=\"widget\" data-settings='{\"_animation\":\"none\",\"_animation_delay\":900}' data-widget_type=\"wp-widget-touchup_core_contact_form_7.default\">\n\t\t\t\t<div class=\"elementor-widget-container\">\n\t\t\t\t\t\t\t\t<div class=\"qodef-contact-form-7\">\n\t\t\t\t\n<div class=\"wpcf7 no-js\" id=\"wpcf7-f5618-o1\" lang=\"en-US\" dir=\"ltr\" data-wpcf7-id=\"5618\">\n<div class=\"screen-reader-response\"><p role=\"status\" aria-live=\"polite\" aria-atomic=\"true\"><\/p> <ul><\/ul><\/div>\n<form action=\"\/es\/wp-json\/wp\/v2\/pages\/6161#wpcf7-f5618-o1\" method=\"post\" class=\"wpcf7-form init\" aria-label=\"Contact form\" novalidate=\"novalidate\" data-status=\"init\">\n<fieldset class=\"hidden-fields-container\"><input type=\"hidden\" name=\"_wpcf7\" value=\"5618\"><input type=\"hidden\" name=\"_wpcf7_version\" value=\"6.1.5\"><input type=\"hidden\" name=\"_wpcf7_locale\" value=\"en_US\"><input type=\"hidden\" name=\"_wpcf7_unit_tag\" value=\"wpcf7-f5618-o1\"><input type=\"hidden\" name=\"_wpcf7_container_post\" value=\"0\"><input type=\"hidden\" name=\"_wpcf7_posted_data_hash\" value=\"\">\n<\/fieldset>\n<p class=\"form\">Nombre<span class=\"wpcf7-form-control-wrap\" data-name=\"your-name\"><input size=\"40\" maxlength=\"400\" class=\"wpcf7-form-control wpcf7-text wpcf7-validates-as-required\" aria-required=\"true\" aria-invalid=\"false\" placeholder=\"\" value=\"\" type=\"text\" name=\"your-name\"><\/span> <\/p>\n\n\n<p class=\"form\">Email<span class=\"wpcf7-form-control-wrap\" data-name=\"your-email\"><input size=\"40\" maxlength=\"400\" class=\"wpcf7-form-control wpcf7-email wpcf7-validates-as-required wpcf7-text wpcf7-validates-as-email\" aria-required=\"true\" aria-invalid=\"false\" placeholder=\"\" value=\"\" type=\"email\" name=\"your-email\"><\/span> <\/p>\n\n\n<p class=\"form\">Su N\u00famero de Tel\u00e9fono<span class=\"wpcf7-form-control-wrap\" data-name=\"your-subject\"><input size=\"40\" maxlength=\"400\" class=\"wpcf7-form-control wpcf7-text wpcf7-validates-as-required\" aria-required=\"true\" aria-invalid=\"false\" placeholder=\"\" value=\"\" type=\"text\" name=\"your-subject\"><\/span><\/p>\n\n<p class=\"form\">\u00bfQue Clinica?\n<span class=\"wpcf7-form-control-wrap\" data-name=\"checkbox-357\"><span class=\"wpcf7-form-control wpcf7-checkbox\"><span class=\"wpcf7-list-item first\"><label><input type=\"checkbox\" name=\"checkbox-357[]\" value=\"Madrid\"><span class=\"wpcf7-list-item-label\">Madrid<\/span><\/label><\/span><span class=\"wpcf7-list-item\"><label><input type=\"checkbox\" name=\"checkbox-357[]\" value=\"Marbella\"><span class=\"wpcf7-list-item-label\">Marbella<\/span><\/label><\/span><span class=\"wpcf7-list-item last\"><label><input type=\"checkbox\" name=\"checkbox-357[]\" value=\"Gibraltar\"><span class=\"wpcf7-list-item-label\">Gibraltar<\/span><\/label><\/span><\/span><\/span><\/p>\n\n<p class=\"form\">\u00bfQu\u00e9 tr\u00e1mite te interesa?<span class=\"wpcf7-form-control-wrap\" data-name=\"textarea-876\"><textarea cols=\"40\" rows=\"10\" maxlength=\"2000\" class=\"wpcf7-form-control wpcf7-textarea\" aria-invalid=\"false\" placeholder=\"\" name=\"textarea-876\"><\/textarea><\/span><\/p>\n\n<button class=\"wpcf7-form-control wpcf7-submit qodef-button qodef-size--normal qodef-type--filled qodef-m\" type=\"submit\"><span class=\"qodef-m-text\">Enviar<\/span><\/button><div class=\"wpcf7-response-output\" aria-hidden=\"true\"><\/div>\n<\/form>\n<\/div>\n\t\t\t<\/div>\n\t\t\t\t\t\t\t<\/div>\n\t\t\t\t<\/div>\n\t\t\t\t\t<\/div>\n\t\t<\/div>\n\t\t\t\t\t<\/div>\n\t\t<\/section>\n\t\t\t\t<\/div>\n\t\t<\/body>","protected":false},"excerpt":{"rendered":"<p>Cuidados Postoperatorio Aria Medical Group se destaca por su personalizada atenci\u00f3n al cliente. Nuestro servicio gratuito postoperatorio es una parte integral de nuestra cirug\u00eda est\u00e9tica. Aria Medical Group cuenta con un programa personalizado de cuidados postoperatorios totalmente incluido en el precio de cada tratamiento de cirug\u00eda est\u00e9tica: &#8211; Revisiones cl\u00ednicas postoperatorias en Madrid, Marbella y [&hellip;]<\/p>\n","protected":false},"author":1,"featured_media":0,"parent":0,"menu_order":0,"comment_status":"closed","ping_status":"closed","template":"","meta":{"footnotes":""},"class_list":["post-6161","page","type-page","status-publish","hentry"],"yoast_head":"<!-- This site is optimized with the Yoast SEO plugin v27.4 - https:\/\/yoast.com\/product\/yoast-seo-wordpress\/ -->\n<title>Cuidados Postoperatorios - Aria<\/title>\n<meta name=\"robots\" content=\"noindex, follow, max-snippet:-1, max-image-preview:large, max-video-preview:-1\" \/>\n<meta property=\"og:locale\" content=\"es_ES\" \/>\n<meta property=\"og:type\" content=\"article\" \/>\n<meta property=\"og:title\" content=\"Cuidados Postoperatorios - Aria\" \/>\n<meta property=\"og:description\" content=\"Cuidados Postoperatorio Aria Medical Group se destaca por su personalizada atenci\u00f3n al cliente. Nuestro servicio gratuito postoperatorio es una parte integral de nuestra cirug\u00eda est\u00e9tica. Aria Medical Group cuenta con un programa personalizado de cuidados postoperatorios totalmente incluido en el precio de cada tratamiento de cirug\u00eda est\u00e9tica: &#8211; Revisiones cl\u00ednicas postoperatorias en Madrid, Marbella y [&hellip;]\" \/>\n<meta property=\"og:url\" content=\"https:\/\/ariamedicalgroup.com\/es\/cuidados-postoperatorios\" \/>\n<meta property=\"og:site_name\" content=\"Aria\" \/>\n<meta property=\"article:modified_time\" content=\"2023-03-08T08:44:02+00:00\" \/>\n<meta property=\"og:image\" content=\"https:\/\/ariamedicalgroup.com\/wp-content\/uploads\/2023\/03\/tanya-2.jpg\" \/>\n<meta name=\"twitter:card\" content=\"summary_large_image\" \/>\n<meta name=\"twitter:label1\" content=\"Tiempo de lectura\" \/>\n\t<meta name=\"twitter:data1\" content=\"1 minuto\" \/>\n<script type=\"application\/ld+json\" class=\"yoast-schema-graph\">{\"@context\":\"https:\\\/\\\/schema.org\",\"@graph\":[{\"@type\":\"WebPage\",\"@id\":\"https:\\\/\\\/ariamedicalgroup.com\\\/es\\\/cuidados-postoperatorios\",\"url\":\"https:\\\/\\\/ariamedicalgroup.com\\\/es\\\/cuidados-postoperatorios\",\"name\":\"Cuidados Postoperatorios - Aria\",\"isPartOf\":{\"@id\":\"https:\\\/\\\/ariamedicalgroup.com\\\/es#website\"},\"primaryImageOfPage\":{\"@id\":\"https:\\\/\\\/ariamedicalgroup.com\\\/es\\\/cuidados-postoperatorios#primaryimage\"},\"image\":{\"@id\":\"https:\\\/\\\/ariamedicalgroup.com\\\/es\\\/cuidados-postoperatorios#primaryimage\"},\"thumbnailUrl\":\"https:\\\/\\\/ariamedicalgroup.com\\\/wp-content\\\/uploads\\\/2023\\\/03\\\/tanya-2.jpg\",\"datePublished\":\"2023-03-08T08:40:43+00:00\",\"dateModified\":\"2023-03-08T08:44:02+00:00\",\"breadcrumb\":{\"@id\":\"https:\\\/\\\/ariamedicalgroup.com\\\/es\\\/cuidados-postoperatorios#breadcrumb\"},\"inLanguage\":\"es\",\"potentialAction\":[{\"@type\":\"ReadAction\",\"target\":[\"https:\\\/\\\/ariamedicalgroup.com\\\/es\\\/cuidados-postoperatorios\"]}]},{\"@type\":\"ImageObject\",\"inLanguage\":\"es\",\"@id\":\"https:\\\/\\\/ariamedicalgroup.com\\\/es\\\/cuidados-postoperatorios#primaryimage\",\"url\":\"https:\\\/\\\/ariamedicalgroup.com\\\/wp-content\\\/uploads\\\/2023\\\/03\\\/tanya-2.jpg\",\"contentUrl\":\"https:\\\/\\\/ariamedicalgroup.com\\\/wp-content\\\/uploads\\\/2023\\\/03\\\/tanya-2.jpg\"},{\"@type\":\"BreadcrumbList\",\"@id\":\"https:\\\/\\\/ariamedicalgroup.com\\\/es\\\/cuidados-postoperatorios#breadcrumb\",\"itemListElement\":[{\"@type\":\"ListItem\",\"position\":1,\"name\":\"Home\",\"item\":\"https:\\\/\\\/ariamedicalgroup.com\\\/es\"},{\"@type\":\"ListItem\",\"position\":2,\"name\":\"Cuidados Postoperatorios\"}]},{\"@type\":\"WebSite\",\"@id\":\"https:\\\/\\\/ariamedicalgroup.com\\\/es#website\",\"url\":\"https:\\\/\\\/ariamedicalgroup.com\\\/es\",\"name\":\"Aria\",\"description\":\"My WordPress Blog\",\"potentialAction\":[{\"@type\":\"SearchAction\",\"target\":{\"@type\":\"EntryPoint\",\"urlTemplate\":\"https:\\\/\\\/ariamedicalgroup.com\\\/es?s={search_term_string}\"},\"query-input\":{\"@type\":\"PropertyValueSpecification\",\"valueRequired\":true,\"valueName\":\"search_term_string\"}}],\"inLanguage\":\"es\"}]}<\/script>\n<!-- \/ Yoast SEO plugin. -->","yoast_head_json":{"title":"Cuidados Postoperatorios - Aria","robots":{"index":"noindex","follow":"follow","max-snippet":"max-snippet:-1","max-image-preview":"max-image-preview:large","max-video-preview":"max-video-preview:-1"},"og_locale":"es_ES","og_type":"article","og_title":"Cuidados Postoperatorios - Aria","og_description":"Cuidados Postoperatorio Aria Medical Group se destaca por su personalizada atenci\u00f3n al cliente. Nuestro servicio gratuito postoperatorio es una parte integral de nuestra cirug\u00eda est\u00e9tica. Aria Medical Group cuenta con un programa personalizado de cuidados postoperatorios totalmente incluido en el precio de cada tratamiento de cirug\u00eda est\u00e9tica: &#8211; Revisiones cl\u00ednicas postoperatorias en Madrid, Marbella y [&hellip;]","og_url":"https:\/\/ariamedicalgroup.com\/es\/cuidados-postoperatorios","og_site_name":"Aria","article_modified_time":"2023-03-08T08:44:02+00:00","og_image":[{"url":"https:\/\/ariamedicalgroup.com\/wp-content\/uploads\/2023\/03\/tanya-2.jpg","type":"","width":"","height":""}],"twitter_card":"summary_large_image","twitter_misc":{"Tiempo de lectura":"1 minuto"},"schema":{"@context":"https:\/\/schema.org","@graph":[{"@type":"WebPage","@id":"https:\/\/ariamedicalgroup.com\/es\/cuidados-postoperatorios","url":"https:\/\/ariamedicalgroup.com\/es\/cuidados-postoperatorios","name":"Cuidados Postoperatorios - Aria","isPartOf":{"@id":"https:\/\/ariamedicalgroup.com\/es#website"},"primaryImageOfPage":{"@id":"https:\/\/ariamedicalgroup.com\/es\/cuidados-postoperatorios#primaryimage"},"image":{"@id":"https:\/\/ariamedicalgroup.com\/es\/cuidados-postoperatorios#primaryimage"},"thumbnailUrl":"https:\/\/ariamedicalgroup.com\/wp-content\/uploads\/2023\/03\/tanya-2.jpg","datePublished":"2023-03-08T08:40:43+00:00","dateModified":"2023-03-08T08:44:02+00:00","breadcrumb":{"@id":"https:\/\/ariamedicalgroup.com\/es\/cuidados-postoperatorios#breadcrumb"},"inLanguage":"es","potentialAction":[{"@type":"ReadAction","target":["https:\/\/ariamedicalgroup.com\/es\/cuidados-postoperatorios"]}]},{"@type":"ImageObject","inLanguage":"es","@id":"https:\/\/ariamedicalgroup.com\/es\/cuidados-postoperatorios#primaryimage","url":"https:\/\/ariamedicalgroup.com\/wp-content\/uploads\/2023\/03\/tanya-2.jpg","contentUrl":"https:\/\/ariamedicalgroup.com\/wp-content\/uploads\/2023\/03\/tanya-2.jpg"},{"@type":"BreadcrumbList","@id":"https:\/\/ariamedicalgroup.com\/es\/cuidados-postoperatorios#breadcrumb","itemListElement":[{"@type":"ListItem","position":1,"name":"Home","item":"https:\/\/ariamedicalgroup.com\/es"},{"@type":"ListItem","position":2,"name":"Cuidados Postoperatorios"}]},{"@type":"WebSite","@id":"https:\/\/ariamedicalgroup.com\/es#website","url":"https:\/\/ariamedicalgroup.com\/es","name":"Aria","description":"My WordPress Blog","potentialAction":[{"@type":"SearchAction","target":{"@type":"EntryPoint","urlTemplate":"https:\/\/ariamedicalgroup.com\/es?s={search_term_string}"},"query-input":{"@type":"PropertyValueSpecification","valueRequired":true,"valueName":"search_term_string"}}],"inLanguage":"es"}]}},"_links":{"self":[{"href":"https:\/\/ariamedicalgroup.com\/es\/wp-json\/wp\/v2\/pages\/6161","targetHints":{"allow":["GET"]}}],"collection":[{"href":"https:\/\/ariamedicalgroup.com\/es\/wp-json\/wp\/v2\/pages"}],"about":[{"href":"https:\/\/ariamedicalgroup.com\/es\/wp-json\/wp\/v2\/types\/page"}],"author":[{"embeddable":true,"href":"https:\/\/ariamedicalgroup.com\/es\/wp-json\/wp\/v2\/users\/1"}],"replies":[{"embeddable":true,"href":"https:\/\/ariamedicalgroup.com\/es\/wp-json\/wp\/v2\/comments?post=6161"}],"version-history":[{"count":5,"href":"https:\/\/ariamedicalgroup.com\/es\/wp-json\/wp\/v2\/pages\/6161\/revisions"}],"predecessor-version":[{"id":6166,"href":"https:\/\/ariamedicalgroup.com\/es\/wp-json\/wp\/v2\/pages\/6161\/revisions\/6166"}],"wp:attachment":[{"href":"https:\/\/ariamedicalgroup.com\/es\/wp-json\/wp\/v2\/media?parent=6161"}],"curies":[{"name":"wp","href":"https:\/\/api.w.org\/{rel}","templated":true}]}}